{"id":982,"date":"2025-03-07T12:16:35","date_gmt":"2025-03-07T11:16:35","guid":{"rendered":"http:\/\/localhost\/tvg-pub\/?post_type=product&#038;p=982"},"modified":"2026-04-18T03:36:44","modified_gmt":"2026-04-18T01:36:44","slug":"tableaux-personnalise-pour-decoration","status":"publish","type":"product","link":"https:\/\/tvgpub.com\/index.php\/produit\/tableaux-personnalise-pour-decoration\/","title":{"rendered":"Tableaux personnalis\u00e9"},"content":{"rendered":"<h2 class=\"whitespace-pre-wrap break-words\">Tableau Personnalis\u00e9 pour d\u00e9coration | Supports de Pr\u00e9sentation Moderne<\/h2>\n<p class=\"whitespace-pre-wrap break-words\"><strong><span style=\"color: #000080;\">TVG-Pub<\/span><\/strong> offre\u00a0 Tableau Personnalis\u00e9 pour d\u00e9coration en trois supports de pr\u00e9sentation, qui repr\u00e9sentent une solution \u00e0 la fois design et polyvalente pour la communication visuelle, Con\u00e7us avec une attention m\u00e9ticuleuse aux d\u00e9tails, ces cadres allient parfaitement esth\u00e9tisme et utilit\u00e9.<\/p>\n<p class=\"whitespace-pre-wrap break-words\">En effet, TVG personnalise chaque tableau en fonction des besoins et des pr\u00e9f\u00e9rences du client, ce qui permet de cr\u00e9er une d\u00e9coration unique qui refl\u00e8te son style personnel. Que ce soit pour un usage professionnel ou d\u00e9coratif, ces supports s&rsquo;int\u00e8grent harmonieusement dans n&rsquo;importe quel espace.<\/p>\n<p class=\"whitespace-pre-wrap break-words\">De plus, l&rsquo;\u00e9l\u00e9gance minimaliste qui caract\u00e9rise ces cadres se combine \u00e0 une fonctionnalit\u00e9 moderne, offrant une solution id\u00e9ale pour tous ceux qui recherchent une mani\u00e8re simple mais raffin\u00e9e de communiquer visuellement leurs messages ou de personnaliser leur int\u00e9rieur.<\/p>\n<p class=\"whitespace-pre-wrap break-words\">Ainsi, TVG r\u00e9pond \u00e0 une demande croissante de personnalisation tout en conservant des standards de qualit\u00e9 et de design.<\/p>\n<h3 class=\"text-xl font-bold text-text-200 mt-1 -mb-0.5\"><span style=\"color: #000080;\">Dimensions et Formats<\/span><\/h3>\n<p class=\"whitespace-pre-wrap break-words\">Nos tableaux personnalis\u00e9s sont disponibles en deux formats soigneusement \u00e9tudi\u00e9s pour s&rsquo;adapter \u00e0 tous les espaces et besoins :<\/p>\n<h4 class=\"text-lg font-bold text-text-200 mt-1 -mb-1.5\">Format Compact : <span style=\"color: #800000;\">50 cm x 70 cm<\/span><\/h4>\n<ul class=\"[&amp;:not(:last-child)_ul]:pb-1 [&amp;:not(:last-child)_ol]:pb-1 list-disc space-y-1.5 pl-7\">\n<li class=\"whitespace-normal break-words\">Id\u00e9al pour les petits espaces<\/li>\n<li class=\"whitespace-normal break-words\">Parfait comme \u00e9l\u00e9ment d\u00e9coratif discret<\/li>\n<li class=\"whitespace-normal break-words\">Solution d\u00e9coration pour appartements, bureaux, chambres<\/li>\n<\/ul>\n<h4 class=\"text-lg font-bold text-text-200 mt-1 -mb-1.5\">Format Large : <span style=\"color: #800000;\">60 cm x 80 cm<\/span><\/h4>\n<ul class=\"[&amp;:not(:last-child)_ul]:pb-1 [&amp;:not(:last-child)_ol]:pb-1 list-disc space-y-1.5 pl-7\">\n<li class=\"whitespace-normal break-words\">Adapt\u00e9 aux grands espaces<\/li>\n<li class=\"whitespace-normal break-words\">Impact visuel plus important<\/li>\n<li class=\"whitespace-normal break-words\">Recommand\u00e9 pour salons, espaces de r\u00e9ception, zones de d\u00e9tente<\/li>\n<\/ul>\n","protected":false},"excerpt":{"rendered":"<div class=\"font-claude-message relative leading-[1.65rem] [&amp;_pre&gt;div]:bg-bg-300 [&amp;_.ignore-pre-bg&gt;div]:bg-transparent [&amp;&gt;div&gt;div&gt;:is(p,ul,ol)]:pr-4 md:[&amp;&gt;div&gt;div&gt;:is(p,ul,ol)]:pr-8\" style=\"box-sizing: border-box; border-image: initial; --tw-border-spacing-x: 0; --tw-border-spacing-y: 0; --tw-translate-x: 0; --tw-translate-y: 0; --tw-rotate: 0; --tw-skew-x: 0; --tw-skew-y: 0; --tw-scale-x: 1; --tw-scale-y: 1; --tw-scroll-snap-strictness: proximity; --tw-ring-offset-width: 0px; --tw-ring-offset-color: #fff; --tw-ring-color: hsl(var(--accent-secondary-100)\/1); --tw-ring-offset-shadow: 0 0 #0000; --tw-ring-shadow: 0 0 #0000; --tw-shadow: 0 0 #0000; --tw-shadow-colored: 0 0 #0000; outline-color: hsl(var(--accent-main-100)); scrollbar-color: hsl(var(--border-300)\/.8) transparent; position: relative; line-height: 1.65rem; font-family: var(--font-claude-message); border: 0px solid hsl(var(--border-100));\">\n<div>\n<div class=\"grid-cols-1 grid gap-2.5 [&amp;_&gt;_*]:min-w-0\" style=\"box-sizing: border-box; border-image: initial; --tw-border-spacing-x: 0; --tw-border-spacing-y: 0; --tw-translate-x: 0; --tw-translate-y: 0; --tw-rotate: 0; --tw-skew-x: 0; --tw-skew-y: 0; --tw-scale-x: 1; --tw-scale-y: 1; --tw-scroll-snap-strictness: proximity; --tw-ring-offset-width: 0px; --tw-ring-offset-color: #fff; --tw-ring-color: hsl(var(--accent-secondary-100)\/1); --tw-ring-offset-shadow: 0 0 #0000; --tw-ring-shadow: 0 0 #0000; --tw-shadow: 0 0 #0000; --tw-shadow-colored: 0 0 #0000; outline-color: hsl(var(--accent-main-100)); scrollbar-color: hsl(var(--border-300)\/.8) transparent; display: grid; grid-template-columns: repeat(1, minmax(0px, 1fr)); gap: 0.625rem; border: 0px solid hsl(var(--border-100));\">\n<h3 class=\"whitespace-pre-wrap break-words\"><strong>Supports de Pr\u00e9sentation \u00c9l\u00e9gants pour l&rsquo;Agence TVG<\/strong><\/h3>\n<p class=\"whitespace-pre-wrap break-words\">Chez <span style=\"color: #000080;\"><strong>TVG-Pub<\/strong> <\/span>vous trouver trois cadres en bois aux formes g\u00e9om\u00e9triques distinctes &#8211; un cercle, un losange et un rectangle aux coins arrondis. Ces supports de pr\u00e9sentation refl\u00e8tent un design minimaliste, parfaitement adapt\u00e9s aux besoins visuelle. Leurs surfaces blanches attendent d&rsquo;\u00eatre personnalis\u00e9es !<\/p>\n<\/div>\n<\/div>\n<\/div>\n<div class=\"absolute -bottom-0 -right-1.5\">\n<div class=\"border-0.5 border-border-300 flex items-center translate-y-1\/2 rounded-lg shadow-sm transition bg-bg-000 p-1\">\n<div class=\"text-text-300 flex items-stretch justify-between gap-0.5\">\n<div><\/div>\n<div class=\"flex gap-0.5\"><\/div>\n<div class=\"flex items-center gap-0.5\"><\/div>\n<\/div>\n<\/div>\n<\/div>\n","protected":false},"featured_media":4146,"comment_status":"open","ping_status":"closed","template":"","meta":{"site-sidebar-layout":"default","site-content-layout":"","ast-site-content-layout":"default","site-content-style":"default","site-sidebar-style":"default","ast-global-header-display":"","ast-banner-title-visibility":"","ast-main-header-display":"disabled","ast-hfb-above-header-display":"","ast-hfb-below-header-display":"","ast-hfb-mobile-header-display":"disabled","site-post-title":"","ast-breadcrumbs-content":"disabled","ast-featured-img":"","footer-sml-layout":"","theme-transparent-header-meta":"default","adv-header-id-meta":"","stick-header-meta":"","header-above-stick-meta":"","header-main-stick-meta":"","header-below-stick-meta":"","astra-migrate-meta-layouts":"set","ast-page-background-enabled":"default","ast-page-background-meta":{"desktop":{"background-color":"var(--ast-global-color-5)","background-image":"","background-repeat":"repeat","background-position":"center center","background-size":"auto","background-attachment":"scroll","background-type":"","background-media":"","overlay-type":"","overlay-color":"","overlay-opacity":"","overlay-gradient":""},"tablet":{"background-color":"","background-image":"","background-repeat":"repeat","background-position":"center center","background-size":"auto","background-attachment":"scroll","background-type":"","background-media":"","overlay-type":"","overlay-color":"","overlay-opacity":"","overlay-gradient":""},"mobile":{"background-color":"","background-image":"","background-repeat":"repeat","background-position":"center center","background-size":"auto","background-attachment":"scroll","background-type":"","background-media":"","overlay-type":"","overlay-color":"","overlay-opacity":"","overlay-gradient":""}},"ast-content-background-meta":{"desktop":{"background-color":"var(--ast-global-color-4)","background-image":"","background-repeat":"repeat","background-position":"center center","background-size":"auto","background-attachment":"scroll","background-type":"","background-media":"","overlay-type":"","overlay-color":"","overlay-opacity":"","overlay-gradient":""},"tablet":{"background-color":"var(--ast-global-color-4)","background-image":"","background-repeat":"repeat","background-position":"center center","background-size":"auto","background-attachment":"scroll","background-type":"","background-media":"","overlay-type":"","overlay-color":"","overlay-opacity":"","overlay-gradient":""},"mobile":{"background-color":"var(--ast-global-color-4)","background-image":"","background-repeat":"repeat","background-position":"center center","background-size":"auto","background-attachment":"scroll","background-type":"","background-media":"","overlay-type":"","overlay-color":"","overlay-opacity":"","overlay-gradient":""}},"_joinchat":[]},"product_brand":[],"product_cat":[65],"product_tag":[43],"class_list":{"0":"post-982","1":"product","2":"type-product","3":"status-publish","4":"has-post-thumbnail","6":"product_cat-tableau","7":"product_tag-personnalise","8":"desktop-align-center","9":"tablet-align-left","10":"mobile-align-left","12":"first","13":"instock","14":"taxable","15":"shipping-taxable","16":"purchasable","17":"product-type-variable"},"yoast_head":"<!-- This site is optimized with the Yoast SEO plugin v25.3 - https:\/\/yoast.com\/wordpress\/plugins\/seo\/ -->\n<title>Tableau Personnalis\u00e9 pour d\u00e9coration chez TVG-Pub<\/title>\n<meta name=\"description\" content=\"Chez TVG-Pub, peuvent cr\u00e9er Tableau Personnalis\u00e9 pour d\u00e9coration \u00e9l\u00e9gant, unique et sur mesurequi refl\u00e8tent leur culture et leurs souvenirs.\" \/>\n<meta name=\"robots\" content=\"index, follow, max-snippet:-1, max-image-preview:large, max-video-preview:-1\" \/>\n<link rel=\"canonical\" href=\"https:\/\/tvgpub.com\/index.php\/produit\/tableaux-personnalise-pour-decoration\/\" \/>\n<meta property=\"og:locale\" content=\"fr_FR\" \/>\n<meta property=\"og:type\" content=\"article\" \/>\n<meta property=\"og:title\" content=\"Tableau Personnalis\u00e9 pour d\u00e9coration chez TVG-Pub\" \/>\n<meta property=\"og:description\" content=\"Chez TVG-Pub, peuvent cr\u00e9er Tableau Personnalis\u00e9 pour d\u00e9coration \u00e9l\u00e9gant, unique et sur mesurequi refl\u00e8tent leur culture et leurs souvenirs.\" \/>\n<meta property=\"og:url\" content=\"https:\/\/tvgpub.com\/index.php\/produit\/tableaux-personnalise-pour-decoration\/\" \/>\n<meta property=\"article:publisher\" content=\"https:\/\/www.facebook.com\/profile.php?id=100054654241442\" \/>\n<meta property=\"article:modified_time\" content=\"2026-04-18T01:36:44+00:00\" \/>\n<meta property=\"og:image\" content=\"https:\/\/tvgpub.com\/wp-content\/uploads\/2025\/03\/87.jpg\" \/>\n\t<meta property=\"og:image:width\" content=\"1080\" \/>\n\t<meta property=\"og:image:height\" content=\"1080\" \/>\n\t<meta property=\"og:image:type\" content=\"image\/jpeg\" \/>\n<meta name=\"twitter:card\" content=\"summary_large_image\" \/>\n<meta name=\"twitter:label1\" content=\"Dur\u00e9e de lecture estim\u00e9e\" \/>\n\t<meta name=\"twitter:data1\" content=\"2 minutes\" \/>\n<script type=\"application\/ld+json\" class=\"yoast-schema-graph\">{\"@context\":\"https:\/\/schema.org\",\"@graph\":[{\"@type\":\"WebPage\",\"@id\":\"https:\/\/tvgpub.com\/index.php\/produit\/tableaux-personnalise-pour-decoration\/\",\"url\":\"https:\/\/tvgpub.com\/index.php\/produit\/tableaux-personnalise-pour-decoration\/\",\"name\":\"Tableau Personnalis\u00e9 pour d\u00e9coration chez TVG-Pub\",\"isPartOf\":{\"@id\":\"https:\/\/tvgpub.com\/#website\"},\"primaryImageOfPage\":{\"@id\":\"https:\/\/tvgpub.com\/index.php\/produit\/tableaux-personnalise-pour-decoration\/#primaryimage\"},\"image\":{\"@id\":\"https:\/\/tvgpub.com\/index.php\/produit\/tableaux-personnalise-pour-decoration\/#primaryimage\"},\"thumbnailUrl\":\"https:\/\/tvgpub.com\/wp-content\/uploads\/2025\/03\/87.jpg\",\"datePublished\":\"2025-03-07T11:16:35+00:00\",\"dateModified\":\"2026-04-18T01:36:44+00:00\",\"description\":\"Chez TVG-Pub, peuvent cr\u00e9er Tableau Personnalis\u00e9 pour d\u00e9coration \u00e9l\u00e9gant, unique et sur mesurequi refl\u00e8tent leur culture et leurs souvenirs.\",\"breadcrumb\":{\"@id\":\"https:\/\/tvgpub.com\/index.php\/produit\/tableaux-personnalise-pour-decoration\/#breadcrumb\"},\"inLanguage\":\"fr-FR\",\"potentialAction\":[{\"@type\":\"ReadAction\",\"target\":[\"https:\/\/tvgpub.com\/index.php\/produit\/tableaux-personnalise-pour-decoration\/\"]}]},{\"@type\":\"ImageObject\",\"inLanguage\":\"fr-FR\",\"@id\":\"https:\/\/tvgpub.com\/index.php\/produit\/tableaux-personnalise-pour-decoration\/#primaryimage\",\"url\":\"https:\/\/tvgpub.com\/wp-content\/uploads\/2025\/03\/87.jpg\",\"contentUrl\":\"https:\/\/tvgpub.com\/wp-content\/uploads\/2025\/03\/87.jpg\",\"width\":1080,\"height\":1080,\"caption\":\"Tableau Personnalis\u00e9 pour d\u00e9coration\"},{\"@type\":\"BreadcrumbList\",\"@id\":\"https:\/\/tvgpub.com\/index.php\/produit\/tableaux-personnalise-pour-decoration\/#breadcrumb\",\"itemListElement\":[{\"@type\":\"ListItem\",\"position\":1,\"name\":\"Accueil\",\"item\":\"https:\/\/tvgpub.com\/\"},{\"@type\":\"ListItem\",\"position\":2,\"name\":\"Produits personnalis\u00e9\",\"item\":\"https:\/\/tvgpub.com\/index.php\/produit-population-tunisie\/\"},{\"@type\":\"ListItem\",\"position\":3,\"name\":\"Tableaux personnalis\u00e9\"}]},{\"@type\":\"WebSite\",\"@id\":\"https:\/\/tvgpub.com\/#website\",\"url\":\"https:\/\/tvgpub.com\/\",\"name\":\"tvg-pub\",\"description\":\"\",\"publisher\":{\"@id\":\"https:\/\/tvgpub.com\/#organization\"},\"potentialAction\":[{\"@type\":\"SearchAction\",\"target\":{\"@type\":\"EntryPoint\",\"urlTemplate\":\"https:\/\/tvgpub.com\/?s={search_term_string}\"},\"query-input\":{\"@type\":\"PropertyValueSpecification\",\"valueRequired\":true,\"valueName\":\"search_term_string\"}}],\"inLanguage\":\"fr-FR\"},{\"@type\":\"Organization\",\"@id\":\"https:\/\/tvgpub.com\/#organization\",\"name\":\"tvg-pub\",\"url\":\"https:\/\/tvgpub.com\/\",\"logo\":{\"@type\":\"ImageObject\",\"inLanguage\":\"fr-FR\",\"@id\":\"https:\/\/tvgpub.com\/#\/schema\/logo\/image\/\",\"url\":\"https:\/\/tvgpub.com\/wp-content\/uploads\/2025\/02\/received_1260973734993693-removebg-preview.png\",\"contentUrl\":\"https:\/\/tvgpub.com\/wp-content\/uploads\/2025\/02\/received_1260973734993693-removebg-preview.png\",\"width\":621,\"height\":402,\"caption\":\"tvg-pub\"},\"image\":{\"@id\":\"https:\/\/tvgpub.com\/#\/schema\/logo\/image\/\"},\"sameAs\":[\"https:\/\/www.facebook.com\/profile.php?id=100054654241442\"]}]}<\/script>\n<!-- \/ Yoast SEO plugin. -->","yoast_head_json":{"title":"Tableau Personnalis\u00e9 pour d\u00e9coration chez TVG-Pub","description":"Chez TVG-Pub, peuvent cr\u00e9er Tableau Personnalis\u00e9 pour d\u00e9coration \u00e9l\u00e9gant, unique et sur mesurequi refl\u00e8tent leur culture et leurs souvenirs.","robots":{"index":"index","follow":"follow","max-snippet":"max-snippet:-1","max-image-preview":"max-image-preview:large","max-video-preview":"max-video-preview:-1"},"canonical":"https:\/\/tvgpub.com\/index.php\/produit\/tableaux-personnalise-pour-decoration\/","og_locale":"fr_FR","og_type":"article","og_title":"Tableau Personnalis\u00e9 pour d\u00e9coration chez TVG-Pub","og_description":"Chez TVG-Pub, peuvent cr\u00e9er Tableau Personnalis\u00e9 pour d\u00e9coration \u00e9l\u00e9gant, unique et sur mesurequi refl\u00e8tent leur culture et leurs souvenirs.","og_url":"https:\/\/tvgpub.com\/index.php\/produit\/tableaux-personnalise-pour-decoration\/","article_publisher":"https:\/\/www.facebook.com\/profile.php?id=100054654241442","article_modified_time":"2026-04-18T01:36:44+00:00","og_image":[{"width":1080,"height":1080,"url":"https:\/\/tvgpub.com\/wp-content\/uploads\/2025\/03\/87.jpg","type":"image\/jpeg"}],"twitter_card":"summary_large_image","twitter_misc":{"Dur\u00e9e de lecture estim\u00e9e":"2 minutes"},"schema":{"@context":"https:\/\/schema.org","@graph":[{"@type":"WebPage","@id":"https:\/\/tvgpub.com\/index.php\/produit\/tableaux-personnalise-pour-decoration\/","url":"https:\/\/tvgpub.com\/index.php\/produit\/tableaux-personnalise-pour-decoration\/","name":"Tableau Personnalis\u00e9 pour d\u00e9coration chez TVG-Pub","isPartOf":{"@id":"https:\/\/tvgpub.com\/#website"},"primaryImageOfPage":{"@id":"https:\/\/tvgpub.com\/index.php\/produit\/tableaux-personnalise-pour-decoration\/#primaryimage"},"image":{"@id":"https:\/\/tvgpub.com\/index.php\/produit\/tableaux-personnalise-pour-decoration\/#primaryimage"},"thumbnailUrl":"https:\/\/tvgpub.com\/wp-content\/uploads\/2025\/03\/87.jpg","datePublished":"2025-03-07T11:16:35+00:00","dateModified":"2026-04-18T01:36:44+00:00","description":"Chez TVG-Pub, peuvent cr\u00e9er Tableau Personnalis\u00e9 pour d\u00e9coration \u00e9l\u00e9gant, unique et sur mesurequi refl\u00e8tent leur culture et leurs souvenirs.","breadcrumb":{"@id":"https:\/\/tvgpub.com\/index.php\/produit\/tableaux-personnalise-pour-decoration\/#breadcrumb"},"inLanguage":"fr-FR","potentialAction":[{"@type":"ReadAction","target":["https:\/\/tvgpub.com\/index.php\/produit\/tableaux-personnalise-pour-decoration\/"]}]},{"@type":"ImageObject","inLanguage":"fr-FR","@id":"https:\/\/tvgpub.com\/index.php\/produit\/tableaux-personnalise-pour-decoration\/#primaryimage","url":"https:\/\/tvgpub.com\/wp-content\/uploads\/2025\/03\/87.jpg","contentUrl":"https:\/\/tvgpub.com\/wp-content\/uploads\/2025\/03\/87.jpg","width":1080,"height":1080,"caption":"Tableau Personnalis\u00e9 pour d\u00e9coration"},{"@type":"BreadcrumbList","@id":"https:\/\/tvgpub.com\/index.php\/produit\/tableaux-personnalise-pour-decoration\/#breadcrumb","itemListElement":[{"@type":"ListItem","position":1,"name":"Accueil","item":"https:\/\/tvgpub.com\/"},{"@type":"ListItem","position":2,"name":"Produits personnalis\u00e9","item":"https:\/\/tvgpub.com\/index.php\/produit-population-tunisie\/"},{"@type":"ListItem","position":3,"name":"Tableaux personnalis\u00e9"}]},{"@type":"WebSite","@id":"https:\/\/tvgpub.com\/#website","url":"https:\/\/tvgpub.com\/","name":"tvg-pub","description":"","publisher":{"@id":"https:\/\/tvgpub.com\/#organization"},"potentialAction":[{"@type":"SearchAction","target":{"@type":"EntryPoint","urlTemplate":"https:\/\/tvgpub.com\/?s={search_term_string}"},"query-input":{"@type":"PropertyValueSpecification","valueRequired":true,"valueName":"search_term_string"}}],"inLanguage":"fr-FR"},{"@type":"Organization","@id":"https:\/\/tvgpub.com\/#organization","name":"tvg-pub","url":"https:\/\/tvgpub.com\/","logo":{"@type":"ImageObject","inLanguage":"fr-FR","@id":"https:\/\/tvgpub.com\/#\/schema\/logo\/image\/","url":"https:\/\/tvgpub.com\/wp-content\/uploads\/2025\/02\/received_1260973734993693-removebg-preview.png","contentUrl":"https:\/\/tvgpub.com\/wp-content\/uploads\/2025\/02\/received_1260973734993693-removebg-preview.png","width":621,"height":402,"caption":"tvg-pub"},"image":{"@id":"https:\/\/tvgpub.com\/#\/schema\/logo\/image\/"},"sameAs":["https:\/\/www.facebook.com\/profile.php?id=100054654241442"]}]}},"_links":{"self":[{"href":"https:\/\/tvgpub.com\/index.php\/wp-json\/wp\/v2\/product\/982","targetHints":{"allow":["GET"]}}],"collection":[{"href":"https:\/\/tvgpub.com\/index.php\/wp-json\/wp\/v2\/product"}],"about":[{"href":"https:\/\/tvgpub.com\/index.php\/wp-json\/wp\/v2\/types\/product"}],"replies":[{"embeddable":true,"href":"https:\/\/tvgpub.com\/index.php\/wp-json\/wp\/v2\/comments?post=982"}],"wp:featuredmedia":[{"embeddable":true,"href":"https:\/\/tvgpub.com\/index.php\/wp-json\/wp\/v2\/media\/4146"}],"wp:attachment":[{"href":"https:\/\/tvgpub.com\/index.php\/wp-json\/wp\/v2\/media?parent=982"}],"wp:term":[{"taxonomy":"product_brand","embeddable":true,"href":"https:\/\/tvgpub.com\/index.php\/wp-json\/wp\/v2\/product_brand?post=982"},{"taxonomy":"product_cat","embeddable":true,"href":"https:\/\/tvgpub.com\/index.php\/wp-json\/wp\/v2\/product_cat?post=982"},{"taxonomy":"product_tag","embeddable":true,"href":"https:\/\/tvgpub.com\/index.php\/wp-json\/wp\/v2\/product_tag?post=982"}],"curies":[{"name":"wp","href":"https:\/\/api.w.org\/{rel}","templated":true}]}}