{"id":937,"date":"2025-03-06T14:25:10","date_gmt":"2025-03-06T13:25:10","guid":{"rendered":"http:\/\/localhost\/tvg-pub\/?post_type=product&#038;p=937"},"modified":"2026-04-17T05:16:18","modified_gmt":"2026-04-17T03:16:18","slug":"tablier-de-cuisine-personnalise","status":"publish","type":"product","link":"https:\/\/tvgpub.com\/index.php\/produit\/tablier-de-cuisine-personnalise\/","title":{"rendered":"Tablier de cuisine"},"content":{"rendered":"<h2 data-start=\"448\" data-end=\"501\">Tablier de Cuisine Personnalis\u00e9 Confort et Praticit\u00e9 :<\/h2>\n<p class=\"\" data-start=\"503\" data-end=\"959\">TVG-Pub fabrique Tablier de Cuisine Personnalis\u00e9 pour les femmes, offrant une r\u00e9sistance accrue aux t\u00e2ches tout en \u00e9tant doux au toucher. Sa coupe bien pens\u00e9e assure une <strong data-start=\"699\" data-end=\"723\">libert\u00e9 de mouvement<\/strong>, essentielle pour toutes les femmes qui aiment cuisiner confortablement. De plus, Ses bretelles ajustables permettent de le personnaliser facilement pour s&rsquo;adapter \u00e0 toutes les morphologies, offrant ainsi une exp\u00e9rience sans contrainte.<\/p>\n<h3 class=\"\" data-start=\"961\" data-end=\"1027\">Design \u00c9l\u00e9gant et Fonctionnel : Un Tablier Qui Vous Repr\u00e9sente<\/h3>\n<p class=\"\" data-start=\"1029\" data-end=\"1527\">En plus de sa praticit\u00e9, ce tablier se distingue par son <strong data-start=\"1086\" data-end=\"1103\">design soign\u00e9<\/strong> et moderne. Disponible dans une large gamme de couleurs et de motifs, il permet \u00e0 chaque femme de choisir celui qui correspond \u00e0 son style personnel. Que vous pr\u00e9f\u00e9riez un mod\u00e8le simple et classique ou un mod\u00e8le plus audacieux avec des motifs tendance, <strong data-start=\"1357\" data-end=\"1368\">TVG-Pub<\/strong> propose des options adapt\u00e9es \u00e0 tous les go\u00fbts. Ce tablier devient ainsi non seulement un outil de cuisine, mais \u00e9galement un v\u00e9ritable <strong data-start=\"1504\" data-end=\"1526\">accessoire de mode<\/strong>.<\/p>\n<h3 class=\"\" data-start=\"1529\" data-end=\"1608\">Un Tablier Pr\u00eat pour Toutes les Aventures Culinaires<\/h3>\n<p class=\"\" data-start=\"1610\" data-end=\"1994\">Le tablier de cuisine <strong data-start=\"1632\" data-end=\"1643\">TVG-Pub<\/strong> est \u00e9galement con\u00e7u pour \u00eatre facile \u00e0 entretenir. Il r\u00e9siste aux lavages fr\u00e9quents sans perdre de sa couleur ni de sa forme, ce qui permet de le garder en parfait \u00e9tat malgr\u00e9 les nombreuses heures pass\u00e9es en cuisine. Il est ainsi un alli\u00e9 id\u00e9al pour toutes les femmes qui souhaitent combiner fonctionnalit\u00e9 et \u00e9l\u00e9gance dans leur quotidien culinaire.<\/p>\n<p class=\"\" data-start=\"2078\" data-end=\"2484\">En somme, le <strong data-start=\"2091\" data-end=\"2138\">tablier de cuisine pour femmes chez TVG-Pub<\/strong> est l&rsquo;accessoire id\u00e9al pour celles qui recherchent \u00e0 la fois <strong data-start=\"2200\" data-end=\"2211\">confort<\/strong>, <strong data-start=\"2213\" data-end=\"2227\">protection<\/strong> et <strong data-start=\"2231\" data-end=\"2240\">style<\/strong> dans leur cuisine. Pratique, \u00e9l\u00e9gant et facile \u00e0 entretenir, il saura r\u00e9pondre \u00e0 toutes les attentes des femmes passionn\u00e9es de cuisine. Offrez-vous ce tablier, et transformez chaque moment pass\u00e9 en cuisine en une exp\u00e9rience agr\u00e9able et styl\u00e9e.<\/p>\n","protected":false},"excerpt":{"rendered":"<h3>Le Tablier de Cuisine : Praticit\u00e9 et Confort en Cuisine<\/h3>\n<p><span style=\"color: #000080;\"><strong>Tvg-Pub<\/strong><\/span> offre des <strong data-start=\"3\" data-end=\"25\">tablier de cuisine personnalis\u00e9<\/strong> pour le femmes, est un v\u00eatement pratique et essentiel pour prot\u00e9ger vos v\u00eatements pendant la pr\u00e9paration des repas. Disponible en noir et beige et de motifs personnalis\u00e9, il est con\u00e7u pour \u00eatre confortable et ajustable, gr\u00e2ce \u00e0 ses bretelles.<\/p>\n","protected":false},"featured_media":4098,"comment_status":"open","ping_status":"closed","template":"","meta":{"site-sidebar-layout":"default","site-content-layout":"","ast-site-content-layout":"default","site-content-style":"default","site-sidebar-style":"default","ast-global-header-display":"","ast-banner-title-visibility":"","ast-main-header-display":"disabled","ast-hfb-above-header-display":"","ast-hfb-below-header-display":"","ast-hfb-mobile-header-display":"disabled","site-post-title":"","ast-breadcrumbs-content":"disabled","ast-featured-img":"","footer-sml-layout":"","theme-transparent-header-meta":"default","adv-header-id-meta":"","stick-header-meta":"","header-above-stick-meta":"","header-main-stick-meta":"","header-below-stick-meta":"","astra-migrate-meta-layouts":"set","ast-page-background-enabled":"default","ast-page-background-meta":{"desktop":{"background-color":"var(--ast-global-color-5)","background-image":"","background-repeat":"repeat","background-position":"center center","background-size":"auto","background-attachment":"scroll","background-type":"","background-media":"","overlay-type":"","overlay-color":"","overlay-opacity":"","overlay-gradient":""},"tablet":{"background-color":"","background-image":"","background-repeat":"repeat","background-position":"center center","background-size":"auto","background-attachment":"scroll","background-type":"","background-media":"","overlay-type":"","overlay-color":"","overlay-opacity":"","overlay-gradient":""},"mobile":{"background-color":"","background-image":"","background-repeat":"repeat","background-position":"center center","background-size":"auto","background-attachment":"scroll","background-type":"","background-media":"","overlay-type":"","overlay-color":"","overlay-opacity":"","overlay-gradient":""}},"ast-content-background-meta":{"desktop":{"background-color":"var(--ast-global-color-4)","background-image":"","background-repeat":"repeat","background-position":"center center","background-size":"auto","background-attachment":"scroll","background-type":"","background-media":"","overlay-type":"","overlay-color":"","overlay-opacity":"","overlay-gradient":""},"tablet":{"background-color":"var(--ast-global-color-4)","background-image":"","background-repeat":"repeat","background-position":"center center","background-size":"auto","background-attachment":"scroll","background-type":"","background-media":"","overlay-type":"","overlay-color":"","overlay-opacity":"","overlay-gradient":""},"mobile":{"background-color":"var(--ast-global-color-4)","background-image":"","background-repeat":"repeat","background-position":"center center","background-size":"auto","background-attachment":"scroll","background-type":"","background-media":"","overlay-type":"","overlay-color":"","overlay-opacity":"","overlay-gradient":""}},"_joinchat":[]},"product_brand":[],"product_cat":[52],"product_tag":[43],"class_list":{"0":"post-937","1":"product","2":"type-product","3":"status-publish","4":"has-post-thumbnail","6":"product_cat-tablier","7":"product_tag-personnalise","8":"desktop-align-center","9":"tablet-align-left","10":"mobile-align-left","12":"first","13":"instock","14":"taxable","15":"shipping-taxable","16":"purchasable","17":"product-type-variable"},"yoast_head":"<!-- This site is optimized with the Yoast SEO plugin v25.3 - https:\/\/yoast.com\/wordpress\/plugins\/seo\/ -->\n<title>Tablier de cuisine personnalis\u00e9 publicitaire | chez TVG-Pub chez<\/title>\n<meta name=\"description\" content=\"Tablier de cuisine personnalis\u00e9 chez TVG-Pub allie praticit\u00e9 et style. Con\u00e7u pour offrir confort et protection pendant la pr\u00e9paration des repas.\" \/>\n<meta name=\"robots\" content=\"index, follow, max-snippet:-1, max-image-preview:large, max-video-preview:-1\" \/>\n<link rel=\"canonical\" href=\"https:\/\/tvgpub.com\/index.php\/produit\/tablier-de-cuisine-personnalise\/\" \/>\n<meta property=\"og:locale\" content=\"fr_FR\" \/>\n<meta property=\"og:type\" content=\"article\" \/>\n<meta property=\"og:title\" content=\"Tablier de cuisine personnalis\u00e9 publicitaire | chez TVG-Pub chez\" \/>\n<meta property=\"og:description\" content=\"Tablier de cuisine personnalis\u00e9 chez TVG-Pub allie praticit\u00e9 et style. Con\u00e7u pour offrir confort et protection pendant la pr\u00e9paration des repas.\" \/>\n<meta property=\"og:url\" content=\"https:\/\/tvgpub.com\/index.php\/produit\/tablier-de-cuisine-personnalise\/\" \/>\n<meta property=\"article:publisher\" content=\"https:\/\/www.facebook.com\/profile.php?id=100054654241442\" \/>\n<meta property=\"article:modified_time\" content=\"2026-04-17T03:16:18+00:00\" \/>\n<meta property=\"og:image\" content=\"https:\/\/tvgpub.com\/wp-content\/uploads\/2025\/03\/70-3.png\" \/>\n\t<meta property=\"og:image:width\" content=\"1080\" \/>\n\t<meta property=\"og:image:height\" content=\"1080\" \/>\n\t<meta property=\"og:image:type\" content=\"image\/png\" \/>\n<meta name=\"twitter:card\" content=\"summary_large_image\" \/>\n<meta name=\"twitter:label1\" content=\"Dur\u00e9e de lecture estim\u00e9e\" \/>\n\t<meta name=\"twitter:data1\" content=\"2 minutes\" \/>\n<script type=\"application\/ld+json\" class=\"yoast-schema-graph\">{\"@context\":\"https:\/\/schema.org\",\"@graph\":[{\"@type\":\"WebPage\",\"@id\":\"https:\/\/tvgpub.com\/index.php\/produit\/tablier-de-cuisine-personnalise\/\",\"url\":\"https:\/\/tvgpub.com\/index.php\/produit\/tablier-de-cuisine-personnalise\/\",\"name\":\"Tablier de cuisine personnalis\u00e9 publicitaire | chez TVG-Pub chez\",\"isPartOf\":{\"@id\":\"https:\/\/tvgpub.com\/#website\"},\"primaryImageOfPage\":{\"@id\":\"https:\/\/tvgpub.com\/index.php\/produit\/tablier-de-cuisine-personnalise\/#primaryimage\"},\"image\":{\"@id\":\"https:\/\/tvgpub.com\/index.php\/produit\/tablier-de-cuisine-personnalise\/#primaryimage\"},\"thumbnailUrl\":\"https:\/\/tvgpub.com\/wp-content\/uploads\/2025\/03\/70-3.png\",\"datePublished\":\"2025-03-06T13:25:10+00:00\",\"dateModified\":\"2026-04-17T03:16:18+00:00\",\"description\":\"Tablier de cuisine personnalis\u00e9 chez TVG-Pub allie praticit\u00e9 et style. Con\u00e7u pour offrir confort et protection pendant la pr\u00e9paration des repas.\",\"breadcrumb\":{\"@id\":\"https:\/\/tvgpub.com\/index.php\/produit\/tablier-de-cuisine-personnalise\/#breadcrumb\"},\"inLanguage\":\"fr-FR\",\"potentialAction\":[{\"@type\":\"ReadAction\",\"target\":[\"https:\/\/tvgpub.com\/index.php\/produit\/tablier-de-cuisine-personnalise\/\"]}]},{\"@type\":\"ImageObject\",\"inLanguage\":\"fr-FR\",\"@id\":\"https:\/\/tvgpub.com\/index.php\/produit\/tablier-de-cuisine-personnalise\/#primaryimage\",\"url\":\"https:\/\/tvgpub.com\/wp-content\/uploads\/2025\/03\/70-3.png\",\"contentUrl\":\"https:\/\/tvgpub.com\/wp-content\/uploads\/2025\/03\/70-3.png\",\"width\":1080,\"height\":1080,\"caption\":\"Tablier de cuisine personnalis\u00e9\"},{\"@type\":\"BreadcrumbList\",\"@id\":\"https:\/\/tvgpub.com\/index.php\/produit\/tablier-de-cuisine-personnalise\/#breadcrumb\",\"itemListElement\":[{\"@type\":\"ListItem\",\"position\":1,\"name\":\"Accueil\",\"item\":\"https:\/\/tvgpub.com\/\"},{\"@type\":\"ListItem\",\"position\":2,\"name\":\"Produits personnalis\u00e9\",\"item\":\"https:\/\/tvgpub.com\/index.php\/produit-population-tunisie\/\"},{\"@type\":\"ListItem\",\"position\":3,\"name\":\"Tablier de cuisine\"}]},{\"@type\":\"WebSite\",\"@id\":\"https:\/\/tvgpub.com\/#website\",\"url\":\"https:\/\/tvgpub.com\/\",\"name\":\"tvg-pub\",\"description\":\"\",\"publisher\":{\"@id\":\"https:\/\/tvgpub.com\/#organization\"},\"potentialAction\":[{\"@type\":\"SearchAction\",\"target\":{\"@type\":\"EntryPoint\",\"urlTemplate\":\"https:\/\/tvgpub.com\/?s={search_term_string}\"},\"query-input\":{\"@type\":\"PropertyValueSpecification\",\"valueRequired\":true,\"valueName\":\"search_term_string\"}}],\"inLanguage\":\"fr-FR\"},{\"@type\":\"Organization\",\"@id\":\"https:\/\/tvgpub.com\/#organization\",\"name\":\"tvg-pub\",\"url\":\"https:\/\/tvgpub.com\/\",\"logo\":{\"@type\":\"ImageObject\",\"inLanguage\":\"fr-FR\",\"@id\":\"https:\/\/tvgpub.com\/#\/schema\/logo\/image\/\",\"url\":\"https:\/\/tvgpub.com\/wp-content\/uploads\/2025\/02\/received_1260973734993693-removebg-preview.png\",\"contentUrl\":\"https:\/\/tvgpub.com\/wp-content\/uploads\/2025\/02\/received_1260973734993693-removebg-preview.png\",\"width\":621,\"height\":402,\"caption\":\"tvg-pub\"},\"image\":{\"@id\":\"https:\/\/tvgpub.com\/#\/schema\/logo\/image\/\"},\"sameAs\":[\"https:\/\/www.facebook.com\/profile.php?id=100054654241442\"]}]}<\/script>\n<!-- \/ Yoast SEO plugin. -->","yoast_head_json":{"title":"Tablier de cuisine personnalis\u00e9 publicitaire | chez TVG-Pub chez","description":"Tablier de cuisine personnalis\u00e9 chez TVG-Pub allie praticit\u00e9 et style. Con\u00e7u pour offrir confort et protection pendant la pr\u00e9paration des repas.","robots":{"index":"index","follow":"follow","max-snippet":"max-snippet:-1","max-image-preview":"max-image-preview:large","max-video-preview":"max-video-preview:-1"},"canonical":"https:\/\/tvgpub.com\/index.php\/produit\/tablier-de-cuisine-personnalise\/","og_locale":"fr_FR","og_type":"article","og_title":"Tablier de cuisine personnalis\u00e9 publicitaire | chez TVG-Pub chez","og_description":"Tablier de cuisine personnalis\u00e9 chez TVG-Pub allie praticit\u00e9 et style. Con\u00e7u pour offrir confort et protection pendant la pr\u00e9paration des repas.","og_url":"https:\/\/tvgpub.com\/index.php\/produit\/tablier-de-cuisine-personnalise\/","article_publisher":"https:\/\/www.facebook.com\/profile.php?id=100054654241442","article_modified_time":"2026-04-17T03:16:18+00:00","og_image":[{"width":1080,"height":1080,"url":"https:\/\/tvgpub.com\/wp-content\/uploads\/2025\/03\/70-3.png","type":"image\/png"}],"twitter_card":"summary_large_image","twitter_misc":{"Dur\u00e9e de lecture estim\u00e9e":"2 minutes"},"schema":{"@context":"https:\/\/schema.org","@graph":[{"@type":"WebPage","@id":"https:\/\/tvgpub.com\/index.php\/produit\/tablier-de-cuisine-personnalise\/","url":"https:\/\/tvgpub.com\/index.php\/produit\/tablier-de-cuisine-personnalise\/","name":"Tablier de cuisine personnalis\u00e9 publicitaire | chez TVG-Pub chez","isPartOf":{"@id":"https:\/\/tvgpub.com\/#website"},"primaryImageOfPage":{"@id":"https:\/\/tvgpub.com\/index.php\/produit\/tablier-de-cuisine-personnalise\/#primaryimage"},"image":{"@id":"https:\/\/tvgpub.com\/index.php\/produit\/tablier-de-cuisine-personnalise\/#primaryimage"},"thumbnailUrl":"https:\/\/tvgpub.com\/wp-content\/uploads\/2025\/03\/70-3.png","datePublished":"2025-03-06T13:25:10+00:00","dateModified":"2026-04-17T03:16:18+00:00","description":"Tablier de cuisine personnalis\u00e9 chez TVG-Pub allie praticit\u00e9 et style. Con\u00e7u pour offrir confort et protection pendant la pr\u00e9paration des repas.","breadcrumb":{"@id":"https:\/\/tvgpub.com\/index.php\/produit\/tablier-de-cuisine-personnalise\/#breadcrumb"},"inLanguage":"fr-FR","potentialAction":[{"@type":"ReadAction","target":["https:\/\/tvgpub.com\/index.php\/produit\/tablier-de-cuisine-personnalise\/"]}]},{"@type":"ImageObject","inLanguage":"fr-FR","@id":"https:\/\/tvgpub.com\/index.php\/produit\/tablier-de-cuisine-personnalise\/#primaryimage","url":"https:\/\/tvgpub.com\/wp-content\/uploads\/2025\/03\/70-3.png","contentUrl":"https:\/\/tvgpub.com\/wp-content\/uploads\/2025\/03\/70-3.png","width":1080,"height":1080,"caption":"Tablier de cuisine personnalis\u00e9"},{"@type":"BreadcrumbList","@id":"https:\/\/tvgpub.com\/index.php\/produit\/tablier-de-cuisine-personnalise\/#breadcrumb","itemListElement":[{"@type":"ListItem","position":1,"name":"Accueil","item":"https:\/\/tvgpub.com\/"},{"@type":"ListItem","position":2,"name":"Produits personnalis\u00e9","item":"https:\/\/tvgpub.com\/index.php\/produit-population-tunisie\/"},{"@type":"ListItem","position":3,"name":"Tablier de cuisine"}]},{"@type":"WebSite","@id":"https:\/\/tvgpub.com\/#website","url":"https:\/\/tvgpub.com\/","name":"tvg-pub","description":"","publisher":{"@id":"https:\/\/tvgpub.com\/#organization"},"potentialAction":[{"@type":"SearchAction","target":{"@type":"EntryPoint","urlTemplate":"https:\/\/tvgpub.com\/?s={search_term_string}"},"query-input":{"@type":"PropertyValueSpecification","valueRequired":true,"valueName":"search_term_string"}}],"inLanguage":"fr-FR"},{"@type":"Organization","@id":"https:\/\/tvgpub.com\/#organization","name":"tvg-pub","url":"https:\/\/tvgpub.com\/","logo":{"@type":"ImageObject","inLanguage":"fr-FR","@id":"https:\/\/tvgpub.com\/#\/schema\/logo\/image\/","url":"https:\/\/tvgpub.com\/wp-content\/uploads\/2025\/02\/received_1260973734993693-removebg-preview.png","contentUrl":"https:\/\/tvgpub.com\/wp-content\/uploads\/2025\/02\/received_1260973734993693-removebg-preview.png","width":621,"height":402,"caption":"tvg-pub"},"image":{"@id":"https:\/\/tvgpub.com\/#\/schema\/logo\/image\/"},"sameAs":["https:\/\/www.facebook.com\/profile.php?id=100054654241442"]}]}},"_links":{"self":[{"href":"https:\/\/tvgpub.com\/index.php\/wp-json\/wp\/v2\/product\/937","targetHints":{"allow":["GET"]}}],"collection":[{"href":"https:\/\/tvgpub.com\/index.php\/wp-json\/wp\/v2\/product"}],"about":[{"href":"https:\/\/tvgpub.com\/index.php\/wp-json\/wp\/v2\/types\/product"}],"replies":[{"embeddable":true,"href":"https:\/\/tvgpub.com\/index.php\/wp-json\/wp\/v2\/comments?post=937"}],"wp:featuredmedia":[{"embeddable":true,"href":"https:\/\/tvgpub.com\/index.php\/wp-json\/wp\/v2\/media\/4098"}],"wp:attachment":[{"href":"https:\/\/tvgpub.com\/index.php\/wp-json\/wp\/v2\/media?parent=937"}],"wp:term":[{"taxonomy":"product_brand","embeddable":true,"href":"https:\/\/tvgpub.com\/index.php\/wp-json\/wp\/v2\/product_brand?post=937"},{"taxonomy":"product_cat","embeddable":true,"href":"https:\/\/tvgpub.com\/index.php\/wp-json\/wp\/v2\/product_cat?post=937"},{"taxonomy":"product_tag","embeddable":true,"href":"https:\/\/tvgpub.com\/index.php\/wp-json\/wp\/v2\/product_tag?post=937"}],"curies":[{"name":"wp","href":"https:\/\/api.w.org\/{rel}","templated":true}]}}