{"id":833,"date":"2025-03-05T17:17:17","date_gmt":"2025-03-05T16:17:17","guid":{"rendered":"http:\/\/localhost\/tvg-pub\/?post_type=product&#038;p=833"},"modified":"2026-04-07T13:45:46","modified_gmt":"2026-04-07T11:45:46","slug":"mug-personnalise","status":"publish","type":"product","link":"https:\/\/tvgpub.com\/index.php\/produit\/mug-personnalise\/","title":{"rendered":"Mug personnalis\u00e9"},"content":{"rendered":"<h2 class=\"cvGsUA direction-ltr align-center para-style-body\"><span class=\"OYPEnA font-feature-liga-off font-feature-clig-off font-feature-calt-off text-decoration-none text-strikethrough-none\">Mug Personnalis\u00e9-Tunisie avec coeur dans la main|L&rsquo;expression d&rsquo;amour<\/span><\/h2>\n<div>\n<div>\n<div>\n<p>TVG offre<span class=\"OYPEnA font-feature-liga-off font-feature-clig-off font-feature-calt-off text-decoration-none text-strikethrough-none\"> le Mug Personnalis\u00e9 Tunisie<\/span>\u00a0avec une photo, un texte ou m\u00eame une combinaison des deux, pour cr\u00e9er un objet unique qui refl\u00e8te votre personnalit\u00e9 ou celle de la personne \u00e0 qui vous l&rsquo;offrirez.<\/p>\n<p>En effet, pour marquer une occasion sp\u00e9ciale, c\u00e9l\u00e9brer un \u00e9v\u00e9nement important ou simplement offrir un \u00ab\u00a0<strong>cadeau original et personnalis\u00e9<\/strong>\u00ab\u00a0, vous pouvez cr\u00e9er un mug vraiment unique en ligne, en toute simplicit\u00e9.<\/p>\n<p>En Tunisie, vous avez l&rsquo;opportunit\u00e9 de personnaliser vos mugs en choisissant parmi une large gamme de designs, de photos et de messages, tout en b\u00e9n\u00e9ficiant d&rsquo;un service rapide, fiable et de haute qualit\u00e9. Offrez un cadeau inoubliable qui sera appr\u00e9ci\u00e9 \u00e0 chaque utilisation, tout en apportant une touche personnelle \u00e0 un objet du quotidien.<\/p>\n<\/div>\n<\/div>\n<\/div>\n<h3><span class=\"OYPEnA font-feature-liga-off font-feature-clig-off font-feature-calt-off text-decoration-none text-strikethrough-none\">Mug Personnalis\u00e9-Tunisie \u00e0 votre choix<\/span><\/h3>\n<p class=\"cvGsUA direction-ltr align-center para-style-body\"><span class=\"OYPEnA font-feature-liga-off font-feature-clig-off font-feature-calt-off text-decoration-none text-strikethrough-none\">Notre mug \u00ab\u00a0Main C\u0153ur\u00a0\u00bb transforme une simple tasse en symbole d&rsquo;amour personnel s&rsquo;adresser aux Population Tunisienne. Ajoutez-y une photo ou un message pour cr\u00e9er un souvenir quotidien. En effet, ce design unique montre une main formant un c\u0153ur quand vous tenez votre tasse, \u00e9voquant instantan\u00e9ment des \u00e9motions sinc\u00e8res \u00e0 chaque utilisation.<\/span><\/p>\n<h3 class=\"cvGsUA direction-ltr align-center para-style-body\"><span class=\"OYPEnA font-feature-liga-off font-feature-clig-off font-feature-calt-off text-decoration-none text-strikethrough-none\">Qualit\u00e9 d&rsquo;Impression Tunisienne<\/span><\/h3>\n<p class=\"cvGsUA direction-ltr align-center para-style-body\"><span class=\"OYPEnA font-feature-liga-off font-feature-clig-off font-feature-calt-off text-decoration-none text-strikethrough-none\">La population tunisienne appr\u00e9cie particuli\u00e8rement la qualit\u00e9 d&rsquo;impression locale sur nos mugs. Par cons\u00e9quent, nous utilisons une technologie avanc\u00e9e garantissant des couleurs \u00e9clatantes et durables. Votre design s&rsquo;int\u00e8gre parfaitement au motif de main-c\u0153ur, cr\u00e9ant ainsi un effet visuel puissant pour la Saint-Valentin ou tout moment d&rsquo;affection.<\/span><\/p>\n<h3 class=\"cvGsUA direction-ltr align-center para-style-body\"><span class=\"OYPEnA font-feature-liga-off font-feature-clig-off font-feature-calt-off text-decoration-none text-strikethrough-none\">Expression Sentimentale<\/span><\/h3>\n<p class=\"cvGsUA direction-ltr align-center para-style-body\"><span class=\"OYPEnA font-feature-liga-off font-feature-clig-off font-feature-calt-off text-decoration-none text-strikethrough-none\">Le mug Main C\u0153ur exprime ce que les mots ne peuvent dire. De ce fait, il devient un moyen unique de communiquer vos sentiments. Les Populations Tunisie choisissent souvent ce cadeau pour les occasions familiales importantes, notamment pour renforcer les liens affectifs \u00e0 travers un objet quotidien charg\u00e9 d&rsquo;\u00e9motion. De plus, les Tunisiens choisissent souvent ce cadeau pour les f\u00eates familiales ou entre amoureux. C&rsquo;est pourquoi notre livraison couvre tout le pays. Finalement, ce mug Main C\u0153ur repr\u00e9sente un cadeau parfait, alliant sentiment profond et objet pratique, \u00e0 un prix accessible pour tous les budgets.<\/span><\/p>\n","protected":false},"excerpt":{"rendered":"<h3>Mug avec main coeur: le cadeau unique et parfait<\/h3>\n<p>L&rsquo;agence <span style=\"color: #000080;\">TVG-Pub<\/span> offre des mugs de main coeur personnalis\u00e9 pour selon le choix de ses clients, <span style=\"font-size: 16px;\"><strong>Les mugs personnalis\u00e9s avec motif Main C\u0153ur<\/strong>.<\/span><span style=\"font-size: 16px;\"> Ce design unique, symbolise l&rsquo;amour sur une tasse quotidienne.\u00a0 En effet, le mug devient particulier avec votre photo ou message personnel.\u00a0<\/span><\/p>\n","protected":false},"featured_media":4025,"comment_status":"open","ping_status":"closed","template":"","meta":{"site-sidebar-layout":"default","site-content-layout":"","ast-site-content-layout":"default","site-content-style":"default","site-sidebar-style":"default","ast-global-header-display":"","ast-banner-title-visibility":"","ast-main-header-display":"disabled","ast-hfb-above-header-display":"","ast-hfb-below-header-display":"","ast-hfb-mobile-header-display":"disabled","site-post-title":"","ast-breadcrumbs-content":"disabled","ast-featured-img":"","footer-sml-layout":"","theme-transparent-header-meta":"default","adv-header-id-meta":"","stick-header-meta":"","header-above-stick-meta":"","header-main-stick-meta":"","header-below-stick-meta":"","astra-migrate-meta-layouts":"set","ast-page-background-enabled":"default","ast-page-background-meta":{"desktop":{"background-color":"var(--ast-global-color-5)","background-image":"","background-repeat":"repeat","background-position":"center center","background-size":"auto","background-attachment":"scroll","background-type":"","background-media":"","overlay-type":"","overlay-color":"","overlay-opacity":"","overlay-gradient":""},"tablet":{"background-color":"","background-image":"","background-repeat":"repeat","background-position":"center center","background-size":"auto","background-attachment":"scroll","background-type":"","background-media":"","overlay-type":"","overlay-color":"","overlay-opacity":"","overlay-gradient":""},"mobile":{"background-color":"","background-image":"","background-repeat":"repeat","background-position":"center center","background-size":"auto","background-attachment":"scroll","background-type":"","background-media":"","overlay-type":"","overlay-color":"","overlay-opacity":"","overlay-gradient":""}},"ast-content-background-meta":{"desktop":{"background-color":"var(--ast-global-color-4)","background-image":"","background-repeat":"repeat","background-position":"center center","background-size":"auto","background-attachment":"scroll","background-type":"","background-media":"","overlay-type":"","overlay-color":"","overlay-opacity":"","overlay-gradient":""},"tablet":{"background-color":"var(--ast-global-color-4)","background-image":"","background-repeat":"repeat","background-position":"center center","background-size":"auto","background-attachment":"scroll","background-type":"","background-media":"","overlay-type":"","overlay-color":"","overlay-opacity":"","overlay-gradient":""},"mobile":{"background-color":"var(--ast-global-color-4)","background-image":"","background-repeat":"repeat","background-position":"center center","background-size":"auto","background-attachment":"scroll","background-type":"","background-media":"","overlay-type":"","overlay-color":"","overlay-opacity":"","overlay-gradient":""}},"_joinchat":[]},"product_brand":[],"product_cat":[23],"product_tag":[43],"class_list":{"0":"post-833","1":"product","2":"type-product","3":"status-publish","4":"has-post-thumbnail","6":"product_cat-mug","7":"product_tag-personnalise","8":"desktop-align-center","9":"tablet-align-left","10":"mobile-align-left","12":"first","13":"instock","14":"taxable","15":"shipping-taxable","16":"purchasable","17":"product-type-variable"},"yoast_head":"<!-- This site is optimized with the Yoast SEO plugin v25.3 - https:\/\/yoast.com\/wordpress\/plugins\/seo\/ -->\n<title>Mug Personnalis\u00e9 Tunisie | Cadeau et Objet Uniquen - TVG-PUB<\/title>\n<meta name=\"description\" content=\"Mug personnalis\u00e9 Tunisie avec &quot;C\u0153ur dans la main&quot; Chez TVG symbolise l&#039;expression pure de l&#039;amour, Id\u00e9al pour offrir \u00e0 un \u00eatre cher.\" \/>\n<meta name=\"robots\" content=\"index, follow, max-snippet:-1, max-image-preview:large, max-video-preview:-1\" \/>\n<link rel=\"canonical\" href=\"https:\/\/tvgpub.com\/index.php\/produit\/mug-personnalise\/\" \/>\n<meta property=\"og:locale\" content=\"fr_FR\" \/>\n<meta property=\"og:type\" content=\"article\" \/>\n<meta property=\"og:title\" content=\"Mug Personnalis\u00e9 Tunisie | Cadeau et Objet Uniquen - TVG-PUB\" \/>\n<meta property=\"og:description\" content=\"Mug personnalis\u00e9 Tunisie avec &quot;C\u0153ur dans la main&quot; Chez TVG symbolise l&#039;expression pure de l&#039;amour, Id\u00e9al pour offrir \u00e0 un \u00eatre cher.\" \/>\n<meta property=\"og:url\" content=\"https:\/\/tvgpub.com\/index.php\/produit\/mug-personnalise\/\" \/>\n<meta property=\"article:publisher\" content=\"https:\/\/www.facebook.com\/profile.php?id=100054654241442\" \/>\n<meta property=\"article:modified_time\" content=\"2026-04-07T11:45:46+00:00\" \/>\n<meta property=\"og:image\" content=\"https:\/\/tvgpub.com\/wp-content\/uploads\/2025\/03\/25.jpg\" \/>\n\t<meta property=\"og:image:width\" content=\"1080\" \/>\n\t<meta property=\"og:image:height\" content=\"1080\" \/>\n\t<meta property=\"og:image:type\" content=\"image\/jpeg\" \/>\n<meta name=\"twitter:card\" content=\"summary_large_image\" \/>\n<meta name=\"twitter:label1\" content=\"Dur\u00e9e de lecture estim\u00e9e\" \/>\n\t<meta name=\"twitter:data1\" content=\"2 minutes\" \/>\n<script type=\"application\/ld+json\" class=\"yoast-schema-graph\">{\"@context\":\"https:\/\/schema.org\",\"@graph\":[{\"@type\":\"WebPage\",\"@id\":\"https:\/\/tvgpub.com\/index.php\/produit\/mug-personnalise\/\",\"url\":\"https:\/\/tvgpub.com\/index.php\/produit\/mug-personnalise\/\",\"name\":\"Mug Personnalis\u00e9 Tunisie | Cadeau et Objet Uniquen - TVG-PUB\",\"isPartOf\":{\"@id\":\"https:\/\/tvgpub.com\/#website\"},\"primaryImageOfPage\":{\"@id\":\"https:\/\/tvgpub.com\/index.php\/produit\/mug-personnalise\/#primaryimage\"},\"image\":{\"@id\":\"https:\/\/tvgpub.com\/index.php\/produit\/mug-personnalise\/#primaryimage\"},\"thumbnailUrl\":\"https:\/\/tvgpub.com\/wp-content\/uploads\/2025\/03\/25.jpg\",\"datePublished\":\"2025-03-05T16:17:17+00:00\",\"dateModified\":\"2026-04-07T11:45:46+00:00\",\"description\":\"Mug personnalis\u00e9 Tunisie avec \\\"C\u0153ur dans la main\\\" Chez TVG symbolise l'expression pure de l'amour, Id\u00e9al pour offrir \u00e0 un \u00eatre cher.\",\"breadcrumb\":{\"@id\":\"https:\/\/tvgpub.com\/index.php\/produit\/mug-personnalise\/#breadcrumb\"},\"inLanguage\":\"fr-FR\",\"potentialAction\":[{\"@type\":\"ReadAction\",\"target\":[\"https:\/\/tvgpub.com\/index.php\/produit\/mug-personnalise\/\"]}]},{\"@type\":\"ImageObject\",\"inLanguage\":\"fr-FR\",\"@id\":\"https:\/\/tvgpub.com\/index.php\/produit\/mug-personnalise\/#primaryimage\",\"url\":\"https:\/\/tvgpub.com\/wp-content\/uploads\/2025\/03\/25.jpg\",\"contentUrl\":\"https:\/\/tvgpub.com\/wp-content\/uploads\/2025\/03\/25.jpg\",\"width\":1080,\"height\":1080,\"caption\":\"mug personnalis\u00e9s\"},{\"@type\":\"BreadcrumbList\",\"@id\":\"https:\/\/tvgpub.com\/index.php\/produit\/mug-personnalise\/#breadcrumb\",\"itemListElement\":[{\"@type\":\"ListItem\",\"position\":1,\"name\":\"Accueil\",\"item\":\"https:\/\/tvgpub.com\/\"},{\"@type\":\"ListItem\",\"position\":2,\"name\":\"Produits personnalis\u00e9\",\"item\":\"https:\/\/tvgpub.com\/index.php\/produit-population-tunisie\/\"},{\"@type\":\"ListItem\",\"position\":3,\"name\":\"Mug personnalis\u00e9\"}]},{\"@type\":\"WebSite\",\"@id\":\"https:\/\/tvgpub.com\/#website\",\"url\":\"https:\/\/tvgpub.com\/\",\"name\":\"tvg-pub\",\"description\":\"\",\"publisher\":{\"@id\":\"https:\/\/tvgpub.com\/#organization\"},\"potentialAction\":[{\"@type\":\"SearchAction\",\"target\":{\"@type\":\"EntryPoint\",\"urlTemplate\":\"https:\/\/tvgpub.com\/?s={search_term_string}\"},\"query-input\":{\"@type\":\"PropertyValueSpecification\",\"valueRequired\":true,\"valueName\":\"search_term_string\"}}],\"inLanguage\":\"fr-FR\"},{\"@type\":\"Organization\",\"@id\":\"https:\/\/tvgpub.com\/#organization\",\"name\":\"tvg-pub\",\"url\":\"https:\/\/tvgpub.com\/\",\"logo\":{\"@type\":\"ImageObject\",\"inLanguage\":\"fr-FR\",\"@id\":\"https:\/\/tvgpub.com\/#\/schema\/logo\/image\/\",\"url\":\"https:\/\/tvgpub.com\/wp-content\/uploads\/2025\/02\/received_1260973734993693-removebg-preview.png\",\"contentUrl\":\"https:\/\/tvgpub.com\/wp-content\/uploads\/2025\/02\/received_1260973734993693-removebg-preview.png\",\"width\":621,\"height\":402,\"caption\":\"tvg-pub\"},\"image\":{\"@id\":\"https:\/\/tvgpub.com\/#\/schema\/logo\/image\/\"},\"sameAs\":[\"https:\/\/www.facebook.com\/profile.php?id=100054654241442\"]}]}<\/script>\n<!-- \/ Yoast SEO plugin. -->","yoast_head_json":{"title":"Mug Personnalis\u00e9 Tunisie | Cadeau et Objet Uniquen - TVG-PUB","description":"Mug personnalis\u00e9 Tunisie avec \"C\u0153ur dans la main\" Chez TVG symbolise l'expression pure de l'amour, Id\u00e9al pour offrir \u00e0 un \u00eatre cher.","robots":{"index":"index","follow":"follow","max-snippet":"max-snippet:-1","max-image-preview":"max-image-preview:large","max-video-preview":"max-video-preview:-1"},"canonical":"https:\/\/tvgpub.com\/index.php\/produit\/mug-personnalise\/","og_locale":"fr_FR","og_type":"article","og_title":"Mug Personnalis\u00e9 Tunisie | Cadeau et Objet Uniquen - TVG-PUB","og_description":"Mug personnalis\u00e9 Tunisie avec \"C\u0153ur dans la main\" Chez TVG symbolise l'expression pure de l'amour, Id\u00e9al pour offrir \u00e0 un \u00eatre cher.","og_url":"https:\/\/tvgpub.com\/index.php\/produit\/mug-personnalise\/","article_publisher":"https:\/\/www.facebook.com\/profile.php?id=100054654241442","article_modified_time":"2026-04-07T11:45:46+00:00","og_image":[{"width":1080,"height":1080,"url":"https:\/\/tvgpub.com\/wp-content\/uploads\/2025\/03\/25.jpg","type":"image\/jpeg"}],"twitter_card":"summary_large_image","twitter_misc":{"Dur\u00e9e de lecture estim\u00e9e":"2 minutes"},"schema":{"@context":"https:\/\/schema.org","@graph":[{"@type":"WebPage","@id":"https:\/\/tvgpub.com\/index.php\/produit\/mug-personnalise\/","url":"https:\/\/tvgpub.com\/index.php\/produit\/mug-personnalise\/","name":"Mug Personnalis\u00e9 Tunisie | Cadeau et Objet Uniquen - TVG-PUB","isPartOf":{"@id":"https:\/\/tvgpub.com\/#website"},"primaryImageOfPage":{"@id":"https:\/\/tvgpub.com\/index.php\/produit\/mug-personnalise\/#primaryimage"},"image":{"@id":"https:\/\/tvgpub.com\/index.php\/produit\/mug-personnalise\/#primaryimage"},"thumbnailUrl":"https:\/\/tvgpub.com\/wp-content\/uploads\/2025\/03\/25.jpg","datePublished":"2025-03-05T16:17:17+00:00","dateModified":"2026-04-07T11:45:46+00:00","description":"Mug personnalis\u00e9 Tunisie avec \"C\u0153ur dans la main\" Chez TVG symbolise l'expression pure de l'amour, Id\u00e9al pour offrir \u00e0 un \u00eatre cher.","breadcrumb":{"@id":"https:\/\/tvgpub.com\/index.php\/produit\/mug-personnalise\/#breadcrumb"},"inLanguage":"fr-FR","potentialAction":[{"@type":"ReadAction","target":["https:\/\/tvgpub.com\/index.php\/produit\/mug-personnalise\/"]}]},{"@type":"ImageObject","inLanguage":"fr-FR","@id":"https:\/\/tvgpub.com\/index.php\/produit\/mug-personnalise\/#primaryimage","url":"https:\/\/tvgpub.com\/wp-content\/uploads\/2025\/03\/25.jpg","contentUrl":"https:\/\/tvgpub.com\/wp-content\/uploads\/2025\/03\/25.jpg","width":1080,"height":1080,"caption":"mug personnalis\u00e9s"},{"@type":"BreadcrumbList","@id":"https:\/\/tvgpub.com\/index.php\/produit\/mug-personnalise\/#breadcrumb","itemListElement":[{"@type":"ListItem","position":1,"name":"Accueil","item":"https:\/\/tvgpub.com\/"},{"@type":"ListItem","position":2,"name":"Produits personnalis\u00e9","item":"https:\/\/tvgpub.com\/index.php\/produit-population-tunisie\/"},{"@type":"ListItem","position":3,"name":"Mug personnalis\u00e9"}]},{"@type":"WebSite","@id":"https:\/\/tvgpub.com\/#website","url":"https:\/\/tvgpub.com\/","name":"tvg-pub","description":"","publisher":{"@id":"https:\/\/tvgpub.com\/#organization"},"potentialAction":[{"@type":"SearchAction","target":{"@type":"EntryPoint","urlTemplate":"https:\/\/tvgpub.com\/?s={search_term_string}"},"query-input":{"@type":"PropertyValueSpecification","valueRequired":true,"valueName":"search_term_string"}}],"inLanguage":"fr-FR"},{"@type":"Organization","@id":"https:\/\/tvgpub.com\/#organization","name":"tvg-pub","url":"https:\/\/tvgpub.com\/","logo":{"@type":"ImageObject","inLanguage":"fr-FR","@id":"https:\/\/tvgpub.com\/#\/schema\/logo\/image\/","url":"https:\/\/tvgpub.com\/wp-content\/uploads\/2025\/02\/received_1260973734993693-removebg-preview.png","contentUrl":"https:\/\/tvgpub.com\/wp-content\/uploads\/2025\/02\/received_1260973734993693-removebg-preview.png","width":621,"height":402,"caption":"tvg-pub"},"image":{"@id":"https:\/\/tvgpub.com\/#\/schema\/logo\/image\/"},"sameAs":["https:\/\/www.facebook.com\/profile.php?id=100054654241442"]}]}},"_links":{"self":[{"href":"https:\/\/tvgpub.com\/index.php\/wp-json\/wp\/v2\/product\/833","targetHints":{"allow":["GET"]}}],"collection":[{"href":"https:\/\/tvgpub.com\/index.php\/wp-json\/wp\/v2\/product"}],"about":[{"href":"https:\/\/tvgpub.com\/index.php\/wp-json\/wp\/v2\/types\/product"}],"replies":[{"embeddable":true,"href":"https:\/\/tvgpub.com\/index.php\/wp-json\/wp\/v2\/comments?post=833"}],"wp:featuredmedia":[{"embeddable":true,"href":"https:\/\/tvgpub.com\/index.php\/wp-json\/wp\/v2\/media\/4025"}],"wp:attachment":[{"href":"https:\/\/tvgpub.com\/index.php\/wp-json\/wp\/v2\/media?parent=833"}],"wp:term":[{"taxonomy":"product_brand","embeddable":true,"href":"https:\/\/tvgpub.com\/index.php\/wp-json\/wp\/v2\/product_brand?post=833"},{"taxonomy":"product_cat","embeddable":true,"href":"https:\/\/tvgpub.com\/index.php\/wp-json\/wp\/v2\/product_cat?post=833"},{"taxonomy":"product_tag","embeddable":true,"href":"https:\/\/tvgpub.com\/index.php\/wp-json\/wp\/v2\/product_tag?post=833"}],"curies":[{"name":"wp","href":"https:\/\/api.w.org\/{rel}","templated":true}]}}