{"id":4185,"date":"2025-05-22T00:35:09","date_gmt":"2025-05-21T22:35:09","guid":{"rendered":"https:\/\/tvgpub.com\/?post_type=product&#038;p=4185"},"modified":"2025-05-22T01:08:27","modified_gmt":"2025-05-21T23:08:27","slug":"ensemble-bebe-personnalise","status":"publish","type":"product","link":"https:\/\/tvgpub.com\/index.php\/produit\/ensemble-bebe-personnalise\/","title":{"rendered":"Tenu enfant"},"content":{"rendered":"<h2>Ensemble enfant<\/h2>\n<p>Cet ensemble enfant personnalis\u00e9 adorable est parfait pour c\u00e9l\u00e9brer l\u2019A\u00efd avec style ! Compos\u00e9 d\u2019un t-shirt rose et d\u2019un short assorti avec motif mouton et pr\u00e9nom personnalis\u00e9, il offre confort et originalit\u00e9. Disponible pour les tranches d\u2019\u00e2ge -1\u20131 an, 2\u20133 ans, 4\u20137 ans, 8\u201312 ans. Confection 100 % coton doux.<\/p>\n","protected":false},"excerpt":{"rendered":"<p>Ensemble enfant, doux et confortable, id\u00e9al pour l\u2019A\u00efd. Personnalis\u00e9 avec pr\u00e9nom et motif au choix. Parfait pour un look festif et unique.<\/p>\n","protected":false},"featured_media":4217,"comment_status":"open","ping_status":"closed","template":"","meta":{"site-sidebar-layout":"default","site-content-layout":"","ast-site-content-layout":"default","site-content-style":"default","site-sidebar-style":"default","ast-global-header-display":"","ast-banner-title-visibility":"","ast-main-header-display":"disabled","ast-hfb-above-header-display":"","ast-hfb-below-header-display":"","ast-hfb-mobile-header-display":"disabled","site-post-title":"","ast-breadcrumbs-content":"disabled","ast-featured-img":"","footer-sml-layout":"","theme-transparent-header-meta":"default","adv-header-id-meta":"","stick-header-meta":"","header-above-stick-meta":"","header-main-stick-meta":"","header-below-stick-meta":"","astra-migrate-meta-layouts":"set","ast-page-background-enabled":"default","ast-page-background-meta":{"desktop":{"background-color":"var(--ast-global-color-5)","background-image":"","background-repeat":"repeat","background-position":"center center","background-size":"auto","background-attachment":"scroll","background-type":"","background-media":"","overlay-type":"","overlay-color":"","overlay-opacity":"","overlay-gradient":""},"tablet":{"background-color":"","background-image":"","background-repeat":"repeat","background-position":"center center","background-size":"auto","background-attachment":"scroll","background-type":"","background-media":"","overlay-type":"","overlay-color":"","overlay-opacity":"","overlay-gradient":""},"mobile":{"background-color":"","background-image":"","background-repeat":"repeat","background-position":"center center","background-size":"auto","background-attachment":"scroll","background-type":"","background-media":"","overlay-type":"","overlay-color":"","overlay-opacity":"","overlay-gradient":""}},"ast-content-background-meta":{"desktop":{"background-color":"var(--ast-global-color-4)","background-image":"","background-repeat":"repeat","background-position":"center center","background-size":"auto","background-attachment":"scroll","background-type":"","background-media":"","overlay-type":"","overlay-color":"","overlay-opacity":"","overlay-gradient":""},"tablet":{"background-color":"var(--ast-global-color-4)","background-image":"","background-repeat":"repeat","background-position":"center center","background-size":"auto","background-attachment":"scroll","background-type":"","background-media":"","overlay-type":"","overlay-color":"","overlay-opacity":"","overlay-gradient":""},"mobile":{"background-color":"var(--ast-global-color-4)","background-image":"","background-repeat":"repeat","background-position":"center center","background-size":"auto","background-attachment":"scroll","background-type":"","background-media":"","overlay-type":"","overlay-color":"","overlay-opacity":"","overlay-gradient":""}},"_joinchat":[]},"product_brand":[],"product_cat":[95],"product_tag":[],"class_list":{"0":"post-4185","1":"product","2":"type-product","3":"status-publish","4":"has-post-thumbnail","6":"product_cat-tenus-bebe","7":"desktop-align-center","8":"tablet-align-left","9":"mobile-align-left","11":"first","12":"instock","13":"sold-individually","14":"taxable","15":"shipping-taxable","16":"purchasable","17":"product-type-variable"},"yoast_head":"<!-- This site is optimized with the Yoast SEO plugin v25.3 - https:\/\/yoast.com\/wordpress\/plugins\/seo\/ -->\n<title>ensemble enfant personnalis\u00e9 | chez TVG-PUB<\/title>\n<meta name=\"description\" content=\"Offrez \u00e0 votre enfant un look unique et \u00e9l\u00e9gant gr\u00e2ce \u00e0 cet ensemble personnalis\u00e9 selon vos pr\u00e9f\u00e9rences (pr\u00e9nom, motif, etc.).\" \/>\n<meta name=\"robots\" content=\"index, follow, max-snippet:-1, max-image-preview:large, max-video-preview:-1\" \/>\n<link rel=\"canonical\" href=\"https:\/\/tvgpub.com\/index.php\/produit\/ensemble-bebe-personnalise\/\" \/>\n<meta property=\"og:locale\" content=\"fr_FR\" \/>\n<meta property=\"og:type\" content=\"article\" \/>\n<meta property=\"og:title\" content=\"ensemble enfant personnalis\u00e9 | chez TVG-PUB\" \/>\n<meta property=\"og:description\" content=\"Offrez \u00e0 votre enfant un look unique et \u00e9l\u00e9gant gr\u00e2ce \u00e0 cet ensemble personnalis\u00e9 selon vos pr\u00e9f\u00e9rences (pr\u00e9nom, motif, etc.).\" \/>\n<meta property=\"og:url\" content=\"https:\/\/tvgpub.com\/index.php\/produit\/ensemble-bebe-personnalise\/\" \/>\n<meta property=\"article:publisher\" content=\"https:\/\/www.facebook.com\/profile.php?id=100054654241442\" \/>\n<meta property=\"article:modified_time\" content=\"2025-05-21T23:08:27+00:00\" \/>\n<meta property=\"og:image\" content=\"https:\/\/tvgpub.com\/wp-content\/uploads\/2025\/05\/WhatsApp-Image-2025-05-21-a-22.18.38_9b940af0.jpg\" \/>\n\t<meta property=\"og:image:width\" content=\"715\" \/>\n\t<meta property=\"og:image:height\" content=\"953\" \/>\n\t<meta property=\"og:image:type\" content=\"image\/jpeg\" \/>\n<meta name=\"twitter:card\" content=\"summary_large_image\" \/>\n<meta name=\"twitter:label1\" content=\"Dur\u00e9e de lecture estim\u00e9e\" \/>\n\t<meta name=\"twitter:data1\" content=\"1 minute\" \/>\n<script type=\"application\/ld+json\" class=\"yoast-schema-graph\">{\"@context\":\"https:\/\/schema.org\",\"@graph\":[{\"@type\":\"WebPage\",\"@id\":\"https:\/\/tvgpub.com\/index.php\/produit\/ensemble-bebe-personnalise\/\",\"url\":\"https:\/\/tvgpub.com\/index.php\/produit\/ensemble-bebe-personnalise\/\",\"name\":\"ensemble enfant personnalis\u00e9 | chez TVG-PUB\",\"isPartOf\":{\"@id\":\"https:\/\/tvgpub.com\/#website\"},\"primaryImageOfPage\":{\"@id\":\"https:\/\/tvgpub.com\/index.php\/produit\/ensemble-bebe-personnalise\/#primaryimage\"},\"image\":{\"@id\":\"https:\/\/tvgpub.com\/index.php\/produit\/ensemble-bebe-personnalise\/#primaryimage\"},\"thumbnailUrl\":\"https:\/\/tvgpub.com\/wp-content\/uploads\/2025\/05\/WhatsApp-Image-2025-05-21-a-22.18.38_9b940af0.jpg\",\"datePublished\":\"2025-05-21T22:35:09+00:00\",\"dateModified\":\"2025-05-21T23:08:27+00:00\",\"description\":\"Offrez \u00e0 votre enfant un look unique et \u00e9l\u00e9gant gr\u00e2ce \u00e0 cet ensemble personnalis\u00e9 selon vos pr\u00e9f\u00e9rences (pr\u00e9nom, motif, etc.).\",\"breadcrumb\":{\"@id\":\"https:\/\/tvgpub.com\/index.php\/produit\/ensemble-bebe-personnalise\/#breadcrumb\"},\"inLanguage\":\"fr-FR\",\"potentialAction\":[{\"@type\":\"ReadAction\",\"target\":[\"https:\/\/tvgpub.com\/index.php\/produit\/ensemble-bebe-personnalise\/\"]}]},{\"@type\":\"ImageObject\",\"inLanguage\":\"fr-FR\",\"@id\":\"https:\/\/tvgpub.com\/index.php\/produit\/ensemble-bebe-personnalise\/#primaryimage\",\"url\":\"https:\/\/tvgpub.com\/wp-content\/uploads\/2025\/05\/WhatsApp-Image-2025-05-21-a-22.18.38_9b940af0.jpg\",\"contentUrl\":\"https:\/\/tvgpub.com\/wp-content\/uploads\/2025\/05\/WhatsApp-Image-2025-05-21-a-22.18.38_9b940af0.jpg\",\"width\":715,\"height\":953,\"caption\":\"Ensemble b\u00e9b\u00e9 personnalis\u00e9\"},{\"@type\":\"BreadcrumbList\",\"@id\":\"https:\/\/tvgpub.com\/index.php\/produit\/ensemble-bebe-personnalise\/#breadcrumb\",\"itemListElement\":[{\"@type\":\"ListItem\",\"position\":1,\"name\":\"Accueil\",\"item\":\"https:\/\/tvgpub.com\/\"},{\"@type\":\"ListItem\",\"position\":2,\"name\":\"Produits personnalis\u00e9\",\"item\":\"https:\/\/tvgpub.com\/index.php\/produit-population-tunisie\/\"},{\"@type\":\"ListItem\",\"position\":3,\"name\":\"Tenu enfant\"}]},{\"@type\":\"WebSite\",\"@id\":\"https:\/\/tvgpub.com\/#website\",\"url\":\"https:\/\/tvgpub.com\/\",\"name\":\"tvg-pub\",\"description\":\"\",\"publisher\":{\"@id\":\"https:\/\/tvgpub.com\/#organization\"},\"potentialAction\":[{\"@type\":\"SearchAction\",\"target\":{\"@type\":\"EntryPoint\",\"urlTemplate\":\"https:\/\/tvgpub.com\/?s={search_term_string}\"},\"query-input\":{\"@type\":\"PropertyValueSpecification\",\"valueRequired\":true,\"valueName\":\"search_term_string\"}}],\"inLanguage\":\"fr-FR\"},{\"@type\":\"Organization\",\"@id\":\"https:\/\/tvgpub.com\/#organization\",\"name\":\"tvg-pub\",\"url\":\"https:\/\/tvgpub.com\/\",\"logo\":{\"@type\":\"ImageObject\",\"inLanguage\":\"fr-FR\",\"@id\":\"https:\/\/tvgpub.com\/#\/schema\/logo\/image\/\",\"url\":\"https:\/\/tvgpub.com\/wp-content\/uploads\/2025\/02\/received_1260973734993693-removebg-preview.png\",\"contentUrl\":\"https:\/\/tvgpub.com\/wp-content\/uploads\/2025\/02\/received_1260973734993693-removebg-preview.png\",\"width\":621,\"height\":402,\"caption\":\"tvg-pub\"},\"image\":{\"@id\":\"https:\/\/tvgpub.com\/#\/schema\/logo\/image\/\"},\"sameAs\":[\"https:\/\/www.facebook.com\/profile.php?id=100054654241442\"]}]}<\/script>\n<!-- \/ Yoast SEO plugin. -->","yoast_head_json":{"title":"ensemble enfant personnalis\u00e9 | chez TVG-PUB","description":"Offrez \u00e0 votre enfant un look unique et \u00e9l\u00e9gant gr\u00e2ce \u00e0 cet ensemble personnalis\u00e9 selon vos pr\u00e9f\u00e9rences (pr\u00e9nom, motif, etc.).","robots":{"index":"index","follow":"follow","max-snippet":"max-snippet:-1","max-image-preview":"max-image-preview:large","max-video-preview":"max-video-preview:-1"},"canonical":"https:\/\/tvgpub.com\/index.php\/produit\/ensemble-bebe-personnalise\/","og_locale":"fr_FR","og_type":"article","og_title":"ensemble enfant personnalis\u00e9 | chez TVG-PUB","og_description":"Offrez \u00e0 votre enfant un look unique et \u00e9l\u00e9gant gr\u00e2ce \u00e0 cet ensemble personnalis\u00e9 selon vos pr\u00e9f\u00e9rences (pr\u00e9nom, motif, etc.).","og_url":"https:\/\/tvgpub.com\/index.php\/produit\/ensemble-bebe-personnalise\/","article_publisher":"https:\/\/www.facebook.com\/profile.php?id=100054654241442","article_modified_time":"2025-05-21T23:08:27+00:00","og_image":[{"width":715,"height":953,"url":"https:\/\/tvgpub.com\/wp-content\/uploads\/2025\/05\/WhatsApp-Image-2025-05-21-a-22.18.38_9b940af0.jpg","type":"image\/jpeg"}],"twitter_card":"summary_large_image","twitter_misc":{"Dur\u00e9e de lecture estim\u00e9e":"1 minute"},"schema":{"@context":"https:\/\/schema.org","@graph":[{"@type":"WebPage","@id":"https:\/\/tvgpub.com\/index.php\/produit\/ensemble-bebe-personnalise\/","url":"https:\/\/tvgpub.com\/index.php\/produit\/ensemble-bebe-personnalise\/","name":"ensemble enfant personnalis\u00e9 | chez TVG-PUB","isPartOf":{"@id":"https:\/\/tvgpub.com\/#website"},"primaryImageOfPage":{"@id":"https:\/\/tvgpub.com\/index.php\/produit\/ensemble-bebe-personnalise\/#primaryimage"},"image":{"@id":"https:\/\/tvgpub.com\/index.php\/produit\/ensemble-bebe-personnalise\/#primaryimage"},"thumbnailUrl":"https:\/\/tvgpub.com\/wp-content\/uploads\/2025\/05\/WhatsApp-Image-2025-05-21-a-22.18.38_9b940af0.jpg","datePublished":"2025-05-21T22:35:09+00:00","dateModified":"2025-05-21T23:08:27+00:00","description":"Offrez \u00e0 votre enfant un look unique et \u00e9l\u00e9gant gr\u00e2ce \u00e0 cet ensemble personnalis\u00e9 selon vos pr\u00e9f\u00e9rences (pr\u00e9nom, motif, etc.).","breadcrumb":{"@id":"https:\/\/tvgpub.com\/index.php\/produit\/ensemble-bebe-personnalise\/#breadcrumb"},"inLanguage":"fr-FR","potentialAction":[{"@type":"ReadAction","target":["https:\/\/tvgpub.com\/index.php\/produit\/ensemble-bebe-personnalise\/"]}]},{"@type":"ImageObject","inLanguage":"fr-FR","@id":"https:\/\/tvgpub.com\/index.php\/produit\/ensemble-bebe-personnalise\/#primaryimage","url":"https:\/\/tvgpub.com\/wp-content\/uploads\/2025\/05\/WhatsApp-Image-2025-05-21-a-22.18.38_9b940af0.jpg","contentUrl":"https:\/\/tvgpub.com\/wp-content\/uploads\/2025\/05\/WhatsApp-Image-2025-05-21-a-22.18.38_9b940af0.jpg","width":715,"height":953,"caption":"Ensemble b\u00e9b\u00e9 personnalis\u00e9"},{"@type":"BreadcrumbList","@id":"https:\/\/tvgpub.com\/index.php\/produit\/ensemble-bebe-personnalise\/#breadcrumb","itemListElement":[{"@type":"ListItem","position":1,"name":"Accueil","item":"https:\/\/tvgpub.com\/"},{"@type":"ListItem","position":2,"name":"Produits personnalis\u00e9","item":"https:\/\/tvgpub.com\/index.php\/produit-population-tunisie\/"},{"@type":"ListItem","position":3,"name":"Tenu enfant"}]},{"@type":"WebSite","@id":"https:\/\/tvgpub.com\/#website","url":"https:\/\/tvgpub.com\/","name":"tvg-pub","description":"","publisher":{"@id":"https:\/\/tvgpub.com\/#organization"},"potentialAction":[{"@type":"SearchAction","target":{"@type":"EntryPoint","urlTemplate":"https:\/\/tvgpub.com\/?s={search_term_string}"},"query-input":{"@type":"PropertyValueSpecification","valueRequired":true,"valueName":"search_term_string"}}],"inLanguage":"fr-FR"},{"@type":"Organization","@id":"https:\/\/tvgpub.com\/#organization","name":"tvg-pub","url":"https:\/\/tvgpub.com\/","logo":{"@type":"ImageObject","inLanguage":"fr-FR","@id":"https:\/\/tvgpub.com\/#\/schema\/logo\/image\/","url":"https:\/\/tvgpub.com\/wp-content\/uploads\/2025\/02\/received_1260973734993693-removebg-preview.png","contentUrl":"https:\/\/tvgpub.com\/wp-content\/uploads\/2025\/02\/received_1260973734993693-removebg-preview.png","width":621,"height":402,"caption":"tvg-pub"},"image":{"@id":"https:\/\/tvgpub.com\/#\/schema\/logo\/image\/"},"sameAs":["https:\/\/www.facebook.com\/profile.php?id=100054654241442"]}]}},"_links":{"self":[{"href":"https:\/\/tvgpub.com\/index.php\/wp-json\/wp\/v2\/product\/4185","targetHints":{"allow":["GET"]}}],"collection":[{"href":"https:\/\/tvgpub.com\/index.php\/wp-json\/wp\/v2\/product"}],"about":[{"href":"https:\/\/tvgpub.com\/index.php\/wp-json\/wp\/v2\/types\/product"}],"replies":[{"embeddable":true,"href":"https:\/\/tvgpub.com\/index.php\/wp-json\/wp\/v2\/comments?post=4185"}],"wp:featuredmedia":[{"embeddable":true,"href":"https:\/\/tvgpub.com\/index.php\/wp-json\/wp\/v2\/media\/4217"}],"wp:attachment":[{"href":"https:\/\/tvgpub.com\/index.php\/wp-json\/wp\/v2\/media?parent=4185"}],"wp:term":[{"taxonomy":"product_brand","embeddable":true,"href":"https:\/\/tvgpub.com\/index.php\/wp-json\/wp\/v2\/product_brand?post=4185"},{"taxonomy":"product_cat","embeddable":true,"href":"https:\/\/tvgpub.com\/index.php\/wp-json\/wp\/v2\/product_cat?post=4185"},{"taxonomy":"product_tag","embeddable":true,"href":"https:\/\/tvgpub.com\/index.php\/wp-json\/wp\/v2\/product_tag?post=4185"}],"curies":[{"name":"wp","href":"https:\/\/api.w.org\/{rel}","templated":true}]}}