{"id":1764,"date":"2025-03-09T20:12:05","date_gmt":"2025-03-09T19:12:05","guid":{"rendered":"http:\/\/localhost\/tvg-pub\/?post_type=product&#038;p=1764"},"modified":"2026-04-18T03:36:27","modified_gmt":"2026-04-18T01:36:27","slug":"rouleau-de-papier-a-colorier-personnalise","status":"publish","type":"product","link":"https:\/\/tvgpub.com\/index.php\/produit\/rouleau-de-papier-a-colorier-personnalise\/","title":{"rendered":"Rouleau de papier \u00e0 colorier"},"content":{"rendered":"<h2 class=\"whitespace-pre-wrap break-words\">Rouleau de Papier \u00e0 Colorier Personnalis\u00e9 chez TVG pour les enfants:<\/h2>\n<p class=\"whitespace-pre-wrap break-words\"><strong data-start=\"162\" data-end=\"226\">TVG-Pub propose un Rouleau de Papier \u00e0 Colorier Personnalis\u00e9<\/strong>, qui repr\u00e9sente une solution \u00e0 la fois innovante et hautement personnalisable pour stimuler la cr\u00e9ativit\u00e9 des enfants. <strong data-start=\"346\" data-end=\"358\">D\u00e8s lors<\/strong>, ce support artistique unique offre une exp\u00e9rience de coloriage <strong data-start=\"423\" data-end=\"456\">riche, immersive et adaptable<\/strong>, permettant ainsi aux plus jeunes de s&rsquo;exprimer pleinement \u00e0 travers l\u2019art. <strong data-start=\"533\" data-end=\"549\">Par ailleurs<\/strong>, il constitue une activit\u00e9 \u00e0 la fois <strong data-start=\"587\" data-end=\"611\" data-is-only-node=\"\">\u00e9ducative et ludique<\/strong>, qui favorise l\u2019imagination <strong data-start=\"640\" data-end=\"651\">tout en<\/strong> offrant de nombreuses possibilit\u00e9s de personnalisation. <strong data-start=\"708\" data-end=\"720\">En somme<\/strong>, c\u2019est un outil id\u00e9al pour allier apprentissage, plaisir et visibilit\u00e9 de marque.<\/p>\n<h3 class=\"whitespace-pre-wrap break-words\">Dimensions et Flexibilit\u00e9<\/h3>\n<p class=\"\" data-start=\"730\" data-end=\"933\">Concernant les dimensions, le rouleau de papier \u00e0 colorier est disponible dans plusieurs formats strat\u00e9giques, chacun pens\u00e9 pour s&rsquo;adapter \u00e0 diff\u00e9rents besoins et projets. Voici les options disponibles :<\/p>\n<ul data-start=\"935\" data-end=\"1107\">\n<li class=\"\" data-start=\"935\" data-end=\"991\">\n<p class=\"\" data-start=\"937\" data-end=\"991\"><strong data-start=\"937\" data-end=\"951\">Option 1 :<\/strong> 35 cm de largeur \u00d7 2 m\u00e8tres de longueur<\/p>\n<\/li>\n<li class=\"\" data-start=\"992\" data-end=\"1048\">\n<p class=\"\" data-start=\"994\" data-end=\"1048\"><strong data-start=\"994\" data-end=\"1008\">Option 2 :<\/strong> 50 cm de largeur \u00d7 2 m\u00e8tres de longueur<\/p>\n<\/li>\n<li class=\"\" data-start=\"1049\" data-end=\"1107\">\n<p class=\"\" data-start=\"1051\" data-end=\"1107\"><strong data-start=\"1051\" data-end=\"1065\">Option 3 :<\/strong> 2 m\u00e8tres de largeur \u00d7 1 m\u00e8tre de longueur<\/p>\n<\/li>\n<\/ul>\n<p class=\"\" data-start=\"1109\" data-end=\"1320\">Ces formats vari\u00e9s permettent ainsi de r\u00e9pondre \u00e0 des projets de coloriage avec des objectifs et des contraintes diverses, offrant une flexibilit\u00e9 maximale en fonction des pr\u00e9f\u00e9rences et des exigences du client.<\/p>\n<h4 class=\"whitespace-pre-wrap break-words\">Personnalisation sur-Mesure<\/h4>\n<p class=\"whitespace-pre-wrap break-words\">L&rsquo;agence TVG se d\u00e9marque par sa capacit\u00e9 \u00e0 adapter int\u00e9gralement le contenu : th\u00e9matiques, nombre d&rsquo;illustrations, style graphique peuvent \u00eatre modul\u00e9s selon les attentes pr\u00e9cises du client.<\/p>\n<h4 class=\"whitespace-pre-wrap break-words\">B\u00e9n\u00e9fices Cr\u00e9atifs<\/h4>\n<p class=\"whitespace-pre-wrap break-words\">Ce rouleau stimule l&rsquo;imagination, d\u00e9veloppe la motricit\u00e9 fine et offre un moment de d\u00e9tente artistique ludique et personnalis\u00e9 pour les enfants.<\/p>\n<h4 class=\"whitespace-pre-wrap break-words\">Personnalisation sur Mesure<\/h4>\n<p class=\"whitespace-pre-wrap break-words\">Le rouleau de coloriage TVG se distingue par sa capacit\u00e9 unique de personnalisation totale. En effet, chaque commande repr\u00e9sente une v\u00e9ritable opportunit\u00e9 de cr\u00e9ation sur-mesure, o\u00f9 l&rsquo;agence TVG prend soin d&rsquo;adapter m\u00e9ticuleusement le contenu aux d\u00e9sirs sp\u00e9cifiques de ses clients. Ainsi, que ce soit en modifiant les th\u00e9matiques, en ajustant le nombre d&rsquo;illustrations, en personnalisant le style graphique ou en choisissant parmi les diff\u00e9rents formats disponibles, chaque rouleau devient une \u0153uvre cr\u00e9ative unique. Par cons\u00e9quent, il est parfaitement align\u00e9 avec les attentes et les besoins pr\u00e9cis du client.<\/p>\n","protected":false},"excerpt":{"rendered":"<h3>Rouleau de Papier \u00e0 Colorier Personnalis\u00e9 TVG :<\/h3>\n<p><span style=\"color: #000080;\"><strong>\u00a0TVG-Pub<\/strong><\/span> offre un\u00a0<strong data-start=\"2016\" data-end=\"2061\">rouleau de papier \u00e0 colorier personnalis\u00e9<\/strong> qui est un support original de <strong data-start=\"2098\" data-end=\"2147\">cr\u00e9ativit\u00e9 <\/strong>pour les enfants.Le rouleau semble \u00eatre destin\u00e9 aux enfants qui aiment colorier et qui appr\u00e9cient les th\u00e8mes des princesses, des v\u00eatements et des animaux.<\/p>\n","protected":false},"featured_media":4116,"comment_status":"open","ping_status":"closed","template":"","meta":{"site-sidebar-layout":"default","site-content-layout":"","ast-site-content-layout":"default","site-content-style":"default","site-sidebar-style":"default","ast-global-header-display":"","ast-banner-title-visibility":"","ast-main-header-display":"disabled","ast-hfb-above-header-display":"","ast-hfb-below-header-display":"","ast-hfb-mobile-header-display":"disabled","site-post-title":"","ast-breadcrumbs-content":"disabled","ast-featured-img":"","footer-sml-layout":"","theme-transparent-header-meta":"default","adv-header-id-meta":"","stick-header-meta":"","header-above-stick-meta":"","header-main-stick-meta":"","header-below-stick-meta":"","astra-migrate-meta-layouts":"set","ast-page-background-enabled":"default","ast-page-background-meta":{"desktop":{"background-color":"var(--ast-global-color-5)","background-image":"","background-repeat":"repeat","background-position":"center center","background-size":"auto","background-attachment":"scroll","background-type":"","background-media":"","overlay-type":"","overlay-color":"","overlay-opacity":"","overlay-gradient":""},"tablet":{"background-color":"","background-image":"","background-repeat":"repeat","background-position":"center center","background-size":"auto","background-attachment":"scroll","background-type":"","background-media":"","overlay-type":"","overlay-color":"","overlay-opacity":"","overlay-gradient":""},"mobile":{"background-color":"","background-image":"","background-repeat":"repeat","background-position":"center center","background-size":"auto","background-attachment":"scroll","background-type":"","background-media":"","overlay-type":"","overlay-color":"","overlay-opacity":"","overlay-gradient":""}},"ast-content-background-meta":{"desktop":{"background-color":"var(--ast-global-color-4)","background-image":"","background-repeat":"repeat","background-position":"center center","background-size":"auto","background-attachment":"scroll","background-type":"","background-media":"","overlay-type":"","overlay-color":"","overlay-opacity":"","overlay-gradient":""},"tablet":{"background-color":"var(--ast-global-color-4)","background-image":"","background-repeat":"repeat","background-position":"center center","background-size":"auto","background-attachment":"scroll","background-type":"","background-media":"","overlay-type":"","overlay-color":"","overlay-opacity":"","overlay-gradient":""},"mobile":{"background-color":"var(--ast-global-color-4)","background-image":"","background-repeat":"repeat","background-position":"center center","background-size":"auto","background-attachment":"scroll","background-type":"","background-media":"","overlay-type":"","overlay-color":"","overlay-opacity":"","overlay-gradient":""}},"_joinchat":[]},"product_brand":[],"product_cat":[81],"product_tag":[43],"class_list":{"0":"post-1764","1":"product","2":"type-product","3":"status-publish","4":"has-post-thumbnail","6":"product_cat-papier","7":"product_tag-personnalise","8":"desktop-align-center","9":"tablet-align-left","10":"mobile-align-left","12":"first","13":"instock","14":"taxable","15":"shipping-taxable","16":"purchasable","17":"product-type-variable"},"yoast_head":"<!-- This site is optimized with the Yoast SEO plugin v25.3 - https:\/\/yoast.com\/wordpress\/plugins\/seo\/ -->\n<title>Rouleau de Papier \u00e0 Colorier Personnalis\u00e9 | chez TVG-Pub<\/title>\n<meta name=\"description\" content=\"Rouleau de Papier \u00e0 Colorier Personnalis\u00e9 chez TVG-Pub, un espace cr\u00e9atif! Laissez les enfants lib\u00e9rer leur imagination en colorer, dessiner tout en jouant.\" \/>\n<meta name=\"robots\" content=\"index, follow, max-snippet:-1, max-image-preview:large, max-video-preview:-1\" \/>\n<link rel=\"canonical\" href=\"https:\/\/tvgpub.com\/index.php\/produit\/rouleau-de-papier-a-colorier-personnalise\/\" \/>\n<meta property=\"og:locale\" content=\"fr_FR\" \/>\n<meta property=\"og:type\" content=\"article\" \/>\n<meta property=\"og:title\" content=\"Rouleau de Papier \u00e0 Colorier Personnalis\u00e9 | chez TVG-Pub\" \/>\n<meta property=\"og:description\" content=\"Rouleau de Papier \u00e0 Colorier Personnalis\u00e9 chez TVG-Pub, un espace cr\u00e9atif! Laissez les enfants lib\u00e9rer leur imagination en colorer, dessiner tout en jouant.\" \/>\n<meta property=\"og:url\" content=\"https:\/\/tvgpub.com\/index.php\/produit\/rouleau-de-papier-a-colorier-personnalise\/\" \/>\n<meta property=\"article:publisher\" content=\"https:\/\/www.facebook.com\/profile.php?id=100054654241442\" \/>\n<meta property=\"article:modified_time\" content=\"2026-04-18T01:36:27+00:00\" \/>\n<meta property=\"og:image\" content=\"https:\/\/tvgpub.com\/wp-content\/uploads\/2025\/03\/Presentation-professionnelle-agence-marketing-digital-creation-de-contenus-moderne-collage-colore-35-1-1-1-1-1024x576.jpg\" \/>\n\t<meta property=\"og:image:width\" content=\"1024\" \/>\n\t<meta property=\"og:image:height\" content=\"576\" \/>\n\t<meta property=\"og:image:type\" content=\"image\/jpeg\" \/>\n<meta name=\"twitter:card\" content=\"summary_large_image\" \/>\n<meta name=\"twitter:label1\" content=\"Dur\u00e9e de lecture estim\u00e9e\" \/>\n\t<meta name=\"twitter:data1\" content=\"2 minutes\" \/>\n<script type=\"application\/ld+json\" class=\"yoast-schema-graph\">{\"@context\":\"https:\/\/schema.org\",\"@graph\":[{\"@type\":\"WebPage\",\"@id\":\"https:\/\/tvgpub.com\/index.php\/produit\/rouleau-de-papier-a-colorier-personnalise\/\",\"url\":\"https:\/\/tvgpub.com\/index.php\/produit\/rouleau-de-papier-a-colorier-personnalise\/\",\"name\":\"Rouleau de Papier \u00e0 Colorier Personnalis\u00e9 | chez TVG-Pub\",\"isPartOf\":{\"@id\":\"https:\/\/tvgpub.com\/#website\"},\"primaryImageOfPage\":{\"@id\":\"https:\/\/tvgpub.com\/index.php\/produit\/rouleau-de-papier-a-colorier-personnalise\/#primaryimage\"},\"image\":{\"@id\":\"https:\/\/tvgpub.com\/index.php\/produit\/rouleau-de-papier-a-colorier-personnalise\/#primaryimage\"},\"thumbnailUrl\":\"https:\/\/tvgpub.com\/wp-content\/uploads\/2025\/03\/Presentation-professionnelle-agence-marketing-digital-creation-de-contenus-moderne-collage-colore-35-1-1-1-1.jpg\",\"datePublished\":\"2025-03-09T19:12:05+00:00\",\"dateModified\":\"2026-04-18T01:36:27+00:00\",\"description\":\"Rouleau de Papier \u00e0 Colorier Personnalis\u00e9 chez TVG-Pub, un espace cr\u00e9atif! Laissez les enfants lib\u00e9rer leur imagination en colorer, dessiner tout en jouant.\",\"breadcrumb\":{\"@id\":\"https:\/\/tvgpub.com\/index.php\/produit\/rouleau-de-papier-a-colorier-personnalise\/#breadcrumb\"},\"inLanguage\":\"fr-FR\",\"potentialAction\":[{\"@type\":\"ReadAction\",\"target\":[\"https:\/\/tvgpub.com\/index.php\/produit\/rouleau-de-papier-a-colorier-personnalise\/\"]}]},{\"@type\":\"ImageObject\",\"inLanguage\":\"fr-FR\",\"@id\":\"https:\/\/tvgpub.com\/index.php\/produit\/rouleau-de-papier-a-colorier-personnalise\/#primaryimage\",\"url\":\"https:\/\/tvgpub.com\/wp-content\/uploads\/2025\/03\/Presentation-professionnelle-agence-marketing-digital-creation-de-contenus-moderne-collage-colore-35-1-1-1-1.jpg\",\"contentUrl\":\"https:\/\/tvgpub.com\/wp-content\/uploads\/2025\/03\/Presentation-professionnelle-agence-marketing-digital-creation-de-contenus-moderne-collage-colore-35-1-1-1-1.jpg\",\"width\":1920,\"height\":1080,\"caption\":\"Rouleau de papier \u00e0 colorier\"},{\"@type\":\"BreadcrumbList\",\"@id\":\"https:\/\/tvgpub.com\/index.php\/produit\/rouleau-de-papier-a-colorier-personnalise\/#breadcrumb\",\"itemListElement\":[{\"@type\":\"ListItem\",\"position\":1,\"name\":\"Accueil\",\"item\":\"https:\/\/tvgpub.com\/\"},{\"@type\":\"ListItem\",\"position\":2,\"name\":\"Produits personnalis\u00e9\",\"item\":\"https:\/\/tvgpub.com\/index.php\/produit-population-tunisie\/\"},{\"@type\":\"ListItem\",\"position\":3,\"name\":\"Rouleau de papier \u00e0 colorier\"}]},{\"@type\":\"WebSite\",\"@id\":\"https:\/\/tvgpub.com\/#website\",\"url\":\"https:\/\/tvgpub.com\/\",\"name\":\"tvg-pub\",\"description\":\"\",\"publisher\":{\"@id\":\"https:\/\/tvgpub.com\/#organization\"},\"potentialAction\":[{\"@type\":\"SearchAction\",\"target\":{\"@type\":\"EntryPoint\",\"urlTemplate\":\"https:\/\/tvgpub.com\/?s={search_term_string}\"},\"query-input\":{\"@type\":\"PropertyValueSpecification\",\"valueRequired\":true,\"valueName\":\"search_term_string\"}}],\"inLanguage\":\"fr-FR\"},{\"@type\":\"Organization\",\"@id\":\"https:\/\/tvgpub.com\/#organization\",\"name\":\"tvg-pub\",\"url\":\"https:\/\/tvgpub.com\/\",\"logo\":{\"@type\":\"ImageObject\",\"inLanguage\":\"fr-FR\",\"@id\":\"https:\/\/tvgpub.com\/#\/schema\/logo\/image\/\",\"url\":\"https:\/\/tvgpub.com\/wp-content\/uploads\/2025\/02\/received_1260973734993693-removebg-preview.png\",\"contentUrl\":\"https:\/\/tvgpub.com\/wp-content\/uploads\/2025\/02\/received_1260973734993693-removebg-preview.png\",\"width\":621,\"height\":402,\"caption\":\"tvg-pub\"},\"image\":{\"@id\":\"https:\/\/tvgpub.com\/#\/schema\/logo\/image\/\"},\"sameAs\":[\"https:\/\/www.facebook.com\/profile.php?id=100054654241442\"]}]}<\/script>\n<!-- \/ Yoast SEO plugin. -->","yoast_head_json":{"title":"Rouleau de Papier \u00e0 Colorier Personnalis\u00e9 | chez TVG-Pub","description":"Rouleau de Papier \u00e0 Colorier Personnalis\u00e9 chez TVG-Pub, un espace cr\u00e9atif! Laissez les enfants lib\u00e9rer leur imagination en colorer, dessiner tout en jouant.","robots":{"index":"index","follow":"follow","max-snippet":"max-snippet:-1","max-image-preview":"max-image-preview:large","max-video-preview":"max-video-preview:-1"},"canonical":"https:\/\/tvgpub.com\/index.php\/produit\/rouleau-de-papier-a-colorier-personnalise\/","og_locale":"fr_FR","og_type":"article","og_title":"Rouleau de Papier \u00e0 Colorier Personnalis\u00e9 | chez TVG-Pub","og_description":"Rouleau de Papier \u00e0 Colorier Personnalis\u00e9 chez TVG-Pub, un espace cr\u00e9atif! Laissez les enfants lib\u00e9rer leur imagination en colorer, dessiner tout en jouant.","og_url":"https:\/\/tvgpub.com\/index.php\/produit\/rouleau-de-papier-a-colorier-personnalise\/","article_publisher":"https:\/\/www.facebook.com\/profile.php?id=100054654241442","article_modified_time":"2026-04-18T01:36:27+00:00","og_image":[{"width":1024,"height":576,"url":"https:\/\/tvgpub.com\/wp-content\/uploads\/2025\/03\/Presentation-professionnelle-agence-marketing-digital-creation-de-contenus-moderne-collage-colore-35-1-1-1-1-1024x576.jpg","type":"image\/jpeg"}],"twitter_card":"summary_large_image","twitter_misc":{"Dur\u00e9e de lecture estim\u00e9e":"2 minutes"},"schema":{"@context":"https:\/\/schema.org","@graph":[{"@type":"WebPage","@id":"https:\/\/tvgpub.com\/index.php\/produit\/rouleau-de-papier-a-colorier-personnalise\/","url":"https:\/\/tvgpub.com\/index.php\/produit\/rouleau-de-papier-a-colorier-personnalise\/","name":"Rouleau de Papier \u00e0 Colorier Personnalis\u00e9 | chez TVG-Pub","isPartOf":{"@id":"https:\/\/tvgpub.com\/#website"},"primaryImageOfPage":{"@id":"https:\/\/tvgpub.com\/index.php\/produit\/rouleau-de-papier-a-colorier-personnalise\/#primaryimage"},"image":{"@id":"https:\/\/tvgpub.com\/index.php\/produit\/rouleau-de-papier-a-colorier-personnalise\/#primaryimage"},"thumbnailUrl":"https:\/\/tvgpub.com\/wp-content\/uploads\/2025\/03\/Presentation-professionnelle-agence-marketing-digital-creation-de-contenus-moderne-collage-colore-35-1-1-1-1.jpg","datePublished":"2025-03-09T19:12:05+00:00","dateModified":"2026-04-18T01:36:27+00:00","description":"Rouleau de Papier \u00e0 Colorier Personnalis\u00e9 chez TVG-Pub, un espace cr\u00e9atif! Laissez les enfants lib\u00e9rer leur imagination en colorer, dessiner tout en jouant.","breadcrumb":{"@id":"https:\/\/tvgpub.com\/index.php\/produit\/rouleau-de-papier-a-colorier-personnalise\/#breadcrumb"},"inLanguage":"fr-FR","potentialAction":[{"@type":"ReadAction","target":["https:\/\/tvgpub.com\/index.php\/produit\/rouleau-de-papier-a-colorier-personnalise\/"]}]},{"@type":"ImageObject","inLanguage":"fr-FR","@id":"https:\/\/tvgpub.com\/index.php\/produit\/rouleau-de-papier-a-colorier-personnalise\/#primaryimage","url":"https:\/\/tvgpub.com\/wp-content\/uploads\/2025\/03\/Presentation-professionnelle-agence-marketing-digital-creation-de-contenus-moderne-collage-colore-35-1-1-1-1.jpg","contentUrl":"https:\/\/tvgpub.com\/wp-content\/uploads\/2025\/03\/Presentation-professionnelle-agence-marketing-digital-creation-de-contenus-moderne-collage-colore-35-1-1-1-1.jpg","width":1920,"height":1080,"caption":"Rouleau de papier \u00e0 colorier"},{"@type":"BreadcrumbList","@id":"https:\/\/tvgpub.com\/index.php\/produit\/rouleau-de-papier-a-colorier-personnalise\/#breadcrumb","itemListElement":[{"@type":"ListItem","position":1,"name":"Accueil","item":"https:\/\/tvgpub.com\/"},{"@type":"ListItem","position":2,"name":"Produits personnalis\u00e9","item":"https:\/\/tvgpub.com\/index.php\/produit-population-tunisie\/"},{"@type":"ListItem","position":3,"name":"Rouleau de papier \u00e0 colorier"}]},{"@type":"WebSite","@id":"https:\/\/tvgpub.com\/#website","url":"https:\/\/tvgpub.com\/","name":"tvg-pub","description":"","publisher":{"@id":"https:\/\/tvgpub.com\/#organization"},"potentialAction":[{"@type":"SearchAction","target":{"@type":"EntryPoint","urlTemplate":"https:\/\/tvgpub.com\/?s={search_term_string}"},"query-input":{"@type":"PropertyValueSpecification","valueRequired":true,"valueName":"search_term_string"}}],"inLanguage":"fr-FR"},{"@type":"Organization","@id":"https:\/\/tvgpub.com\/#organization","name":"tvg-pub","url":"https:\/\/tvgpub.com\/","logo":{"@type":"ImageObject","inLanguage":"fr-FR","@id":"https:\/\/tvgpub.com\/#\/schema\/logo\/image\/","url":"https:\/\/tvgpub.com\/wp-content\/uploads\/2025\/02\/received_1260973734993693-removebg-preview.png","contentUrl":"https:\/\/tvgpub.com\/wp-content\/uploads\/2025\/02\/received_1260973734993693-removebg-preview.png","width":621,"height":402,"caption":"tvg-pub"},"image":{"@id":"https:\/\/tvgpub.com\/#\/schema\/logo\/image\/"},"sameAs":["https:\/\/www.facebook.com\/profile.php?id=100054654241442"]}]}},"_links":{"self":[{"href":"https:\/\/tvgpub.com\/index.php\/wp-json\/wp\/v2\/product\/1764","targetHints":{"allow":["GET"]}}],"collection":[{"href":"https:\/\/tvgpub.com\/index.php\/wp-json\/wp\/v2\/product"}],"about":[{"href":"https:\/\/tvgpub.com\/index.php\/wp-json\/wp\/v2\/types\/product"}],"replies":[{"embeddable":true,"href":"https:\/\/tvgpub.com\/index.php\/wp-json\/wp\/v2\/comments?post=1764"}],"wp:featuredmedia":[{"embeddable":true,"href":"https:\/\/tvgpub.com\/index.php\/wp-json\/wp\/v2\/media\/4116"}],"wp:attachment":[{"href":"https:\/\/tvgpub.com\/index.php\/wp-json\/wp\/v2\/media?parent=1764"}],"wp:term":[{"taxonomy":"product_brand","embeddable":true,"href":"https:\/\/tvgpub.com\/index.php\/wp-json\/wp\/v2\/product_brand?post=1764"},{"taxonomy":"product_cat","embeddable":true,"href":"https:\/\/tvgpub.com\/index.php\/wp-json\/wp\/v2\/product_cat?post=1764"},{"taxonomy":"product_tag","embeddable":true,"href":"https:\/\/tvgpub.com\/index.php\/wp-json\/wp\/v2\/product_tag?post=1764"}],"curies":[{"name":"wp","href":"https:\/\/api.w.org\/{rel}","templated":true}]}}