{"id":1038,"date":"2025-03-07T23:15:15","date_gmt":"2025-03-07T22:15:15","guid":{"rendered":"http:\/\/localhost\/tvg-pub\/?post_type=product&#038;p=1038"},"modified":"2026-04-18T03:36:08","modified_gmt":"2026-04-18T01:36:08","slug":"puzzle-personnalise","status":"publish","type":"product","link":"https:\/\/tvgpub.com\/index.php\/produit\/puzzle-personnalise\/","title":{"rendered":"Puzzle personnalis\u00e9"},"content":{"rendered":"<h2 class=\"text-2xl font-bold mt-1 text-text-200\">Puzzle Personnalis\u00e9 TVG Design | Une Exp\u00e9rience Cr\u00e9ative Unique<\/h2>\n<p class=\"whitespace-pre-wrap break-words\">TVG-Pub Design introduit un concept novateur de puzzle personnalis\u00e9, sp\u00e9cifiquement pens\u00e9 pour les citoyens tunisiens. Gr\u00e2ce \u00e0 ses possibilit\u00e9s de personnalisation, il devient une v\u00e9ritable \u0153uvre d\u2019art interactive et personnelle, offrant \u00e0 chacun l\u2019opportunit\u00e9 de cr\u00e9er un objet \u00e0 la fois ludique et porteur de sens.<\/p>\n<p class=\"whitespace-pre-wrap break-words\">En effet, gr\u00e2ce \u00e0 une personnalisation compl\u00e8te, chaque puzzle devient une exp\u00e9rience unique, qui permet aux clients de donner vie \u00e0 leurs souvenirs, \u00e9motions et inspirations les plus pr\u00e9cieux. Par cons\u00e9quent, ce produit offre une mani\u00e8re originale et significative d\u2019immortaliser des moments sp\u00e9ciaux.<\/p>\n<h4 class=\"\" data-start=\"2110\" data-end=\"2168\"><strong data-start=\"2118\" data-end=\"2168\">Pourquoi choisir un puzzle personnalis\u00e9 ?\u00a0<\/strong><\/h4>\n<ul data-start=\"2170\" data-end=\"2380\">\n<li class=\"\" data-start=\"2170\" data-end=\"2206\">\n<p class=\"\" data-start=\"2172\" data-end=\"2206\">Support cr\u00e9atif et diff\u00e9renciant<\/p>\n<\/li>\n<li class=\"\" data-start=\"2207\" data-end=\"2272\">\n<p class=\"\" data-start=\"2209\" data-end=\"2272\">Engage le destinataire \u00e0 interagir avec votre image de marque<\/p>\n<\/li>\n<li class=\"\" data-start=\"2273\" data-end=\"2341\">\n<p class=\"\" data-start=\"2275\" data-end=\"2341\">Id\u00e9al pour le marketing \u00e9v\u00e9nementiel, \u00e9ducatif ou institutionnel<\/p>\n<\/li>\n<li class=\"\" data-start=\"2342\" data-end=\"2380\">\n<p class=\"\" data-start=\"2344\" data-end=\"2380\">Adapt\u00e9 aux enfants comme aux adultes<\/p>\n<\/li>\n<\/ul>\n<h3>Libert\u00e9 Cr\u00e9ative<\/h3>\n<p class=\"whitespace-pre-wrap break-words\">Ce puzzle offre une libert\u00e9 totale de personnalisation, car chaque exemplaire est une toile vierge num\u00e9rique pr\u00eate \u00e0 accueillir l&rsquo;image de votre choix. Que ce soit une photographie de famille m\u00e9morable, un paysage sublime, un portrait artistique ou m\u00eame un design graphique personnel, TVG Design transforme votre vision en une exp\u00e9rience \u00e0 la fois ludique et d\u00e9corative.<\/p>\n<p class=\"whitespace-pre-wrap break-words\">En effet, vous pouvez ainsi cr\u00e9er un puzzle qui raconte une histoire, capte un moment sp\u00e9cial ou refl\u00e8te votre style unique. De plus, en int\u00e9grant l&rsquo;image de leur choix, les clients peuvent cr\u00e9er un puzzle qui correspond parfaitement \u00e0 leurs go\u00fbts et \u00e0 leurs besoins.<\/p>\n","protected":false},"excerpt":{"rendered":"<h3>Puzzle Personnalis\u00e9 TVG Design<\/h3>\n<p><span style=\"color: #000080;\"><strong>TVG-Pub<\/strong><\/span> offre une cr\u00e9ation unique \u00a0<strong data-start=\"1870\" data-end=\"1906\">puzzle personnalis\u00e9<\/strong> est un objet interactif qui marque les esprits. \u00c0 la fois ludique, visuel et intelligent, il permet de faire passer votre message de mani\u00e8re originale.<\/p>\n","protected":false},"featured_media":3530,"comment_status":"open","ping_status":"closed","template":"","meta":{"site-sidebar-layout":"default","site-content-layout":"","ast-site-content-layout":"default","site-content-style":"default","site-sidebar-style":"default","ast-global-header-display":"","ast-banner-title-visibility":"","ast-main-header-display":"disabled","ast-hfb-above-header-display":"","ast-hfb-below-header-display":"disabled","ast-hfb-mobile-header-display":"disabled","site-post-title":"","ast-breadcrumbs-content":"disabled","ast-featured-img":"","footer-sml-layout":"","theme-transparent-header-meta":"default","adv-header-id-meta":"","stick-header-meta":"","header-above-stick-meta":"","header-main-stick-meta":"","header-below-stick-meta":"","astra-migrate-meta-layouts":"set","ast-page-background-enabled":"default","ast-page-background-meta":{"desktop":{"background-color":"var(--ast-global-color-5)","background-image":"","background-repeat":"repeat","background-position":"center center","background-size":"auto","background-attachment":"scroll","background-type":"","background-media":"","overlay-type":"","overlay-color":"","overlay-opacity":"","overlay-gradient":""},"tablet":{"background-color":"","background-image":"","background-repeat":"repeat","background-position":"center center","background-size":"auto","background-attachment":"scroll","background-type":"","background-media":"","overlay-type":"","overlay-color":"","overlay-opacity":"","overlay-gradient":""},"mobile":{"background-color":"","background-image":"","background-repeat":"repeat","background-position":"center center","background-size":"auto","background-attachment":"scroll","background-type":"","background-media":"","overlay-type":"","overlay-color":"","overlay-opacity":"","overlay-gradient":""}},"ast-content-background-meta":{"desktop":{"background-color":"var(--ast-global-color-4)","background-image":"","background-repeat":"repeat","background-position":"center center","background-size":"auto","background-attachment":"scroll","background-type":"","background-media":"","overlay-type":"","overlay-color":"","overlay-opacity":"","overlay-gradient":""},"tablet":{"background-color":"var(--ast-global-color-4)","background-image":"","background-repeat":"repeat","background-position":"center center","background-size":"auto","background-attachment":"scroll","background-type":"","background-media":"","overlay-type":"","overlay-color":"","overlay-opacity":"","overlay-gradient":""},"mobile":{"background-color":"var(--ast-global-color-4)","background-image":"","background-repeat":"repeat","background-position":"center center","background-size":"auto","background-attachment":"scroll","background-type":"","background-media":"","overlay-type":"","overlay-color":"","overlay-opacity":"","overlay-gradient":""}},"_joinchat":[]},"product_brand":[],"product_cat":[65],"product_tag":[78],"class_list":{"0":"post-1038","1":"product","2":"type-product","3":"status-publish","4":"has-post-thumbnail","6":"product_cat-tableau","7":"product_tag-personnnalise","8":"desktop-align-center","9":"tablet-align-left","10":"mobile-align-left","12":"first","13":"instock","14":"taxable","15":"shipping-taxable","16":"purchasable","17":"product-type-simple"},"yoast_head":"<!-- This site is optimized with the Yoast SEO plugin v25.3 - https:\/\/yoast.com\/wordpress\/plugins\/seo\/ -->\n<title>Puzzle personnalis\u00e9 | chez TVG-Pub<\/title>\n<meta name=\"description\" content=\"Chez TVG-Pub, peuvent cr\u00e9er leur propre puzzle personnalis\u00e9 en choisissant une image de souvenir, un paysage ou un design unique.\" \/>\n<meta name=\"robots\" content=\"index, follow, max-snippet:-1, max-image-preview:large, max-video-preview:-1\" \/>\n<link rel=\"canonical\" href=\"https:\/\/tvgpub.com\/index.php\/produit\/puzzle-personnalise\/\" \/>\n<meta property=\"og:locale\" content=\"fr_FR\" \/>\n<meta property=\"og:type\" content=\"article\" \/>\n<meta property=\"og:title\" content=\"Puzzle personnalis\u00e9 | chez TVG-Pub\" \/>\n<meta property=\"og:description\" content=\"Chez TVG-Pub, peuvent cr\u00e9er leur propre puzzle personnalis\u00e9 en choisissant une image de souvenir, un paysage ou un design unique.\" \/>\n<meta property=\"og:url\" content=\"https:\/\/tvgpub.com\/index.php\/produit\/puzzle-personnalise\/\" \/>\n<meta property=\"article:publisher\" content=\"https:\/\/www.facebook.com\/profile.php?id=100054654241442\" \/>\n<meta property=\"article:modified_time\" content=\"2026-04-18T01:36:08+00:00\" \/>\n<meta property=\"og:image\" content=\"https:\/\/tvgpub.com\/wp-content\/uploads\/2025\/03\/Design-sans-titre-5.png\" \/>\n\t<meta property=\"og:image:width\" content=\"1080\" \/>\n\t<meta property=\"og:image:height\" content=\"1080\" \/>\n\t<meta property=\"og:image:type\" content=\"image\/png\" \/>\n<meta name=\"twitter:card\" content=\"summary_large_image\" \/>\n<meta name=\"twitter:label1\" content=\"Dur\u00e9e de lecture estim\u00e9e\" \/>\n\t<meta name=\"twitter:data1\" content=\"2 minutes\" \/>\n<script type=\"application\/ld+json\" class=\"yoast-schema-graph\">{\"@context\":\"https:\/\/schema.org\",\"@graph\":[{\"@type\":\"WebPage\",\"@id\":\"https:\/\/tvgpub.com\/index.php\/produit\/puzzle-personnalise\/\",\"url\":\"https:\/\/tvgpub.com\/index.php\/produit\/puzzle-personnalise\/\",\"name\":\"Puzzle personnalis\u00e9 | chez TVG-Pub\",\"isPartOf\":{\"@id\":\"https:\/\/tvgpub.com\/#website\"},\"primaryImageOfPage\":{\"@id\":\"https:\/\/tvgpub.com\/index.php\/produit\/puzzle-personnalise\/#primaryimage\"},\"image\":{\"@id\":\"https:\/\/tvgpub.com\/index.php\/produit\/puzzle-personnalise\/#primaryimage\"},\"thumbnailUrl\":\"https:\/\/tvgpub.com\/wp-content\/uploads\/2025\/03\/Design-sans-titre-5.png\",\"datePublished\":\"2025-03-07T22:15:15+00:00\",\"dateModified\":\"2026-04-18T01:36:08+00:00\",\"description\":\"Chez TVG-Pub, peuvent cr\u00e9er leur propre puzzle personnalis\u00e9 en choisissant une image de souvenir, un paysage ou un design unique.\",\"breadcrumb\":{\"@id\":\"https:\/\/tvgpub.com\/index.php\/produit\/puzzle-personnalise\/#breadcrumb\"},\"inLanguage\":\"fr-FR\",\"potentialAction\":[{\"@type\":\"ReadAction\",\"target\":[\"https:\/\/tvgpub.com\/index.php\/produit\/puzzle-personnalise\/\"]}]},{\"@type\":\"ImageObject\",\"inLanguage\":\"fr-FR\",\"@id\":\"https:\/\/tvgpub.com\/index.php\/produit\/puzzle-personnalise\/#primaryimage\",\"url\":\"https:\/\/tvgpub.com\/wp-content\/uploads\/2025\/03\/Design-sans-titre-5.png\",\"contentUrl\":\"https:\/\/tvgpub.com\/wp-content\/uploads\/2025\/03\/Design-sans-titre-5.png\",\"width\":1080,\"height\":1080,\"caption\":\"Puzzle personnalis\u00e9\"},{\"@type\":\"BreadcrumbList\",\"@id\":\"https:\/\/tvgpub.com\/index.php\/produit\/puzzle-personnalise\/#breadcrumb\",\"itemListElement\":[{\"@type\":\"ListItem\",\"position\":1,\"name\":\"Accueil\",\"item\":\"https:\/\/tvgpub.com\/\"},{\"@type\":\"ListItem\",\"position\":2,\"name\":\"Produits personnalis\u00e9\",\"item\":\"https:\/\/tvgpub.com\/index.php\/produit-population-tunisie\/\"},{\"@type\":\"ListItem\",\"position\":3,\"name\":\"Puzzle personnalis\u00e9\"}]},{\"@type\":\"WebSite\",\"@id\":\"https:\/\/tvgpub.com\/#website\",\"url\":\"https:\/\/tvgpub.com\/\",\"name\":\"tvg-pub\",\"description\":\"\",\"publisher\":{\"@id\":\"https:\/\/tvgpub.com\/#organization\"},\"potentialAction\":[{\"@type\":\"SearchAction\",\"target\":{\"@type\":\"EntryPoint\",\"urlTemplate\":\"https:\/\/tvgpub.com\/?s={search_term_string}\"},\"query-input\":{\"@type\":\"PropertyValueSpecification\",\"valueRequired\":true,\"valueName\":\"search_term_string\"}}],\"inLanguage\":\"fr-FR\"},{\"@type\":\"Organization\",\"@id\":\"https:\/\/tvgpub.com\/#organization\",\"name\":\"tvg-pub\",\"url\":\"https:\/\/tvgpub.com\/\",\"logo\":{\"@type\":\"ImageObject\",\"inLanguage\":\"fr-FR\",\"@id\":\"https:\/\/tvgpub.com\/#\/schema\/logo\/image\/\",\"url\":\"https:\/\/tvgpub.com\/wp-content\/uploads\/2025\/02\/received_1260973734993693-removebg-preview.png\",\"contentUrl\":\"https:\/\/tvgpub.com\/wp-content\/uploads\/2025\/02\/received_1260973734993693-removebg-preview.png\",\"width\":621,\"height\":402,\"caption\":\"tvg-pub\"},\"image\":{\"@id\":\"https:\/\/tvgpub.com\/#\/schema\/logo\/image\/\"},\"sameAs\":[\"https:\/\/www.facebook.com\/profile.php?id=100054654241442\"]}]}<\/script>\n<!-- \/ Yoast SEO plugin. -->","yoast_head_json":{"title":"Puzzle personnalis\u00e9 | chez TVG-Pub","description":"Chez TVG-Pub, peuvent cr\u00e9er leur propre puzzle personnalis\u00e9 en choisissant une image de souvenir, un paysage ou un design unique.","robots":{"index":"index","follow":"follow","max-snippet":"max-snippet:-1","max-image-preview":"max-image-preview:large","max-video-preview":"max-video-preview:-1"},"canonical":"https:\/\/tvgpub.com\/index.php\/produit\/puzzle-personnalise\/","og_locale":"fr_FR","og_type":"article","og_title":"Puzzle personnalis\u00e9 | chez TVG-Pub","og_description":"Chez TVG-Pub, peuvent cr\u00e9er leur propre puzzle personnalis\u00e9 en choisissant une image de souvenir, un paysage ou un design unique.","og_url":"https:\/\/tvgpub.com\/index.php\/produit\/puzzle-personnalise\/","article_publisher":"https:\/\/www.facebook.com\/profile.php?id=100054654241442","article_modified_time":"2026-04-18T01:36:08+00:00","og_image":[{"width":1080,"height":1080,"url":"https:\/\/tvgpub.com\/wp-content\/uploads\/2025\/03\/Design-sans-titre-5.png","type":"image\/png"}],"twitter_card":"summary_large_image","twitter_misc":{"Dur\u00e9e de lecture estim\u00e9e":"2 minutes"},"schema":{"@context":"https:\/\/schema.org","@graph":[{"@type":"WebPage","@id":"https:\/\/tvgpub.com\/index.php\/produit\/puzzle-personnalise\/","url":"https:\/\/tvgpub.com\/index.php\/produit\/puzzle-personnalise\/","name":"Puzzle personnalis\u00e9 | chez TVG-Pub","isPartOf":{"@id":"https:\/\/tvgpub.com\/#website"},"primaryImageOfPage":{"@id":"https:\/\/tvgpub.com\/index.php\/produit\/puzzle-personnalise\/#primaryimage"},"image":{"@id":"https:\/\/tvgpub.com\/index.php\/produit\/puzzle-personnalise\/#primaryimage"},"thumbnailUrl":"https:\/\/tvgpub.com\/wp-content\/uploads\/2025\/03\/Design-sans-titre-5.png","datePublished":"2025-03-07T22:15:15+00:00","dateModified":"2026-04-18T01:36:08+00:00","description":"Chez TVG-Pub, peuvent cr\u00e9er leur propre puzzle personnalis\u00e9 en choisissant une image de souvenir, un paysage ou un design unique.","breadcrumb":{"@id":"https:\/\/tvgpub.com\/index.php\/produit\/puzzle-personnalise\/#breadcrumb"},"inLanguage":"fr-FR","potentialAction":[{"@type":"ReadAction","target":["https:\/\/tvgpub.com\/index.php\/produit\/puzzle-personnalise\/"]}]},{"@type":"ImageObject","inLanguage":"fr-FR","@id":"https:\/\/tvgpub.com\/index.php\/produit\/puzzle-personnalise\/#primaryimage","url":"https:\/\/tvgpub.com\/wp-content\/uploads\/2025\/03\/Design-sans-titre-5.png","contentUrl":"https:\/\/tvgpub.com\/wp-content\/uploads\/2025\/03\/Design-sans-titre-5.png","width":1080,"height":1080,"caption":"Puzzle personnalis\u00e9"},{"@type":"BreadcrumbList","@id":"https:\/\/tvgpub.com\/index.php\/produit\/puzzle-personnalise\/#breadcrumb","itemListElement":[{"@type":"ListItem","position":1,"name":"Accueil","item":"https:\/\/tvgpub.com\/"},{"@type":"ListItem","position":2,"name":"Produits personnalis\u00e9","item":"https:\/\/tvgpub.com\/index.php\/produit-population-tunisie\/"},{"@type":"ListItem","position":3,"name":"Puzzle personnalis\u00e9"}]},{"@type":"WebSite","@id":"https:\/\/tvgpub.com\/#website","url":"https:\/\/tvgpub.com\/","name":"tvg-pub","description":"","publisher":{"@id":"https:\/\/tvgpub.com\/#organization"},"potentialAction":[{"@type":"SearchAction","target":{"@type":"EntryPoint","urlTemplate":"https:\/\/tvgpub.com\/?s={search_term_string}"},"query-input":{"@type":"PropertyValueSpecification","valueRequired":true,"valueName":"search_term_string"}}],"inLanguage":"fr-FR"},{"@type":"Organization","@id":"https:\/\/tvgpub.com\/#organization","name":"tvg-pub","url":"https:\/\/tvgpub.com\/","logo":{"@type":"ImageObject","inLanguage":"fr-FR","@id":"https:\/\/tvgpub.com\/#\/schema\/logo\/image\/","url":"https:\/\/tvgpub.com\/wp-content\/uploads\/2025\/02\/received_1260973734993693-removebg-preview.png","contentUrl":"https:\/\/tvgpub.com\/wp-content\/uploads\/2025\/02\/received_1260973734993693-removebg-preview.png","width":621,"height":402,"caption":"tvg-pub"},"image":{"@id":"https:\/\/tvgpub.com\/#\/schema\/logo\/image\/"},"sameAs":["https:\/\/www.facebook.com\/profile.php?id=100054654241442"]}]}},"_links":{"self":[{"href":"https:\/\/tvgpub.com\/index.php\/wp-json\/wp\/v2\/product\/1038","targetHints":{"allow":["GET"]}}],"collection":[{"href":"https:\/\/tvgpub.com\/index.php\/wp-json\/wp\/v2\/product"}],"about":[{"href":"https:\/\/tvgpub.com\/index.php\/wp-json\/wp\/v2\/types\/product"}],"replies":[{"embeddable":true,"href":"https:\/\/tvgpub.com\/index.php\/wp-json\/wp\/v2\/comments?post=1038"}],"wp:featuredmedia":[{"embeddable":true,"href":"https:\/\/tvgpub.com\/index.php\/wp-json\/wp\/v2\/media\/3530"}],"wp:attachment":[{"href":"https:\/\/tvgpub.com\/index.php\/wp-json\/wp\/v2\/media?parent=1038"}],"wp:term":[{"taxonomy":"product_brand","embeddable":true,"href":"https:\/\/tvgpub.com\/index.php\/wp-json\/wp\/v2\/product_brand?post=1038"},{"taxonomy":"product_cat","embeddable":true,"href":"https:\/\/tvgpub.com\/index.php\/wp-json\/wp\/v2\/product_cat?post=1038"},{"taxonomy":"product_tag","embeddable":true,"href":"https:\/\/tvgpub.com\/index.php\/wp-json\/wp\/v2\/product_tag?post=1038"}],"curies":[{"name":"wp","href":"https:\/\/api.w.org\/{rel}","templated":true}]}}