{"id":551,"date":"2025-02-28T14:54:19","date_gmt":"2025-02-28T13:54:19","guid":{"rendered":"http:\/\/localhost\/tvg-pub\/?page_id=551"},"modified":"2025-05-16T22:25:10","modified_gmt":"2025-05-16T20:25:10","slug":"conception-graphique-en-tunisie","status":"publish","type":"page","link":"https:\/\/tvgpub.com\/index.php\/conception-graphique-en-tunisie\/","title":{"rendered":"Conception graphique"},"content":{"rendered":"\t\t<div data-elementor-type=\"wp-page\" data-elementor-id=\"551\" class=\"elementor elementor-551\">\n\t\t\t\t<div class=\"elementor-element elementor-element-ba3dcb6 e-flex e-con-boxed e-con e-parent\" data-id=\"ba3dcb6\" data-element_type=\"container\" data-settings=\"{&quot;background_background&quot;:&quot;classic&quot;}\">\n\t\t\t\t\t<div class=\"e-con-inner\">\n\t\t\t\t<div class=\"elementor-element elementor-element-639fec3 elementor-invisible elementor-widget elementor-widget-heading\" data-id=\"639fec3\" data-element_type=\"widget\" data-settings=\"{&quot;_animation&quot;:&quot;fadeInLeft&quot;}\" data-widget_type=\"heading.default\">\n\t\t\t\t<div class=\"elementor-widget-container\">\n\t\t\t\t\t<h2 class=\"elementor-heading-title elementor-size-default\">Cr\u00e9ation Logo, design Emballage produit, Identit\u00e9 Graphique<\/h2>\t\t\t\t<\/div>\n\t\t\t\t<\/div>\n\t\t\t\t<div class=\"elementor-element elementor-element-6183daa elementor-invisible elementor-widget elementor-widget-text-editor\" data-id=\"6183daa\" data-element_type=\"widget\" data-settings=\"{&quot;_animation&quot;:&quot;fadeInUp&quot;}\" data-widget_type=\"text-editor.default\">\n\t\t\t\t<div class=\"elementor-widget-container\">\n\t\t\t\t\t\t\t\t\t<p style=\"text-align: left;\">Dans le cadre de ses services de <strong data-start=\"321\" data-end=\"356\">conception graphique en Tunisie<\/strong>, <span style=\"color: #000080;\"><strong>TVG-PUB<\/strong><\/span> accompagne ses clients dans la <span style=\"color: #800000;\">cr\u00e9ation de logos uniques<\/span>, d\u2019<span style=\"color: #800000;\">emballages attractifs<\/span> et d\u2019<span style=\"color: #800000;\">identit\u00e9s visuelles coh\u00e9rentes<\/span>. En effet, notre mission est de renforcer l\u2019image de marque en \u00e9laborant des \u00e9l\u00e9ments graphiques \u00e0 la fois m\u00e9morables et percutants. Gr\u00e2ce \u00e0 une expertise reconnue et une approche cr\u00e9ative, nous contribuons \u00e0 capter l\u2019attention de votre public cible tout en vous d\u00e9marquant dans un environnement concurrentiel. Ainsi, qu\u2019il s\u2019agisse d\u2019un <strong>logo distinctif<\/strong>, d\u2019un <strong>emballage valorisant<\/strong> ou d\u2019une <strong>charte graphique harmonieuse<\/strong>, <strong>TVG-PUB<\/strong> con\u00e7oit des solutions sur mesure, pens\u00e9es pour r\u00e9pondre pr\u00e9cis\u00e9ment \u00e0 vos objectifs de communication.<\/p>\t\t\t\t\t\t\t\t<\/div>\n\t\t\t\t<\/div>\n\t\t\t\t\t<\/div>\n\t\t\t\t<\/div>\n\t\t<div class=\"elementor-element elementor-element-3d570c5 e-flex e-con-boxed e-con e-parent\" data-id=\"3d570c5\" data-element_type=\"container\" data-settings=\"{&quot;background_background&quot;:&quot;classic&quot;}\">\n\t\t\t\t\t<div class=\"e-con-inner\">\n\t\t<div class=\"elementor-element elementor-element-4023d02 e-con-full e-flex elementor-invisible e-con e-child\" data-id=\"4023d02\" data-element_type=\"container\" data-settings=\"{&quot;animation&quot;:&quot;zoomInLeft&quot;}\">\n\t\t<div class=\"elementor-element elementor-element-5b8b96b e-con-full e-flex e-con e-child\" data-id=\"5b8b96b\" data-element_type=\"container\">\n\t\t\t\t<div class=\"elementor-element elementor-element-a36cb26 elementor-widget elementor-widget-heading\" data-id=\"a36cb26\" data-element_type=\"widget\" data-widget_type=\"heading.default\">\n\t\t\t\t<div class=\"elementor-widget-container\">\n\t\t\t\t\t<h3 class=\"elementor-heading-title elementor-size-default\">Cr\u00e9ation de logo<\/h3>\t\t\t\t<\/div>\n\t\t\t\t<\/div>\n\t\t\t\t<\/div>\n\t\t\t\t<div class=\"elementor-element elementor-element-8e57a63 elementor-widget elementor-widget-text-editor\" data-id=\"8e57a63\" data-element_type=\"widget\" data-widget_type=\"text-editor.default\">\n\t\t\t\t<div class=\"elementor-widget-container\">\n\t\t\t\t\t\t\t\t\t<p>Dans le cadre de ses prestations de <strong data-start=\"279\" data-end=\"314\">conception graphique en Tunisie<\/strong>, l\u2019agence <strong><span style=\"color: #000080;\">TVG-PUB<\/span><\/strong> se sp\u00e9cialise dans la cr\u00e9ation de logos sur mesure, con\u00e7us pour refl\u00e9ter fid\u00e8lement l\u2019identit\u00e9 de chaque marque. Ainsi, nous \u00e9laborons des visuels uniques, dot\u00e9s d\u2019un design percutant et professionnel, afin de marquer durablement les esprits et renforcer la reconnaissance visuelle aupr\u00e8s de votre audience.<\/p>\t\t\t\t\t\t\t\t<\/div>\n\t\t\t\t<\/div>\n\t\t\t\t<div class=\"elementor-element elementor-element-27dad48 elementor-align-center elementor-widget elementor-widget-button\" data-id=\"27dad48\" data-element_type=\"widget\" data-widget_type=\"button.default\">\n\t\t\t\t<div class=\"elementor-widget-container\">\n\t\t\t\t\t\t\t\t\t<div class=\"elementor-button-wrapper\">\n\t\t\t\t\t<a class=\"elementor-button elementor-button-link elementor-size-sm elementor-animation-push\" href=\"https:\/\/tvgpub.com\/index.php\/formulaire-impression\">\n\t\t\t\t\t\t<span class=\"elementor-button-content-wrapper\">\n\t\t\t\t\t\t\t\t\t<span class=\"elementor-button-text\">Demander Devis<\/span>\n\t\t\t\t\t<\/span>\n\t\t\t\t\t<\/a>\n\t\t\t\t<\/div>\n\t\t\t\t\t\t\t\t<\/div>\n\t\t\t\t<\/div>\n\t\t\t\t<\/div>\n\t\t<div class=\"elementor-element elementor-element-34acb29 e-con-full e-flex e-con e-child\" data-id=\"34acb29\" data-element_type=\"container\">\n\t\t\t\t<div class=\"elementor-element elementor-element-a77d89a elementor-invisible elementor-widget elementor-widget-image\" data-id=\"a77d89a\" data-element_type=\"widget\" data-settings=\"{&quot;_animation&quot;:&quot;zoomInRight&quot;}\" data-widget_type=\"image.default\">\n\t\t\t\t<div class=\"elementor-widget-container\">\n\t\t\t\t\t\t\t\t\t\t\t\t\t\t\t<img fetchpriority=\"high\" decoding=\"async\" width=\"1024\" height=\"1024\" src=\"https:\/\/tvgpub.com\/wp-content\/uploads\/2025\/04\/134.png\" class=\"elementor-animation-pulse-shrink attachment-large size-large wp-image-3581\" alt=\"\" \/>\t\t\t\t\t\t\t\t\t\t\t\t\t\t\t<\/div>\n\t\t\t\t<\/div>\n\t\t\t\t<\/div>\n\t\t\t\t\t<\/div>\n\t\t\t\t<\/div>\n\t\t<div class=\"elementor-element elementor-element-87d11b7 e-flex e-con-boxed e-con e-parent\" data-id=\"87d11b7\" data-element_type=\"container\">\n\t\t\t\t\t<div class=\"e-con-inner\">\n\t\t<div class=\"elementor-element elementor-element-c6112c5 e-con-full e-flex e-con e-child\" data-id=\"c6112c5\" data-element_type=\"container\">\n\t\t\t\t<div class=\"elementor-element elementor-element-42d2faa elementor-invisible elementor-widget elementor-widget-image\" data-id=\"42d2faa\" data-element_type=\"widget\" data-settings=\"{&quot;_animation&quot;:&quot;zoomInLeft&quot;}\" data-widget_type=\"image.default\">\n\t\t\t\t<div class=\"elementor-widget-container\">\n\t\t\t\t\t\t\t\t\t\t\t\t\t\t\t<img decoding=\"async\" width=\"1024\" height=\"576\" src=\"https:\/\/tvgpub.com\/wp-content\/uploads\/2025\/03\/3-7.png\" class=\"elementor-animation-pulse-shrink attachment-large size-large wp-image-2645\" alt=\"conception graphique en Tunisie\" \/>\t\t\t\t\t\t\t\t\t\t\t\t\t\t\t<\/div>\n\t\t\t\t<\/div>\n\t\t\t\t<\/div>\n\t\t<div class=\"elementor-element elementor-element-65f7944 e-con-full e-flex elementor-invisible e-con e-child\" data-id=\"65f7944\" data-element_type=\"container\" data-settings=\"{&quot;animation&quot;:&quot;zoomInRight&quot;}\">\n\t\t<div class=\"elementor-element elementor-element-9c9cc89 e-con-full e-flex e-con e-child\" data-id=\"9c9cc89\" data-element_type=\"container\">\n\t\t\t\t<div class=\"elementor-element elementor-element-2deffd3 elementor-widget elementor-widget-heading\" data-id=\"2deffd3\" data-element_type=\"widget\" data-widget_type=\"heading.default\">\n\t\t\t\t<div class=\"elementor-widget-container\">\n\t\t\t\t\t<h3 class=\"elementor-heading-title elementor-size-default\">Design d\u2019emballage produit Business to Business<\/h3>\t\t\t\t<\/div>\n\t\t\t\t<\/div>\n\t\t\t\t<div class=\"elementor-element elementor-element-ebc218f elementor-widget elementor-widget-text-editor\" data-id=\"ebc218f\" data-element_type=\"widget\" data-widget_type=\"text-editor.default\">\n\t\t\t\t<div class=\"elementor-widget-container\">\n\t\t\t\t\t\t\t\t\t<p><strong><span style=\"color: #333399;\">L&rsquo;agence TVG<\/span><\/strong> propose des services de <strong>design d&#8217;emballage<\/strong> pour r\u00e9pondre aux besoins sp\u00e9cifique. De plus nous cr\u00e9ons des emballages \u00e0 la fois attractifs et fonctionnels, en mettant l&rsquo;accent sur l&rsquo;impact visuel. Chaque projet est une opportunit\u00e9 de valoriser vos produits tout en renfor\u00e7ant l&rsquo;image de votre marque. Gr\u00e2ce \u00e0 notre expertise, nous d\u00e9veloppons des concepts cr\u00e9atifs qui refl\u00e8tent l&rsquo;identit\u00e9 de votre entreprise et captent l&rsquo;attention des consommateurs. De plus, nous veillons \u00e0 ce que chaque emballage soit en parfaite ad\u00e9quation avec les exigences de votre march\u00e9, contribuant ainsi \u00e0 la diff\u00e9renciation de vos produits.<\/p>\t\t\t\t\t\t\t\t<\/div>\n\t\t\t\t<\/div>\n\t\t\t\t<div class=\"elementor-element elementor-element-562eacd elementor-align-center elementor-widget elementor-widget-button\" data-id=\"562eacd\" data-element_type=\"widget\" data-widget_type=\"button.default\">\n\t\t\t\t<div class=\"elementor-widget-container\">\n\t\t\t\t\t\t\t\t\t<div class=\"elementor-button-wrapper\">\n\t\t\t\t\t<a class=\"elementor-button elementor-button-link elementor-size-sm elementor-animation-push\" href=\"https:\/\/tvgpub.com\/index.php\/formulaire-impression\">\n\t\t\t\t\t\t<span class=\"elementor-button-content-wrapper\">\n\t\t\t\t\t\t\t\t\t<span class=\"elementor-button-text\">Demander Devis<\/span>\n\t\t\t\t\t<\/span>\n\t\t\t\t\t<\/a>\n\t\t\t\t<\/div>\n\t\t\t\t\t\t\t\t<\/div>\n\t\t\t\t<\/div>\n\t\t\t\t<\/div>\n\t\t\t\t<\/div>\n\t\t\t\t\t<\/div>\n\t\t\t\t<\/div>\n\t\t<div class=\"elementor-element elementor-element-d9eca5d e-flex e-con-boxed e-con e-parent\" data-id=\"d9eca5d\" data-element_type=\"container\" data-settings=\"{&quot;background_background&quot;:&quot;classic&quot;}\">\n\t\t\t\t\t<div class=\"e-con-inner\">\n\t\t<div class=\"elementor-element elementor-element-be2229b e-con-full e-flex elementor-invisible e-con e-child\" data-id=\"be2229b\" data-element_type=\"container\" data-settings=\"{&quot;animation&quot;:&quot;zoomInLeft&quot;}\">\n\t\t\t\t<div class=\"elementor-element elementor-element-6ba875e elementor-widget elementor-widget-heading\" data-id=\"6ba875e\" data-element_type=\"widget\" data-widget_type=\"heading.default\">\n\t\t\t\t<div class=\"elementor-widget-container\">\n\t\t\t\t\t<h3 class=\"elementor-heading-title elementor-size-default\">Identit\u00e9 graphique par l'agence TVG<\/h3>\t\t\t\t<\/div>\n\t\t\t\t<\/div>\n\t\t\t\t<div class=\"elementor-element elementor-element-c83ca60 elementor-widget elementor-widget-text-editor\" data-id=\"c83ca60\" data-element_type=\"widget\" data-widget_type=\"text-editor.default\">\n\t\t\t\t<div class=\"elementor-widget-container\">\n\t\t\t\t\t\t\t\t\t<p><strong><span style=\"color: #000080;\">L&rsquo;agence TVG<\/span><\/strong> propose des solutions <strong>d&rsquo;identit\u00e9 graphique<\/strong> sur mesure pour Business to Business. En outre nous concevons des visuels coh\u00e9rents, percutants et m\u00e9morables, visant \u00e0 renforcer l&rsquo;image de votre marque et \u00e0 garantir une communication visuelle efficace. De plus gr\u00e2ce \u00e0 notre expertise, nous vous aidons \u00e0 cr\u00e9er une identit\u00e9 forte et distincte, qui capte l&rsquo;attention de vos clients et renforce la reconnaissance de votre entreprise sur le march\u00e9.<\/p>\t\t\t\t\t\t\t\t<\/div>\n\t\t\t\t<\/div>\n\t\t\t\t<div class=\"elementor-element elementor-element-dfc7302 elementor-align-center elementor-widget elementor-widget-button\" data-id=\"dfc7302\" data-element_type=\"widget\" data-widget_type=\"button.default\">\n\t\t\t\t<div class=\"elementor-widget-container\">\n\t\t\t\t\t\t\t\t\t<div class=\"elementor-button-wrapper\">\n\t\t\t\t\t<a class=\"elementor-button elementor-button-link elementor-size-sm elementor-animation-push\" href=\"https:\/\/tvgpub.com\/index.php\/formulaire-impression\">\n\t\t\t\t\t\t<span class=\"elementor-button-content-wrapper\">\n\t\t\t\t\t\t\t\t\t<span class=\"elementor-button-text\">Demander Devis<\/span>\n\t\t\t\t\t<\/span>\n\t\t\t\t\t<\/a>\n\t\t\t\t<\/div>\n\t\t\t\t\t\t\t\t<\/div>\n\t\t\t\t<\/div>\n\t\t\t\t<\/div>\n\t\t<div class=\"elementor-element elementor-element-490a4c5 e-con-full e-flex e-con e-child\" data-id=\"490a4c5\" data-element_type=\"container\" data-settings=\"{&quot;animation&quot;:&quot;none&quot;}\">\n\t\t\t\t<div class=\"elementor-element elementor-element-85d1230 elementor-invisible elementor-widget elementor-widget-image\" data-id=\"85d1230\" data-element_type=\"widget\" data-settings=\"{&quot;_animation&quot;:&quot;zoomInRight&quot;}\" data-widget_type=\"image.default\">\n\t\t\t\t<div class=\"elementor-widget-container\">\n\t\t\t\t\t\t\t\t\t\t\t\t\t\t\t<img decoding=\"async\" width=\"1024\" height=\"1024\" src=\"https:\/\/tvgpub.com\/wp-content\/uploads\/2025\/04\/132-1.png\" class=\"elementor-animation-pulse-shrink attachment-large size-large wp-image-3579\" alt=\"\" \/>\t\t\t\t\t\t\t\t\t\t\t\t\t\t\t<\/div>\n\t\t\t\t<\/div>\n\t\t\t\t<\/div>\n\t\t\t\t\t<\/div>\n\t\t\t\t<\/div>\n\t\t\t\t<\/div>\n\t\t","protected":false},"excerpt":{"rendered":"<p>Cr\u00e9ation Logo, design Emballage produit, Identit\u00e9 Graphique Dans le cadre de ses services de conception graphique en Tunisie, TVG-PUB accompagne [&hellip;]<\/p>\n","protected":false},"author":1,"featured_media":0,"parent":0,"menu_order":0,"comment_status":"closed","ping_status":"closed","template":"","meta":{"site-sidebar-layout":"no-sidebar","site-content-layout":"","ast-site-content-layout":"full-width-container","site-content-style":"default","site-sidebar-style":"default","ast-global-header-display":"","ast-banner-title-visibility":"","ast-main-header-display":"","ast-hfb-above-header-display":"","ast-hfb-below-header-display":"","ast-hfb-mobile-header-display":"","site-post-title":"disabled","ast-breadcrumbs-content":"","ast-featured-img":"disabled","footer-sml-layout":"","theme-transparent-header-meta":"","adv-header-id-meta":"","stick-header-meta":"","header-above-stick-meta":"","header-main-stick-meta":"","header-below-stick-meta":"","astra-migrate-meta-layouts":"default","ast-page-background-enabled":"default","ast-page-background-meta":{"desktop":{"background-color":"var(--ast-global-color-5)","background-image":"","background-repeat":"repeat","background-position":"center center","background-size":"auto","background-attachment":"scroll","background-type":"","background-media":"","overlay-type":"","overlay-color":"","overlay-opacity":"","overlay-gradient":""},"tablet":{"background-color":"","background-image":"","background-repeat":"repeat","background-position":"center center","background-size":"auto","background-attachment":"scroll","background-type":"","background-media":"","overlay-type":"","overlay-color":"","overlay-opacity":"","overlay-gradient":""},"mobile":{"background-color":"","background-image":"","background-repeat":"repeat","background-position":"center center","background-size":"auto","background-attachment":"scroll","background-type":"","background-media":"","overlay-type":"","overlay-color":"","overlay-opacity":"","overlay-gradient":""}},"ast-content-background-meta":{"desktop":{"background-color":"var(--ast-global-color-4)","background-image":"","background-repeat":"repeat","background-position":"center center","background-size":"auto","background-attachment":"scroll","background-type":"","background-media":"","overlay-type":"","overlay-color":"","overlay-opacity":"","overlay-gradient":""},"tablet":{"background-color":"var(--ast-global-color-4)","background-image":"","background-repeat":"repeat","background-position":"center center","background-size":"auto","background-attachment":"scroll","background-type":"","background-media":"","overlay-type":"","overlay-color":"","overlay-opacity":"","overlay-gradient":""},"mobile":{"background-color":"var(--ast-global-color-4)","background-image":"","background-repeat":"repeat","background-position":"center center","background-size":"auto","background-attachment":"scroll","background-type":"","background-media":"","overlay-type":"","overlay-color":"","overlay-opacity":"","overlay-gradient":""}},"_joinchat":[],"footnotes":""},"class_list":["post-551","page","type-page","status-publish","hentry"],"yoast_head":"<!-- This site is optimized with the Yoast SEO plugin v25.3 - https:\/\/yoast.com\/wordpress\/plugins\/seo\/ -->\n<title>Conception Graphique en Tunisie | Identit\u00e9 et Cr\u00e9ativit\u00e9-TVG-PUB<\/title>\n<meta name=\"description\" content=\"TVG-PUB vous accompagne dans vos projets de conception graphique en Tunisie : logo, flyers, affiches et des supports visuels pertinent.\" \/>\n<meta name=\"robots\" content=\"index, follow, max-snippet:-1, max-image-preview:large, max-video-preview:-1\" \/>\n<link rel=\"canonical\" href=\"https:\/\/tvgpub.com\/index.php\/conception-graphique-en-tunisie\/\" \/>\n<meta property=\"og:locale\" content=\"fr_FR\" \/>\n<meta property=\"og:type\" content=\"article\" \/>\n<meta property=\"og:title\" content=\"Conception Graphique en Tunisie | Identit\u00e9 et Cr\u00e9ativit\u00e9-TVG-PUB\" \/>\n<meta property=\"og:description\" content=\"TVG-PUB vous accompagne dans vos projets de conception graphique en Tunisie : logo, flyers, affiches et des supports visuels pertinent.\" \/>\n<meta property=\"og:url\" content=\"https:\/\/tvgpub.com\/index.php\/conception-graphique-en-tunisie\/\" \/>\n<meta property=\"article:publisher\" content=\"https:\/\/www.facebook.com\/profile.php?id=100054654241442\" \/>\n<meta property=\"article:modified_time\" content=\"2025-05-16T20:25:10+00:00\" \/>\n<meta property=\"og:image\" content=\"https:\/\/tvgpub.com\/wp-content\/uploads\/2025\/04\/134.png\" \/>\n\t<meta property=\"og:image:width\" content=\"1080\" \/>\n\t<meta property=\"og:image:height\" content=\"1080\" \/>\n\t<meta property=\"og:image:type\" content=\"image\/png\" \/>\n<meta name=\"twitter:card\" content=\"summary_large_image\" \/>\n<meta name=\"twitter:label1\" content=\"Dur\u00e9e de lecture estim\u00e9e\" \/>\n\t<meta name=\"twitter:data1\" content=\"3 minutes\" \/>\n<script type=\"application\/ld+json\" class=\"yoast-schema-graph\">{\"@context\":\"https:\/\/schema.org\",\"@graph\":[{\"@type\":\"WebPage\",\"@id\":\"https:\/\/tvgpub.com\/index.php\/conception-graphique-en-tunisie\/\",\"url\":\"https:\/\/tvgpub.com\/index.php\/conception-graphique-en-tunisie\/\",\"name\":\"Conception Graphique en Tunisie | Identit\u00e9 et Cr\u00e9ativit\u00e9-TVG-PUB\",\"isPartOf\":{\"@id\":\"https:\/\/tvgpub.com\/#website\"},\"primaryImageOfPage\":{\"@id\":\"https:\/\/tvgpub.com\/index.php\/conception-graphique-en-tunisie\/#primaryimage\"},\"image\":{\"@id\":\"https:\/\/tvgpub.com\/index.php\/conception-graphique-en-tunisie\/#primaryimage\"},\"thumbnailUrl\":\"https:\/\/tvgpub.com\/wp-content\/uploads\/2025\/04\/134.png\",\"datePublished\":\"2025-02-28T13:54:19+00:00\",\"dateModified\":\"2025-05-16T20:25:10+00:00\",\"description\":\"TVG-PUB vous accompagne dans vos projets de conception graphique en Tunisie : logo, flyers, affiches et des supports visuels pertinent.\",\"breadcrumb\":{\"@id\":\"https:\/\/tvgpub.com\/index.php\/conception-graphique-en-tunisie\/#breadcrumb\"},\"inLanguage\":\"fr-FR\",\"potentialAction\":[{\"@type\":\"ReadAction\",\"target\":[\"https:\/\/tvgpub.com\/index.php\/conception-graphique-en-tunisie\/\"]}]},{\"@type\":\"ImageObject\",\"inLanguage\":\"fr-FR\",\"@id\":\"https:\/\/tvgpub.com\/index.php\/conception-graphique-en-tunisie\/#primaryimage\",\"url\":\"https:\/\/tvgpub.com\/wp-content\/uploads\/2025\/04\/134.png\",\"contentUrl\":\"https:\/\/tvgpub.com\/wp-content\/uploads\/2025\/04\/134.png\",\"width\":1080,\"height\":1080},{\"@type\":\"BreadcrumbList\",\"@id\":\"https:\/\/tvgpub.com\/index.php\/conception-graphique-en-tunisie\/#breadcrumb\",\"itemListElement\":[{\"@type\":\"ListItem\",\"position\":1,\"name\":\"Accueil\",\"item\":\"https:\/\/tvgpub.com\/\"},{\"@type\":\"ListItem\",\"position\":2,\"name\":\"Conception graphique\"}]},{\"@type\":\"WebSite\",\"@id\":\"https:\/\/tvgpub.com\/#website\",\"url\":\"https:\/\/tvgpub.com\/\",\"name\":\"tvg-pub\",\"description\":\"\",\"publisher\":{\"@id\":\"https:\/\/tvgpub.com\/#organization\"},\"potentialAction\":[{\"@type\":\"SearchAction\",\"target\":{\"@type\":\"EntryPoint\",\"urlTemplate\":\"https:\/\/tvgpub.com\/?s={search_term_string}\"},\"query-input\":{\"@type\":\"PropertyValueSpecification\",\"valueRequired\":true,\"valueName\":\"search_term_string\"}}],\"inLanguage\":\"fr-FR\"},{\"@type\":\"Organization\",\"@id\":\"https:\/\/tvgpub.com\/#organization\",\"name\":\"tvg-pub\",\"url\":\"https:\/\/tvgpub.com\/\",\"logo\":{\"@type\":\"ImageObject\",\"inLanguage\":\"fr-FR\",\"@id\":\"https:\/\/tvgpub.com\/#\/schema\/logo\/image\/\",\"url\":\"https:\/\/tvgpub.com\/wp-content\/uploads\/2025\/02\/received_1260973734993693-removebg-preview.png\",\"contentUrl\":\"https:\/\/tvgpub.com\/wp-content\/uploads\/2025\/02\/received_1260973734993693-removebg-preview.png\",\"width\":621,\"height\":402,\"caption\":\"tvg-pub\"},\"image\":{\"@id\":\"https:\/\/tvgpub.com\/#\/schema\/logo\/image\/\"},\"sameAs\":[\"https:\/\/www.facebook.com\/profile.php?id=100054654241442\"]}]}<\/script>\n<!-- \/ Yoast SEO plugin. -->","yoast_head_json":{"title":"Conception Graphique en Tunisie | Identit\u00e9 et Cr\u00e9ativit\u00e9-TVG-PUB","description":"TVG-PUB vous accompagne dans vos projets de conception graphique en Tunisie : logo, flyers, affiches et des supports visuels pertinent.","robots":{"index":"index","follow":"follow","max-snippet":"max-snippet:-1","max-image-preview":"max-image-preview:large","max-video-preview":"max-video-preview:-1"},"canonical":"https:\/\/tvgpub.com\/index.php\/conception-graphique-en-tunisie\/","og_locale":"fr_FR","og_type":"article","og_title":"Conception Graphique en Tunisie | Identit\u00e9 et Cr\u00e9ativit\u00e9-TVG-PUB","og_description":"TVG-PUB vous accompagne dans vos projets de conception graphique en Tunisie : logo, flyers, affiches et des supports visuels pertinent.","og_url":"https:\/\/tvgpub.com\/index.php\/conception-graphique-en-tunisie\/","article_publisher":"https:\/\/www.facebook.com\/profile.php?id=100054654241442","article_modified_time":"2025-05-16T20:25:10+00:00","og_image":[{"width":1080,"height":1080,"url":"https:\/\/tvgpub.com\/wp-content\/uploads\/2025\/04\/134.png","type":"image\/png"}],"twitter_card":"summary_large_image","twitter_misc":{"Dur\u00e9e de lecture estim\u00e9e":"3 minutes"},"schema":{"@context":"https:\/\/schema.org","@graph":[{"@type":"WebPage","@id":"https:\/\/tvgpub.com\/index.php\/conception-graphique-en-tunisie\/","url":"https:\/\/tvgpub.com\/index.php\/conception-graphique-en-tunisie\/","name":"Conception Graphique en Tunisie | Identit\u00e9 et Cr\u00e9ativit\u00e9-TVG-PUB","isPartOf":{"@id":"https:\/\/tvgpub.com\/#website"},"primaryImageOfPage":{"@id":"https:\/\/tvgpub.com\/index.php\/conception-graphique-en-tunisie\/#primaryimage"},"image":{"@id":"https:\/\/tvgpub.com\/index.php\/conception-graphique-en-tunisie\/#primaryimage"},"thumbnailUrl":"https:\/\/tvgpub.com\/wp-content\/uploads\/2025\/04\/134.png","datePublished":"2025-02-28T13:54:19+00:00","dateModified":"2025-05-16T20:25:10+00:00","description":"TVG-PUB vous accompagne dans vos projets de conception graphique en Tunisie : logo, flyers, affiches et des supports visuels pertinent.","breadcrumb":{"@id":"https:\/\/tvgpub.com\/index.php\/conception-graphique-en-tunisie\/#breadcrumb"},"inLanguage":"fr-FR","potentialAction":[{"@type":"ReadAction","target":["https:\/\/tvgpub.com\/index.php\/conception-graphique-en-tunisie\/"]}]},{"@type":"ImageObject","inLanguage":"fr-FR","@id":"https:\/\/tvgpub.com\/index.php\/conception-graphique-en-tunisie\/#primaryimage","url":"https:\/\/tvgpub.com\/wp-content\/uploads\/2025\/04\/134.png","contentUrl":"https:\/\/tvgpub.com\/wp-content\/uploads\/2025\/04\/134.png","width":1080,"height":1080},{"@type":"BreadcrumbList","@id":"https:\/\/tvgpub.com\/index.php\/conception-graphique-en-tunisie\/#breadcrumb","itemListElement":[{"@type":"ListItem","position":1,"name":"Accueil","item":"https:\/\/tvgpub.com\/"},{"@type":"ListItem","position":2,"name":"Conception graphique"}]},{"@type":"WebSite","@id":"https:\/\/tvgpub.com\/#website","url":"https:\/\/tvgpub.com\/","name":"tvg-pub","description":"","publisher":{"@id":"https:\/\/tvgpub.com\/#organization"},"potentialAction":[{"@type":"SearchAction","target":{"@type":"EntryPoint","urlTemplate":"https:\/\/tvgpub.com\/?s={search_term_string}"},"query-input":{"@type":"PropertyValueSpecification","valueRequired":true,"valueName":"search_term_string"}}],"inLanguage":"fr-FR"},{"@type":"Organization","@id":"https:\/\/tvgpub.com\/#organization","name":"tvg-pub","url":"https:\/\/tvgpub.com\/","logo":{"@type":"ImageObject","inLanguage":"fr-FR","@id":"https:\/\/tvgpub.com\/#\/schema\/logo\/image\/","url":"https:\/\/tvgpub.com\/wp-content\/uploads\/2025\/02\/received_1260973734993693-removebg-preview.png","contentUrl":"https:\/\/tvgpub.com\/wp-content\/uploads\/2025\/02\/received_1260973734993693-removebg-preview.png","width":621,"height":402,"caption":"tvg-pub"},"image":{"@id":"https:\/\/tvgpub.com\/#\/schema\/logo\/image\/"},"sameAs":["https:\/\/www.facebook.com\/profile.php?id=100054654241442"]}]}},"_links":{"self":[{"href":"https:\/\/tvgpub.com\/index.php\/wp-json\/wp\/v2\/pages\/551","targetHints":{"allow":["GET"]}}],"collection":[{"href":"https:\/\/tvgpub.com\/index.php\/wp-json\/wp\/v2\/pages"}],"about":[{"href":"https:\/\/tvgpub.com\/index.php\/wp-json\/wp\/v2\/types\/page"}],"author":[{"embeddable":true,"href":"https:\/\/tvgpub.com\/index.php\/wp-json\/wp\/v2\/users\/1"}],"replies":[{"embeddable":true,"href":"https:\/\/tvgpub.com\/index.php\/wp-json\/wp\/v2\/comments?post=551"}],"version-history":[{"count":92,"href":"https:\/\/tvgpub.com\/index.php\/wp-json\/wp\/v2\/pages\/551\/revisions"}],"predecessor-version":[{"id":4177,"href":"https:\/\/tvgpub.com\/index.php\/wp-json\/wp\/v2\/pages\/551\/revisions\/4177"}],"wp:attachment":[{"href":"https:\/\/tvgpub.com\/index.php\/wp-json\/wp\/v2\/media?parent=551"}],"curies":[{"name":"wp","href":"https:\/\/api.w.org\/{rel}","templated":true}]}}