{"id":2860,"date":"2025-04-07T21:25:38","date_gmt":"2025-04-07T19:25:38","guid":{"rendered":"http:\/\/localhost\/tvg-pub\/?page_id=2860"},"modified":"2025-04-26T15:23:20","modified_gmt":"2025-04-26T13:23:20","slug":"formulaire-impression","status":"publish","type":"page","link":"https:\/\/tvgpub.com\/index.php\/formulaire-impression\/","title":{"rendered":"&#8230;"},"content":{"rendered":"\t\t<div data-elementor-type=\"wp-page\" data-elementor-id=\"2860\" class=\"elementor elementor-2860\">\n\t\t\t\t<div class=\"elementor-element elementor-element-69f2ef7d e-flex e-con-boxed e-con e-parent\" data-id=\"69f2ef7d\" data-element_type=\"container\">\n\t\t\t\t\t<div class=\"e-con-inner\">\n\t\t\t\t<div class=\"elementor-element elementor-element-3e0ac3c7 elementor-widget elementor-widget-text-editor\" data-id=\"3e0ac3c7\" data-element_type=\"widget\" data-widget_type=\"text-editor.default\">\n\t\t\t\t<div class=\"elementor-widget-container\"><div class=\"wpcf7 no-js\" id=\"wpcf7-f2841-o1\" lang=\"fr-FR\" dir=\"ltr\" data-wpcf7-id=\"2841\">\n<div class=\"screen-reader-response\">\n<p role=\"status\" aria-live=\"polite\" aria-atomic=\"true\">\n<ul><\/ul>\n<\/div>\n<form action=\"\/index.php\/wp-json\/wp\/v2\/pages\/2860#wpcf7-f2841-o1\" method=\"post\" class=\"wpcf7-form init\" aria-label=\"Formulaire de contact\" enctype=\"multipart\/form-data\" novalidate=\"novalidate\" data-status=\"init\">\n<div style=\"display: none;\">\n<input type=\"hidden\" name=\"_wpcf7\" value=\"2841\" \/><br \/>\n<input type=\"hidden\" name=\"_wpcf7_version\" value=\"6.0.6\" \/><br \/>\n<input type=\"hidden\" name=\"_wpcf7_locale\" value=\"fr_FR\" \/><br \/>\n<input type=\"hidden\" name=\"_wpcf7_unit_tag\" value=\"wpcf7-f2841-o1\" \/><br \/>\n<input type=\"hidden\" name=\"_wpcf7_container_post\" value=\"0\" \/><br \/>\n<input type=\"hidden\" name=\"_wpcf7_posted_data_hash\" value=\"\" \/>\n<\/div>\n<p><label> Votre nom<br \/>\n<span class=\"wpcf7-form-control-wrap\" data-name=\"your-name\"><input size=\"40\" maxlength=\"400\" class=\"wpcf7-form-control wpcf7-text wpcf7-validates-as-required\" autocomplete=\"name\" aria-required=\"true\" aria-invalid=\"false\" value=\"\" type=\"text\" name=\"your-name\" \/><\/span> <\/label>\n<\/p>\n<p><label> Pr\u00e9nom<br \/>\n<span class=\"wpcf7-form-control-wrap\" data-name=\"your-first-name\"><input size=\"40\" maxlength=\"400\" class=\"wpcf7-form-control wpcf7-text wpcf7-validates-as-required\" aria-required=\"true\" aria-invalid=\"false\" value=\"\" type=\"text\" name=\"your-first-name\" \/><\/span> <\/label>\n<\/p>\n<p><label> Num\u00e9ro de t\u00e9l\u00e9phone<br \/>\n<span class=\"wpcf7-form-control-wrap\" data-name=\"your-phone\"><input size=\"40\" maxlength=\"400\" class=\"wpcf7-form-control wpcf7-tel wpcf7-validates-as-required wpcf7-text wpcf7-validates-as-tel\" aria-required=\"true\" aria-invalid=\"false\" value=\"\" type=\"tel\" name=\"your-phone\" \/><\/span> <\/label>\n<\/p>\n<p><label> Votre e-mail<br \/>\n<span class=\"wpcf7-form-control-wrap\" data-name=\"your-email\"><input size=\"40\" maxlength=\"400\" class=\"wpcf7-form-control wpcf7-email wpcf7-validates-as-required wpcf7-text wpcf7-validates-as-email\" aria-required=\"true\" aria-invalid=\"false\" value=\"\" type=\"email\" name=\"your-email\" \/><\/span> <\/label>\n<\/p>\n<h3>Dimension<br \/>\n<\/h3>\n<p><label> Largeur :<br \/>\n<span class=\"wpcf7-form-control-wrap\" data-name=\"largeur\"><input size=\"40\" maxlength=\"400\" class=\"wpcf7-form-control wpcf7-text wpcf7-validates-as-required dimension-input\" aria-required=\"true\" aria-invalid=\"false\" value=\"\" type=\"text\" name=\"largeur\" \/><\/span> <\/label>\n<\/p>\n<p><label> Hauteur :<br \/>\n<span class=\"wpcf7-form-control-wrap\" data-name=\"hauteur\"><input size=\"40\" maxlength=\"400\" class=\"wpcf7-form-control wpcf7-text wpcf7-validates-as-required dimension-input\" aria-required=\"true\" aria-invalid=\"false\" value=\"\" type=\"text\" name=\"hauteur\" \/><\/span> <\/label>\n<\/p>\n<p><label> T\u00e9l\u00e9charger un fichier (image\/vid\u00e9o) :<br \/>\n<span class=\"wpcf7-form-control-wrap\" data-name=\"fichier\"><input size=\"40\" class=\"wpcf7-form-control wpcf7-file wpcf7-validates-as-required\" accept=\"audio\/*,video\/*,image\/*\" aria-required=\"true\" aria-invalid=\"false\" type=\"file\" name=\"fichier\" \/><\/span> <\/label>\n<\/p>\n<p><label> Votre message<br \/>\n<span class=\"wpcf7-form-control-wrap\" data-name=\"your-message\"><textarea cols=\"40\" rows=\"10\" maxlength=\"2000\" class=\"wpcf7-form-control wpcf7-textarea\" aria-invalid=\"false\" name=\"your-message\"><\/textarea><\/span> <\/label>\n<\/p>\n<p><input class=\"wpcf7-form-control wpcf7-submit has-spinner\" type=\"submit\" value=\"Envoyer\" \/>\n<\/p>\n<p style=\"display: none !important;\" class=\"akismet-fields-container\" data-prefix=\"_wpcf7_ak_\"><label>&#916;<textarea name=\"_wpcf7_ak_hp_textarea\" cols=\"45\" rows=\"8\" maxlength=\"100\"><\/textarea><\/label><input type=\"hidden\" id=\"ak_js_1\" name=\"_wpcf7_ak_js\" value=\"8\"\/><script>document.getElementById( \"ak_js_1\" ).setAttribute( \"value\", ( new Date() ).getTime() );<\/script><\/p>\n<div class=\"wpcf7-response-output\" aria-hidden=\"true\"><\/div>\n<\/form>\n<\/div><p>\u00a0<\/p><\/div>\n\t\t\t\t<\/div>\n\t\t\t\t\t<\/div>\n\t\t\t\t<\/div>\t\t<\/div>\n\t\t","protected":false},"excerpt":{"rendered":"<p>\u00a0<\/p>\n","protected":false},"author":1,"featured_media":0,"parent":0,"menu_order":0,"comment_status":"closed","ping_status":"closed","template":"","meta":{"site-sidebar-layout":"default","site-content-layout":"","ast-site-content-layout":"","site-content-style":"default","site-sidebar-style":"default","ast-global-header-display":"","ast-banner-title-visibility":"","ast-main-header-display":"","ast-hfb-above-header-display":"","ast-hfb-below-header-display":"","ast-hfb-mobile-header-display":"","site-post-title":"","ast-breadcrumbs-content":"","ast-featured-img":"","footer-sml-layout":"","theme-transparent-header-meta":"","adv-header-id-meta":"","stick-header-meta":"","header-above-stick-meta":"","header-main-stick-meta":"","header-below-stick-meta":"","astra-migrate-meta-layouts":"default","ast-page-background-enabled":"default","ast-page-background-meta":{"desktop":{"background-color":"var(--ast-global-color-5)","background-image":"","background-repeat":"repeat","background-position":"center center","background-size":"auto","background-attachment":"scroll","background-type":"","background-media":"","overlay-type":"","overlay-color":"","overlay-opacity":"","overlay-gradient":""},"tablet":{"background-color":"","background-image":"","background-repeat":"repeat","background-position":"center center","background-size":"auto","background-attachment":"scroll","background-type":"","background-media":"","overlay-type":"","overlay-color":"","overlay-opacity":"","overlay-gradient":""},"mobile":{"background-color":"","background-image":"","background-repeat":"repeat","background-position":"center center","background-size":"auto","background-attachment":"scroll","background-type":"","background-media":"","overlay-type":"","overlay-color":"","overlay-opacity":"","overlay-gradient":""}},"ast-content-background-meta":{"desktop":{"background-color":"var(--ast-global-color-4)","background-image":"","background-repeat":"repeat","background-position":"center center","background-size":"auto","background-attachment":"scroll","background-type":"","background-media":"","overlay-type":"","overlay-color":"","overlay-opacity":"","overlay-gradient":""},"tablet":{"background-color":"var(--ast-global-color-4)","background-image":"","background-repeat":"repeat","background-position":"center center","background-size":"auto","background-attachment":"scroll","background-type":"","background-media":"","overlay-type":"","overlay-color":"","overlay-opacity":"","overlay-gradient":""},"mobile":{"background-color":"var(--ast-global-color-4)","background-image":"","background-repeat":"repeat","background-position":"center center","background-size":"auto","background-attachment":"scroll","background-type":"","background-media":"","overlay-type":"","overlay-color":"","overlay-opacity":"","overlay-gradient":""}},"_joinchat":[],"footnotes":""},"class_list":["post-2860","page","type-page","status-publish","hentry"],"yoast_head":"<!-- This site is optimized with the Yoast SEO plugin v25.3 - https:\/\/yoast.com\/wordpress\/plugins\/seo\/ -->\n<title>... -<\/title>\n<meta name=\"robots\" content=\"index, follow, max-snippet:-1, max-image-preview:large, max-video-preview:-1\" \/>\n<link rel=\"canonical\" href=\"https:\/\/tvgpub.com\/index.php\/formulaire-impression\/\" \/>\n<meta property=\"og:locale\" content=\"fr_FR\" \/>\n<meta property=\"og:type\" content=\"article\" \/>\n<meta property=\"og:title\" content=\"... -\" \/>\n<meta property=\"og:description\" content=\"\u00a0\" \/>\n<meta property=\"og:url\" content=\"https:\/\/tvgpub.com\/index.php\/formulaire-impression\/\" \/>\n<meta property=\"article:publisher\" content=\"https:\/\/www.facebook.com\/profile.php?id=100054654241442\" \/>\n<meta property=\"article:modified_time\" content=\"2025-04-26T13:23:20+00:00\" \/>\n<meta name=\"twitter:card\" content=\"summary_large_image\" \/>\n<meta name=\"twitter:label1\" content=\"Dur\u00e9e de lecture estim\u00e9e\" \/>\n\t<meta name=\"twitter:data1\" content=\"1 minute\" \/>\n<script type=\"application\/ld+json\" class=\"yoast-schema-graph\">{\"@context\":\"https:\/\/schema.org\",\"@graph\":[{\"@type\":\"WebPage\",\"@id\":\"https:\/\/tvgpub.com\/index.php\/formulaire-impression\/\",\"url\":\"https:\/\/tvgpub.com\/index.php\/formulaire-impression\/\",\"name\":\"... -\",\"isPartOf\":{\"@id\":\"https:\/\/tvgpub.com\/#website\"},\"datePublished\":\"2025-04-07T19:25:38+00:00\",\"dateModified\":\"2025-04-26T13:23:20+00:00\",\"breadcrumb\":{\"@id\":\"https:\/\/tvgpub.com\/index.php\/formulaire-impression\/#breadcrumb\"},\"inLanguage\":\"fr-FR\",\"potentialAction\":[{\"@type\":\"ReadAction\",\"target\":[\"https:\/\/tvgpub.com\/index.php\/formulaire-impression\/\"]}]},{\"@type\":\"BreadcrumbList\",\"@id\":\"https:\/\/tvgpub.com\/index.php\/formulaire-impression\/#breadcrumb\",\"itemListElement\":[{\"@type\":\"ListItem\",\"position\":1,\"name\":\"Accueil\",\"item\":\"https:\/\/tvgpub.com\/\"},{\"@type\":\"ListItem\",\"position\":2,\"name\":\"&#8230;\"}]},{\"@type\":\"WebSite\",\"@id\":\"https:\/\/tvgpub.com\/#website\",\"url\":\"https:\/\/tvgpub.com\/\",\"name\":\"tvg-pub\",\"description\":\"\",\"publisher\":{\"@id\":\"https:\/\/tvgpub.com\/#organization\"},\"potentialAction\":[{\"@type\":\"SearchAction\",\"target\":{\"@type\":\"EntryPoint\",\"urlTemplate\":\"https:\/\/tvgpub.com\/?s={search_term_string}\"},\"query-input\":{\"@type\":\"PropertyValueSpecification\",\"valueRequired\":true,\"valueName\":\"search_term_string\"}}],\"inLanguage\":\"fr-FR\"},{\"@type\":\"Organization\",\"@id\":\"https:\/\/tvgpub.com\/#organization\",\"name\":\"tvg-pub\",\"url\":\"https:\/\/tvgpub.com\/\",\"logo\":{\"@type\":\"ImageObject\",\"inLanguage\":\"fr-FR\",\"@id\":\"https:\/\/tvgpub.com\/#\/schema\/logo\/image\/\",\"url\":\"https:\/\/tvgpub.com\/wp-content\/uploads\/2025\/02\/received_1260973734993693-removebg-preview.png\",\"contentUrl\":\"https:\/\/tvgpub.com\/wp-content\/uploads\/2025\/02\/received_1260973734993693-removebg-preview.png\",\"width\":621,\"height\":402,\"caption\":\"tvg-pub\"},\"image\":{\"@id\":\"https:\/\/tvgpub.com\/#\/schema\/logo\/image\/\"},\"sameAs\":[\"https:\/\/www.facebook.com\/profile.php?id=100054654241442\"]}]}<\/script>\n<!-- \/ Yoast SEO plugin. -->","yoast_head_json":{"title":"... -","robots":{"index":"index","follow":"follow","max-snippet":"max-snippet:-1","max-image-preview":"max-image-preview:large","max-video-preview":"max-video-preview:-1"},"canonical":"https:\/\/tvgpub.com\/index.php\/formulaire-impression\/","og_locale":"fr_FR","og_type":"article","og_title":"... -","og_description":"\u00a0","og_url":"https:\/\/tvgpub.com\/index.php\/formulaire-impression\/","article_publisher":"https:\/\/www.facebook.com\/profile.php?id=100054654241442","article_modified_time":"2025-04-26T13:23:20+00:00","twitter_card":"summary_large_image","twitter_misc":{"Dur\u00e9e de lecture estim\u00e9e":"1 minute"},"schema":{"@context":"https:\/\/schema.org","@graph":[{"@type":"WebPage","@id":"https:\/\/tvgpub.com\/index.php\/formulaire-impression\/","url":"https:\/\/tvgpub.com\/index.php\/formulaire-impression\/","name":"... -","isPartOf":{"@id":"https:\/\/tvgpub.com\/#website"},"datePublished":"2025-04-07T19:25:38+00:00","dateModified":"2025-04-26T13:23:20+00:00","breadcrumb":{"@id":"https:\/\/tvgpub.com\/index.php\/formulaire-impression\/#breadcrumb"},"inLanguage":"fr-FR","potentialAction":[{"@type":"ReadAction","target":["https:\/\/tvgpub.com\/index.php\/formulaire-impression\/"]}]},{"@type":"BreadcrumbList","@id":"https:\/\/tvgpub.com\/index.php\/formulaire-impression\/#breadcrumb","itemListElement":[{"@type":"ListItem","position":1,"name":"Accueil","item":"https:\/\/tvgpub.com\/"},{"@type":"ListItem","position":2,"name":"&#8230;"}]},{"@type":"WebSite","@id":"https:\/\/tvgpub.com\/#website","url":"https:\/\/tvgpub.com\/","name":"tvg-pub","description":"","publisher":{"@id":"https:\/\/tvgpub.com\/#organization"},"potentialAction":[{"@type":"SearchAction","target":{"@type":"EntryPoint","urlTemplate":"https:\/\/tvgpub.com\/?s={search_term_string}"},"query-input":{"@type":"PropertyValueSpecification","valueRequired":true,"valueName":"search_term_string"}}],"inLanguage":"fr-FR"},{"@type":"Organization","@id":"https:\/\/tvgpub.com\/#organization","name":"tvg-pub","url":"https:\/\/tvgpub.com\/","logo":{"@type":"ImageObject","inLanguage":"fr-FR","@id":"https:\/\/tvgpub.com\/#\/schema\/logo\/image\/","url":"https:\/\/tvgpub.com\/wp-content\/uploads\/2025\/02\/received_1260973734993693-removebg-preview.png","contentUrl":"https:\/\/tvgpub.com\/wp-content\/uploads\/2025\/02\/received_1260973734993693-removebg-preview.png","width":621,"height":402,"caption":"tvg-pub"},"image":{"@id":"https:\/\/tvgpub.com\/#\/schema\/logo\/image\/"},"sameAs":["https:\/\/www.facebook.com\/profile.php?id=100054654241442"]}]}},"_links":{"self":[{"href":"https:\/\/tvgpub.com\/index.php\/wp-json\/wp\/v2\/pages\/2860","targetHints":{"allow":["GET"]}}],"collection":[{"href":"https:\/\/tvgpub.com\/index.php\/wp-json\/wp\/v2\/pages"}],"about":[{"href":"https:\/\/tvgpub.com\/index.php\/wp-json\/wp\/v2\/types\/page"}],"author":[{"embeddable":true,"href":"https:\/\/tvgpub.com\/index.php\/wp-json\/wp\/v2\/users\/1"}],"replies":[{"embeddable":true,"href":"https:\/\/tvgpub.com\/index.php\/wp-json\/wp\/v2\/comments?post=2860"}],"version-history":[{"count":12,"href":"https:\/\/tvgpub.com\/index.php\/wp-json\/wp\/v2\/pages\/2860\/revisions"}],"predecessor-version":[{"id":3933,"href":"https:\/\/tvgpub.com\/index.php\/wp-json\/wp\/v2\/pages\/2860\/revisions\/3933"}],"wp:attachment":[{"href":"https:\/\/tvgpub.com\/index.php\/wp-json\/wp\/v2\/media?parent=2860"}],"curies":[{"name":"wp","href":"https:\/\/api.w.org\/{rel}","templated":true}]}}