{"id":158,"date":"2025-02-21T14:33:48","date_gmt":"2025-02-21T13:33:48","guid":{"rendered":"http:\/\/localhost\/tvg-pub\/?page_id=158"},"modified":"2025-05-04T13:00:52","modified_gmt":"2025-05-04T11:00:52","slug":"conception-et-impression-publicitaire-en-tunisie","status":"publish","type":"page","link":"https:\/\/tvgpub.com\/index.php\/conception-et-impression-publicitaire-en-tunisie\/","title":{"rendered":"Conception et Impression"},"content":{"rendered":"\t\t<div data-elementor-type=\"wp-page\" data-elementor-id=\"158\" class=\"elementor elementor-158\">\n\t\t\t\t<div class=\"elementor-element elementor-element-869cb52 e-con-full e-flex e-con e-parent\" data-id=\"869cb52\" data-element_type=\"container\">\n\t\t\t\t<div class=\"elementor-element elementor-element-b7fcb60 elementor-arrows-position-inside elementor-pagination-position-outside elementor-invisible elementor-widget elementor-widget-image-carousel\" data-id=\"b7fcb60\" data-element_type=\"widget\" data-settings=\"{&quot;slides_to_show&quot;:&quot;1&quot;,&quot;_animation&quot;:&quot;zoomIn&quot;,&quot;speed&quot;:578,&quot;navigation&quot;:&quot;both&quot;,&quot;autoplay&quot;:&quot;yes&quot;,&quot;pause_on_hover&quot;:&quot;yes&quot;,&quot;pause_on_interaction&quot;:&quot;yes&quot;,&quot;autoplay_speed&quot;:5000,&quot;infinite&quot;:&quot;yes&quot;,&quot;effect&quot;:&quot;slide&quot;}\" data-widget_type=\"image-carousel.default\">\n\t\t\t\t<div class=\"elementor-widget-container\">\n\t\t\t\t\t\t\t<div class=\"elementor-image-carousel-wrapper swiper\" role=\"region\" aria-roledescription=\"carousel\" aria-label=\"Carrousel d\u2019images\" dir=\"ltr\">\n\t\t\t<div class=\"elementor-image-carousel swiper-wrapper\" aria-live=\"off\">\n\t\t\t\t\t\t\t\t<div class=\"swiper-slide\" role=\"group\" aria-roledescription=\"slide\" aria-label=\"1 sur 3\"><figure class=\"swiper-slide-inner\"><img decoding=\"async\" class=\"swiper-slide-image\" src=\"https:\/\/tvgpub.com\/wp-content\/uploads\/2025\/04\/3.png\" alt=\"impression publicitaire en Tunisie\" \/><\/figure><\/div><div class=\"swiper-slide\" role=\"group\" aria-roledescription=\"slide\" aria-label=\"2 sur 3\"><figure class=\"swiper-slide-inner\"><img decoding=\"async\" class=\"swiper-slide-image\" src=\"https:\/\/tvgpub.com\/wp-content\/uploads\/2025\/04\/1.png\" alt=\"impression publicitaire en Tunisie\" \/><\/figure><\/div><div class=\"swiper-slide\" role=\"group\" aria-roledescription=\"slide\" aria-label=\"3 sur 3\"><figure class=\"swiper-slide-inner\"><img decoding=\"async\" class=\"swiper-slide-image\" src=\"https:\/\/tvgpub.com\/wp-content\/uploads\/2025\/04\/2-1.png\" alt=\"impression publicitaire en Tunisie\" \/><\/figure><\/div>\t\t\t<\/div>\n\t\t\t\t\t\t\t\t\t\t\t\t<div class=\"elementor-swiper-button elementor-swiper-button-prev\" role=\"button\" tabindex=\"0\">\n\t\t\t\t\t\t<svg aria-hidden=\"true\" class=\"e-font-icon-svg e-eicon-chevron-left\" viewBox=\"0 0 1000 1000\" xmlns=\"http:\/\/www.w3.org\/2000\/svg\"><path d=\"M646 125C629 125 613 133 604 142L308 442C296 454 292 471 292 487 292 504 296 521 308 533L604 854C617 867 629 875 646 875 663 875 679 871 692 858 704 846 713 829 713 812 713 796 708 779 692 767L438 487 692 225C700 217 708 204 708 187 708 171 704 154 692 142 675 129 663 125 646 125Z\"><\/path><\/svg>\t\t\t\t\t<\/div>\n\t\t\t\t\t<div class=\"elementor-swiper-button elementor-swiper-button-next\" role=\"button\" tabindex=\"0\">\n\t\t\t\t\t\t<svg aria-hidden=\"true\" class=\"e-font-icon-svg e-eicon-chevron-right\" viewBox=\"0 0 1000 1000\" xmlns=\"http:\/\/www.w3.org\/2000\/svg\"><path d=\"M696 533C708 521 713 504 713 487 713 471 708 454 696 446L400 146C388 133 375 125 354 125 338 125 325 129 313 142 300 154 292 171 292 187 292 204 296 221 308 233L563 492 304 771C292 783 288 800 288 817 288 833 296 850 308 863 321 871 338 875 354 875 371 875 388 867 400 854L696 533Z\"><\/path><\/svg>\t\t\t\t\t<\/div>\n\t\t\t\t\n\t\t\t\t\t\t\t\t\t<div class=\"swiper-pagination\"><\/div>\n\t\t\t\t\t\t\t\t\t<\/div>\n\t\t\t\t\t\t<\/div>\n\t\t\t\t<\/div>\n\t\t\t\t<\/div>\n\t\t<div class=\"elementor-element elementor-element-646e298 e-flex e-con-boxed elementor-invisible e-con e-parent\" data-id=\"646e298\" data-element_type=\"container\" data-settings=\"{&quot;background_background&quot;:&quot;classic&quot;,&quot;animation&quot;:&quot;fadeInDown&quot;}\">\n\t\t\t\t\t<div class=\"e-con-inner\">\n\t\t\t\t<div class=\"elementor-element elementor-element-eea2e94 elementor-widget elementor-widget-heading\" data-id=\"eea2e94\" data-element_type=\"widget\" data-widget_type=\"heading.default\">\n\t\t\t\t<div class=\"elementor-widget-container\">\n\t\t\t\t\t<h2 class=\"elementor-heading-title elementor-size-default\">Impression, Conception Graphique et Identit\u00e9 Visuelle : L'Art de Cr\u00e9er des Supports Impactant<\/h2>\t\t\t\t<\/div>\n\t\t\t\t<\/div>\n\t\t\t\t<div class=\"elementor-element elementor-element-8f2a7c1 elementor-widget elementor-widget-text-editor\" data-id=\"8f2a7c1\" data-element_type=\"widget\" data-widget_type=\"text-editor.default\">\n\t\t\t\t<div class=\"elementor-widget-container\">\n\t\t\t\t\t\t\t\t\t<p>La cr\u00e9ation graphique consiste, avant tout, \u00e0 associer de mani\u00e8re harmonieuse des \u00e9l\u00e9ments visuels et textuels afin de v\u00e9hiculer un message clair et percutant. Elle englobe notamment la conception de logos, de brochures, de cartes professionnelles et d\u2019autres supports de communication.<br data-start=\"360\" data-end=\"363\" \/>Dans le cadre de l\u2019impression publicitaire en Tunisie, un design soign\u00e9 joue un r\u00f4le d\u00e9terminant tant dans la qualit\u00e9 du rendu final que dans la perception de l\u2019image de marque. Ainsi, les graphistes s\u2019appuient sur des outils professionnels pour \u00e9laborer des visuels attrayants, capables de transmettre efficacement l\u2019identit\u00e9 visuelle de chaque organisation<\/p>\t\t\t\t\t\t\t\t<\/div>\n\t\t\t\t<\/div>\n\t\t\t\t\t<\/div>\n\t\t\t\t<\/div>\n\t\t<div class=\"elementor-element elementor-element-1f52132 e-flex e-con-boxed elementor-invisible e-con e-parent\" data-id=\"1f52132\" data-element_type=\"container\" data-settings=\"{&quot;background_background&quot;:&quot;classic&quot;,&quot;animation&quot;:&quot;flash&quot;}\">\n\t\t\t\t\t<div class=\"e-con-inner\">\n\t\t<div class=\"elementor-element elementor-element-240429f e-con-full e-flex e-con e-child\" data-id=\"240429f\" data-element_type=\"container\">\n\t\t\t\t<div class=\"elementor-element elementor-element-5cc3198 elementor-widget__width-initial elementor-widget elementor-widget-heading\" data-id=\"5cc3198\" data-element_type=\"widget\" data-widget_type=\"heading.default\">\n\t\t\t\t<div class=\"elementor-widget-container\">\n\t\t\t\t\t<h3 class=\"elementor-heading-title elementor-size-default\">Pour tout demande d'nformation ou un devis<\/h3>\t\t\t\t<\/div>\n\t\t\t\t<\/div>\n\t\t\t\t<div class=\"elementor-element elementor-element-0d08743 elementor-widget elementor-widget-button\" data-id=\"0d08743\" data-element_type=\"widget\" data-widget_type=\"button.default\">\n\t\t\t\t<div class=\"elementor-widget-container\">\n\t\t\t\t\t\t\t\t\t<div class=\"elementor-button-wrapper\">\n\t\t\t\t\t<a class=\"elementor-button elementor-button-link elementor-size-sm elementor-animation-push\" href=\"https:\/\/tvgpub.com\/index.php\/contact-2\">\n\t\t\t\t\t\t<span class=\"elementor-button-content-wrapper\">\n\t\t\t\t\t\t\t\t\t<span class=\"elementor-button-text\">Contacter_nous<\/span>\n\t\t\t\t\t<\/span>\n\t\t\t\t\t<\/a>\n\t\t\t\t<\/div>\n\t\t\t\t\t\t\t\t<\/div>\n\t\t\t\t<\/div>\n\t\t\t\t<\/div>\n\t\t\t\t\t<\/div>\n\t\t\t\t<\/div>\n\t\t<div class=\"elementor-element elementor-element-f62f75b e-flex e-con-boxed e-con e-parent\" data-id=\"f62f75b\" data-element_type=\"container\" data-settings=\"{&quot;background_background&quot;:&quot;classic&quot;,&quot;animation&quot;:&quot;none&quot;}\">\n\t\t\t\t\t<div class=\"e-con-inner\">\n\t\t<div class=\"elementor-element elementor-element-0e54646 e-con-full e-flex e-con e-child\" data-id=\"0e54646\" data-element_type=\"container\">\n\t\t\t\t<div class=\"elementor-element elementor-element-27d4af9 elementor-invisible elementor-widget elementor-widget-heading\" data-id=\"27d4af9\" data-element_type=\"widget\" data-settings=\"{&quot;_animation&quot;:&quot;bounceInUp&quot;}\" data-widget_type=\"heading.default\">\n\t\t\t\t<div class=\"elementor-widget-container\">\n\t\t\t\t\t<h3 class=\"elementor-heading-title elementor-size-default\"><a href=\"https:\/\/tvgpub.com\/index.php\/impression-grand-format-supports-de-communication\">Impression Grand Format : Roll-up, Xbanner, Banderole, Vinyle, Flag<\/a><\/h3>\t\t\t\t<\/div>\n\t\t\t\t<\/div>\n\t\t\t\t<div class=\"elementor-element elementor-element-ef9fae2 elementor-invisible elementor-widget elementor-widget-text-editor\" data-id=\"ef9fae2\" data-element_type=\"widget\" data-settings=\"{&quot;_animation&quot;:&quot;bounceInUp&quot;}\" data-widget_type=\"text-editor.default\">\n\t\t\t\t<div class=\"elementor-widget-container\">\n\t\t\t\t\t\t\t\t\t<p><strong><span style=\"color: #800000;\">L\u2019agence Tvg<\/span><\/strong> vous accompagne dans la cr\u00e9ation de supports visuels personnalis\u00e9s, imposants et de haute qualit\u00e9, afin de promouvoir efficacement vos actions de communication, qu\u2019il s\u2019agisse d\u2019\u00e9v\u00e9nements, de lancements de produits ou de campagnes institutionnelles. Dans le cadre de l\u2019<strong data-start=\"485\" data-end=\"523\">impression publicitaire en Tunisie<\/strong>, nous mettons \u00e0 votre disposition des outils performants tels que les roll-ups, X-banners, banderoles, vinyles et drapeaux publicitaires, qui renforcent votre visibilit\u00e9, aussi bien en int\u00e9rieur qu\u2019en ext\u00e9rieur. En outre, ces supports captent facilement l\u2019attention du public et transmettent votre message de mani\u00e8re claire et percutante, quel que soit le lieu d\u2019exposition.<\/p>\t\t\t\t\t\t\t\t<\/div>\n\t\t\t\t<\/div>\n\t\t\t\t<\/div>\n\t\t\t\t\t<\/div>\n\t\t\t\t<\/div>\n\t\t<div class=\"elementor-element elementor-element-b875d15 e-flex e-con-boxed e-con e-parent\" data-id=\"b875d15\" data-element_type=\"container\" data-settings=\"{&quot;background_background&quot;:&quot;classic&quot;}\">\n\t\t\t\t\t<div class=\"e-con-inner\">\n\t\t<div class=\"elementor-element elementor-element-41065c5 e-con-full e-flex e-con e-child\" data-id=\"41065c5\" data-element_type=\"container\">\n\t\t\t\t<div class=\"elementor-element elementor-element-4cbbe69 elementor-invisible elementor-widget elementor-widget-heading\" data-id=\"4cbbe69\" data-element_type=\"widget\" data-settings=\"{&quot;_animation&quot;:&quot;bounceInUp&quot;}\" data-widget_type=\"heading.default\">\n\t\t\t\t<div class=\"elementor-widget-container\">\n\t\t\t\t\t<h3 class=\"elementor-heading-title elementor-size-default\"><a href=\"https:\/\/tvgpub.com\/index.php\/impression-numerique-services-dimpression-numerique\">Impression Num\u00e9rique : Badge, Carte de Visite, Carte de Fid\u00e9lit\u00e9, Flyer, Catalogue, Affiche<\/a><\/h3>\t\t\t\t<\/div>\n\t\t\t\t<\/div>\n\t\t\t\t<div class=\"elementor-element elementor-element-4642211 elementor-invisible elementor-widget elementor-widget-text-editor\" data-id=\"4642211\" data-element_type=\"widget\" data-settings=\"{&quot;_animation&quot;:&quot;bounceInUp&quot;}\" data-widget_type=\"text-editor.default\">\n\t\t\t\t<div class=\"elementor-widget-container\">\n\t\t\t\t\t\t\t\t\t<p>l&rsquo;Agence\u00a0 permet de produire une large vari\u00e9t\u00e9 de supports imprim\u00e9s de haute qualit\u00e9, id\u00e9als pour renforcer votre communication. Que ce soit pour des <strong>badges<\/strong> personnalis\u00e9s, des <strong>cartes de visite<\/strong> professionnelles, des <strong>cartes de fid\u00e9lit\u00e9<\/strong> attractives, des <strong>flyers<\/strong> percutants, des <strong>catalogues<\/strong> \u00e9l\u00e9gants ou des <strong>affiches<\/strong> remarquables, cette technologie offre une grande flexibilit\u00e9 et rapidit\u00e9 tout en garantissant un rendu impeccable.<\/p>\t\t\t\t\t\t\t\t<\/div>\n\t\t\t\t<\/div>\n\t\t\t\t<\/div>\n\t\t\t\t\t<\/div>\n\t\t\t\t<\/div>\n\t\t<div class=\"elementor-element elementor-element-5fd8ab4 e-flex e-con-boxed e-con e-parent\" data-id=\"5fd8ab4\" data-element_type=\"container\" data-settings=\"{&quot;background_background&quot;:&quot;classic&quot;}\">\n\t\t\t\t\t<div class=\"e-con-inner\">\n\t\t<div class=\"elementor-element elementor-element-a463e92 e-con-full e-flex e-con e-child\" data-id=\"a463e92\" data-element_type=\"container\">\n\t\t\t\t<div class=\"elementor-element elementor-element-57b2366 elementor-invisible elementor-widget elementor-widget-heading\" data-id=\"57b2366\" data-element_type=\"widget\" data-settings=\"{&quot;_animation&quot;:&quot;bounceInUp&quot;}\" data-widget_type=\"heading.default\">\n\t\t\t\t<div class=\"elementor-widget-container\">\n\t\t\t\t\t<h3 class=\"elementor-heading-title elementor-size-default\"><a href=\"https:\/\/tvgpub.com\/index.php\/conception-graphique-en-tunisie\">Conception Graphique : Cr\u00e9ation de Logo, Identit\u00e9 Graphique, Design d'Emballage Produit<\/a><\/h3>\t\t\t\t<\/div>\n\t\t\t\t<\/div>\n\t\t\t\t<div class=\"elementor-element elementor-element-ed982c2 elementor-invisible elementor-widget elementor-widget-text-editor\" data-id=\"ed982c2\" data-element_type=\"widget\" data-settings=\"{&quot;_animation&quot;:&quot;bounceInUp&quot;}\" data-widget_type=\"text-editor.default\">\n\t\t\t\t<div class=\"elementor-widget-container\">\n\t\t\t\t\t\t\t\t\t<p>La conception graphique joue un r\u00f4le cl\u00e9 dans l&rsquo;image de marque d&rsquo;une entreprise. Que ce soit pour la <strong>cr\u00e9ation de logo<\/strong> qui refl\u00e8te l&rsquo;essence de votre marque, le d\u00e9veloppement d&rsquo;une <strong>identit\u00e9 graphique<\/strong> coh\u00e9rente et m\u00e9morable, ou la cr\u00e9ation de <strong>designs d&#8217;emballage produit<\/strong> attractifs et fonctionnels, un bon design est essentiel pour capter l&rsquo;attention et se d\u00e9marquer. Ces \u00e9l\u00e9ments visuels contribuent \u00e0 renforcer votre positionnement sur le march\u00e9 et \u00e0 \u00e9tablir une connexion forte avec votre public cible.<\/p>\t\t\t\t\t\t\t\t<\/div>\n\t\t\t\t<\/div>\n\t\t\t\t<\/div>\n\t\t\t\t\t<\/div>\n\t\t\t\t<\/div>\n\t\t\t\t<\/div>\n\t\t","protected":false},"excerpt":{"rendered":"<p>Impression, Conception Graphique et Identit\u00e9 Visuelle : L&rsquo;Art de Cr\u00e9er des Supports Impactant La cr\u00e9ation graphique consiste, avant tout, \u00e0 [&hellip;]<\/p>\n","protected":false},"author":1,"featured_media":0,"parent":0,"menu_order":0,"comment_status":"closed","ping_status":"closed","template":"","meta":{"site-sidebar-layout":"no-sidebar","site-content-layout":"","ast-site-content-layout":"full-width-container","site-content-style":"default","site-sidebar-style":"default","ast-global-header-display":"","ast-banner-title-visibility":"","ast-main-header-display":"","ast-hfb-above-header-display":"","ast-hfb-below-header-display":"","ast-hfb-mobile-header-display":"","site-post-title":"disabled","ast-breadcrumbs-content":"","ast-featured-img":"disabled","footer-sml-layout":"","theme-transparent-header-meta":"","adv-header-id-meta":"","stick-header-meta":"","header-above-stick-meta":"","header-main-stick-meta":"","header-below-stick-meta":"","astra-migrate-meta-layouts":"default","ast-page-background-enabled":"default","ast-page-background-meta":{"desktop":{"background-color":"var(--ast-global-color-5)","background-image":"","background-repeat":"repeat","background-position":"center center","background-size":"auto","background-attachment":"scroll","background-type":"","background-media":"","overlay-type":"","overlay-color":"","overlay-opacity":"","overlay-gradient":""},"tablet":{"background-color":"","background-image":"","background-repeat":"repeat","background-position":"center center","background-size":"auto","background-attachment":"scroll","background-type":"","background-media":"","overlay-type":"","overlay-color":"","overlay-opacity":"","overlay-gradient":""},"mobile":{"background-color":"","background-image":"","background-repeat":"repeat","background-position":"center center","background-size":"auto","background-attachment":"scroll","background-type":"","background-media":"","overlay-type":"","overlay-color":"","overlay-opacity":"","overlay-gradient":""}},"ast-content-background-meta":{"desktop":{"background-color":"var(--ast-global-color-4)","background-image":"","background-repeat":"repeat","background-position":"center center","background-size":"auto","background-attachment":"scroll","background-type":"","background-media":"","overlay-type":"","overlay-color":"","overlay-opacity":"","overlay-gradient":""},"tablet":{"background-color":"var(--ast-global-color-4)","background-image":"","background-repeat":"repeat","background-position":"center center","background-size":"auto","background-attachment":"scroll","background-type":"","background-media":"","overlay-type":"","overlay-color":"","overlay-opacity":"","overlay-gradient":""},"mobile":{"background-color":"var(--ast-global-color-4)","background-image":"","background-repeat":"repeat","background-position":"center center","background-size":"auto","background-attachment":"scroll","background-type":"","background-media":"","overlay-type":"","overlay-color":"","overlay-opacity":"","overlay-gradient":""}},"_joinchat":[],"footnotes":""},"class_list":["post-158","page","type-page","status-publish","hentry"],"yoast_head":"<!-- This site is optimized with the Yoast SEO plugin v25.3 - https:\/\/yoast.com\/wordpress\/plugins\/seo\/ -->\n<title>Impression Publicitaire en Tunisie | Qualit\u00e9-Prix en Tvg-Pub<\/title>\n<meta name=\"description\" content=\"TVG-PUB vous propose des services d\u2019impression publicitaire en Tunisie personnalis\u00e9, avec qualit\u00e9 et prix raisonnable.\" \/>\n<meta name=\"robots\" content=\"index, follow, max-snippet:-1, max-image-preview:large, max-video-preview:-1\" \/>\n<link rel=\"canonical\" href=\"https:\/\/tvgpub.com\/index.php\/conception-et-impression-publicitaire-en-tunisie\/\" \/>\n<meta property=\"og:locale\" content=\"fr_FR\" \/>\n<meta property=\"og:type\" content=\"article\" \/>\n<meta property=\"og:title\" content=\"Impression Publicitaire en Tunisie | Qualit\u00e9-Prix en Tvg-Pub\" \/>\n<meta property=\"og:description\" content=\"TVG-PUB vous propose des services d\u2019impression publicitaire en Tunisie personnalis\u00e9, avec qualit\u00e9 et prix raisonnable.\" \/>\n<meta property=\"og:url\" content=\"https:\/\/tvgpub.com\/index.php\/conception-et-impression-publicitaire-en-tunisie\/\" \/>\n<meta property=\"article:publisher\" content=\"https:\/\/www.facebook.com\/profile.php?id=100054654241442\" \/>\n<meta property=\"article:modified_time\" content=\"2025-05-04T11:00:52+00:00\" \/>\n<meta property=\"og:image\" content=\"http:\/\/tvgpub.com\/wp-content\/uploads\/2025\/04\/3.png\" \/>\n<meta name=\"twitter:card\" content=\"summary_large_image\" \/>\n<meta name=\"twitter:label1\" content=\"Dur\u00e9e de lecture estim\u00e9e\" \/>\n\t<meta name=\"twitter:data1\" content=\"3 minutes\" \/>\n<script type=\"application\/ld+json\" class=\"yoast-schema-graph\">{\"@context\":\"https:\/\/schema.org\",\"@graph\":[{\"@type\":\"WebPage\",\"@id\":\"https:\/\/tvgpub.com\/index.php\/conception-et-impression-publicitaire-en-tunisie\/\",\"url\":\"https:\/\/tvgpub.com\/index.php\/conception-et-impression-publicitaire-en-tunisie\/\",\"name\":\"Impression Publicitaire en Tunisie | Qualit\u00e9-Prix en Tvg-Pub\",\"isPartOf\":{\"@id\":\"https:\/\/tvgpub.com\/#website\"},\"primaryImageOfPage\":{\"@id\":\"https:\/\/tvgpub.com\/index.php\/conception-et-impression-publicitaire-en-tunisie\/#primaryimage\"},\"image\":{\"@id\":\"https:\/\/tvgpub.com\/index.php\/conception-et-impression-publicitaire-en-tunisie\/#primaryimage\"},\"thumbnailUrl\":\"http:\/\/tvgpub.com\/wp-content\/uploads\/2025\/04\/3.png\",\"datePublished\":\"2025-02-21T13:33:48+00:00\",\"dateModified\":\"2025-05-04T11:00:52+00:00\",\"description\":\"TVG-PUB vous propose des services d\u2019impression publicitaire en Tunisie personnalis\u00e9, avec qualit\u00e9 et prix raisonnable.\",\"breadcrumb\":{\"@id\":\"https:\/\/tvgpub.com\/index.php\/conception-et-impression-publicitaire-en-tunisie\/#breadcrumb\"},\"inLanguage\":\"fr-FR\",\"potentialAction\":[{\"@type\":\"ReadAction\",\"target\":[\"https:\/\/tvgpub.com\/index.php\/conception-et-impression-publicitaire-en-tunisie\/\"]}]},{\"@type\":\"ImageObject\",\"inLanguage\":\"fr-FR\",\"@id\":\"https:\/\/tvgpub.com\/index.php\/conception-et-impression-publicitaire-en-tunisie\/#primaryimage\",\"url\":\"https:\/\/tvgpub.com\/wp-content\/uploads\/2025\/04\/3.png\",\"contentUrl\":\"https:\/\/tvgpub.com\/wp-content\/uploads\/2025\/04\/3.png\",\"width\":1500,\"height\":350,\"caption\":\"impression publicitaire en Tunisie\"},{\"@type\":\"BreadcrumbList\",\"@id\":\"https:\/\/tvgpub.com\/index.php\/conception-et-impression-publicitaire-en-tunisie\/#breadcrumb\",\"itemListElement\":[{\"@type\":\"ListItem\",\"position\":1,\"name\":\"Accueil\",\"item\":\"https:\/\/tvgpub.com\/\"},{\"@type\":\"ListItem\",\"position\":2,\"name\":\"Conception et Impression\"}]},{\"@type\":\"WebSite\",\"@id\":\"https:\/\/tvgpub.com\/#website\",\"url\":\"https:\/\/tvgpub.com\/\",\"name\":\"tvg-pub\",\"description\":\"\",\"publisher\":{\"@id\":\"https:\/\/tvgpub.com\/#organization\"},\"potentialAction\":[{\"@type\":\"SearchAction\",\"target\":{\"@type\":\"EntryPoint\",\"urlTemplate\":\"https:\/\/tvgpub.com\/?s={search_term_string}\"},\"query-input\":{\"@type\":\"PropertyValueSpecification\",\"valueRequired\":true,\"valueName\":\"search_term_string\"}}],\"inLanguage\":\"fr-FR\"},{\"@type\":\"Organization\",\"@id\":\"https:\/\/tvgpub.com\/#organization\",\"name\":\"tvg-pub\",\"url\":\"https:\/\/tvgpub.com\/\",\"logo\":{\"@type\":\"ImageObject\",\"inLanguage\":\"fr-FR\",\"@id\":\"https:\/\/tvgpub.com\/#\/schema\/logo\/image\/\",\"url\":\"https:\/\/tvgpub.com\/wp-content\/uploads\/2025\/02\/received_1260973734993693-removebg-preview.png\",\"contentUrl\":\"https:\/\/tvgpub.com\/wp-content\/uploads\/2025\/02\/received_1260973734993693-removebg-preview.png\",\"width\":621,\"height\":402,\"caption\":\"tvg-pub\"},\"image\":{\"@id\":\"https:\/\/tvgpub.com\/#\/schema\/logo\/image\/\"},\"sameAs\":[\"https:\/\/www.facebook.com\/profile.php?id=100054654241442\"]}]}<\/script>\n<!-- \/ Yoast SEO plugin. -->","yoast_head_json":{"title":"Impression Publicitaire en Tunisie | Qualit\u00e9-Prix en Tvg-Pub","description":"TVG-PUB vous propose des services d\u2019impression publicitaire en Tunisie personnalis\u00e9, avec qualit\u00e9 et prix raisonnable.","robots":{"index":"index","follow":"follow","max-snippet":"max-snippet:-1","max-image-preview":"max-image-preview:large","max-video-preview":"max-video-preview:-1"},"canonical":"https:\/\/tvgpub.com\/index.php\/conception-et-impression-publicitaire-en-tunisie\/","og_locale":"fr_FR","og_type":"article","og_title":"Impression Publicitaire en Tunisie | Qualit\u00e9-Prix en Tvg-Pub","og_description":"TVG-PUB vous propose des services d\u2019impression publicitaire en Tunisie personnalis\u00e9, avec qualit\u00e9 et prix raisonnable.","og_url":"https:\/\/tvgpub.com\/index.php\/conception-et-impression-publicitaire-en-tunisie\/","article_publisher":"https:\/\/www.facebook.com\/profile.php?id=100054654241442","article_modified_time":"2025-05-04T11:00:52+00:00","og_image":[{"url":"http:\/\/tvgpub.com\/wp-content\/uploads\/2025\/04\/3.png","type":"","width":"","height":""}],"twitter_card":"summary_large_image","twitter_misc":{"Dur\u00e9e de lecture estim\u00e9e":"3 minutes"},"schema":{"@context":"https:\/\/schema.org","@graph":[{"@type":"WebPage","@id":"https:\/\/tvgpub.com\/index.php\/conception-et-impression-publicitaire-en-tunisie\/","url":"https:\/\/tvgpub.com\/index.php\/conception-et-impression-publicitaire-en-tunisie\/","name":"Impression Publicitaire en Tunisie | Qualit\u00e9-Prix en Tvg-Pub","isPartOf":{"@id":"https:\/\/tvgpub.com\/#website"},"primaryImageOfPage":{"@id":"https:\/\/tvgpub.com\/index.php\/conception-et-impression-publicitaire-en-tunisie\/#primaryimage"},"image":{"@id":"https:\/\/tvgpub.com\/index.php\/conception-et-impression-publicitaire-en-tunisie\/#primaryimage"},"thumbnailUrl":"http:\/\/tvgpub.com\/wp-content\/uploads\/2025\/04\/3.png","datePublished":"2025-02-21T13:33:48+00:00","dateModified":"2025-05-04T11:00:52+00:00","description":"TVG-PUB vous propose des services d\u2019impression publicitaire en Tunisie personnalis\u00e9, avec qualit\u00e9 et prix raisonnable.","breadcrumb":{"@id":"https:\/\/tvgpub.com\/index.php\/conception-et-impression-publicitaire-en-tunisie\/#breadcrumb"},"inLanguage":"fr-FR","potentialAction":[{"@type":"ReadAction","target":["https:\/\/tvgpub.com\/index.php\/conception-et-impression-publicitaire-en-tunisie\/"]}]},{"@type":"ImageObject","inLanguage":"fr-FR","@id":"https:\/\/tvgpub.com\/index.php\/conception-et-impression-publicitaire-en-tunisie\/#primaryimage","url":"https:\/\/tvgpub.com\/wp-content\/uploads\/2025\/04\/3.png","contentUrl":"https:\/\/tvgpub.com\/wp-content\/uploads\/2025\/04\/3.png","width":1500,"height":350,"caption":"impression publicitaire en Tunisie"},{"@type":"BreadcrumbList","@id":"https:\/\/tvgpub.com\/index.php\/conception-et-impression-publicitaire-en-tunisie\/#breadcrumb","itemListElement":[{"@type":"ListItem","position":1,"name":"Accueil","item":"https:\/\/tvgpub.com\/"},{"@type":"ListItem","position":2,"name":"Conception et Impression"}]},{"@type":"WebSite","@id":"https:\/\/tvgpub.com\/#website","url":"https:\/\/tvgpub.com\/","name":"tvg-pub","description":"","publisher":{"@id":"https:\/\/tvgpub.com\/#organization"},"potentialAction":[{"@type":"SearchAction","target":{"@type":"EntryPoint","urlTemplate":"https:\/\/tvgpub.com\/?s={search_term_string}"},"query-input":{"@type":"PropertyValueSpecification","valueRequired":true,"valueName":"search_term_string"}}],"inLanguage":"fr-FR"},{"@type":"Organization","@id":"https:\/\/tvgpub.com\/#organization","name":"tvg-pub","url":"https:\/\/tvgpub.com\/","logo":{"@type":"ImageObject","inLanguage":"fr-FR","@id":"https:\/\/tvgpub.com\/#\/schema\/logo\/image\/","url":"https:\/\/tvgpub.com\/wp-content\/uploads\/2025\/02\/received_1260973734993693-removebg-preview.png","contentUrl":"https:\/\/tvgpub.com\/wp-content\/uploads\/2025\/02\/received_1260973734993693-removebg-preview.png","width":621,"height":402,"caption":"tvg-pub"},"image":{"@id":"https:\/\/tvgpub.com\/#\/schema\/logo\/image\/"},"sameAs":["https:\/\/www.facebook.com\/profile.php?id=100054654241442"]}]}},"_links":{"self":[{"href":"https:\/\/tvgpub.com\/index.php\/wp-json\/wp\/v2\/pages\/158","targetHints":{"allow":["GET"]}}],"collection":[{"href":"https:\/\/tvgpub.com\/index.php\/wp-json\/wp\/v2\/pages"}],"about":[{"href":"https:\/\/tvgpub.com\/index.php\/wp-json\/wp\/v2\/types\/page"}],"author":[{"embeddable":true,"href":"https:\/\/tvgpub.com\/index.php\/wp-json\/wp\/v2\/users\/1"}],"replies":[{"embeddable":true,"href":"https:\/\/tvgpub.com\/index.php\/wp-json\/wp\/v2\/comments?post=158"}],"version-history":[{"count":226,"href":"https:\/\/tvgpub.com\/index.php\/wp-json\/wp\/v2\/pages\/158\/revisions"}],"predecessor-version":[{"id":3981,"href":"https:\/\/tvgpub.com\/index.php\/wp-json\/wp\/v2\/pages\/158\/revisions\/3981"}],"wp:attachment":[{"href":"https:\/\/tvgpub.com\/index.php\/wp-json\/wp\/v2\/media?parent=158"}],"curies":[{"name":"wp","href":"https:\/\/api.w.org\/{rel}","templated":true}]}}